{"id":361,"date":"2025-03-21T13:55:35","date_gmt":"2025-03-21T12:55:35","guid":{"rendered":"http:\/\/mail.mi-hrsak.hr\/?page_id=361"},"modified":"2025-04-17T14:56:12","modified_gmt":"2025-04-17T12:56:12","slug":"celicne-konstrukcije-i-montaza","status":"publish","type":"page","link":"https:\/\/mi-hrsak.hr\/sl\/celicne-konstrukcije-i-montaza\/","title":{"rendered":"Jeklene konstrukcije in monta\u017ea"},"content":{"rendered":"<div data-elementor-type=\"wp-page\" data-elementor-id=\"361\" class=\"elementor elementor-361\" data-elementor-post-type=\"page\">\n\t\t\t\t<div class=\"elementor-element elementor-element-5b8af576 animated-slow e-flex e-con-boxed elementor-invisible e-con e-parent\" data-id=\"5b8af576\" data-element_type=\"container\" data-settings=\"{&quot;background_background&quot;:&quot;classic&quot;,&quot;shape_divider_bottom&quot;:&quot;curve&quot;,&quot;shape_divider_bottom_negative&quot;:&quot;yes&quot;,&quot;animation&quot;:&quot;fadeIn&quot;}\">\n\t\t\t\t\t<div class=\"e-con-inner\">\n\t\t\t\t<div class=\"elementor-shape elementor-shape-bottom\" data-negative=\"true\">\n\t\t\t<svg xmlns=\"http:\/\/www.w3.org\/2000\/svg\" viewbox=\"0 0 1000 100\" preserveaspectratio=\"none\">\n\t<path class=\"elementor-shape-fill\" d=\"M500,97C126.7,96.3,0.8,19.8,0,0v100l1000,0V1C1000,19.4,873.3,97.8,500,97z\"\/>\n<\/svg>\t\t<\/div>\n\t\t<div class=\"elementor-element elementor-element-330bd3f6 e-con-full e-flex e-con e-child\" data-id=\"330bd3f6\" data-element_type=\"container\">\n\t\t<div class=\"elementor-element elementor-element-1338c89 e-con-full e-flex e-con e-child\" data-id=\"1338c89\" data-element_type=\"container\" data-settings=\"{&quot;background_background&quot;:&quot;classic&quot;}\">\n\t\t\t\t<div class=\"elementor-element elementor-element-8c8b5a7 elementor-widget-divider--view-line_text elementor-widget-divider--element-align-right elementor-widget elementor-widget-divider\" data-id=\"8c8b5a7\" data-element_type=\"widget\" data-widget_type=\"divider.default\">\n\t\t\t\t<div class=\"elementor-widget-container\">\n\t\t\t\t\t\t\t<div class=\"elementor-divider\">\n\t\t\t<span class=\"elementor-divider-separator\">\n\t\t\t\t\t\t\t<span class=\"elementor-divider__text elementor-divider__element\">\n\t\t\t\tizdelki\t\t\t\t<\/span>\n\t\t\t\t\t\t<\/span>\n\t\t<\/div>\n\t\t\t\t\t\t<\/div>\n\t\t\t\t<\/div>\n\t\t\t\t<div class=\"elementor-element elementor-element-478679f2 elementor-widget elementor-widget-heading\" data-id=\"478679f2\" data-element_type=\"widget\" data-widget_type=\"heading.default\">\n\t\t\t\t<div class=\"elementor-widget-container\">\n\t\t\t\t\t<h1 class=\"elementor-heading-title elementor-size-default\">Jeklene konstrukcije in monta\u017ea<\/h1>\t\t\t\t<\/div>\n\t\t\t\t<\/div>\n\t\t\t\t<\/div>\n\t\t\t\t<\/div>\n\t\t\t\t\t<\/div>\n\t\t\t\t<\/div>\n\t\t<div class=\"elementor-element elementor-element-6958d711 e-flex e-con-boxed e-con e-parent\" data-id=\"6958d711\" data-element_type=\"container\" data-settings=\"{&quot;background_background&quot;:&quot;classic&quot;}\">\n\t\t\t\t\t<div class=\"e-con-inner\">\n\t\t<div class=\"elementor-element elementor-element-54b5baf8 e-con-full e-flex e-con e-child\" data-id=\"54b5baf8\" data-element_type=\"container\">\n\t\t<div class=\"elementor-element elementor-element-5799852c e-con-full animated-slow e-flex elementor-invisible e-con e-child\" data-id=\"5799852c\" data-element_type=\"container\" data-settings=\"{&quot;animation&quot;:&quot;fadeInLeft&quot;}\">\n\t\t\t\t<div class=\"elementor-element elementor-element-54eb82a5 elementor-widget-divider--view-line_text elementor-widget-divider--element-align-right elementor-widget elementor-widget-divider\" data-id=\"54eb82a5\" data-element_type=\"widget\" data-widget_type=\"divider.default\">\n\t\t\t\t<div class=\"elementor-widget-container\">\n\t\t\t\t\t\t\t<div class=\"elementor-divider\">\n\t\t\t<span class=\"elementor-divider-separator\">\n\t\t\t\t\t\t\t<span class=\"elementor-divider__text elementor-divider__element\">\n\t\t\t\tJeklene konstrukcije\t\t\t\t<\/span>\n\t\t\t\t\t\t<\/span>\n\t\t<\/div>\n\t\t\t\t\t\t<\/div>\n\t\t\t\t<\/div>\n\t\t\t\t<div class=\"elementor-element elementor-element-7c236c2c elementor-widget elementor-widget-heading\" data-id=\"7c236c2c\" data-element_type=\"widget\" data-widget_type=\"heading.default\">\n\t\t\t\t<div class=\"elementor-widget-container\">\n\t\t\t\t\t<h3 class=\"elementor-heading-title elementor-size-default\">Proizvodnja vseh vrst jeklenih konstrukcij<\/h3>\t\t\t\t<\/div>\n\t\t\t\t<\/div>\n\t\t\t\t<div class=\"elementor-element elementor-element-69ae5d6a elementor-widget elementor-widget-text-editor\" data-id=\"69ae5d6a\" data-element_type=\"widget\" data-widget_type=\"text-editor.default\">\n\t\t\t\t<div class=\"elementor-widget-container\">\n\t\t\t\t\t\t\t\t\t<p>Zaradi dolgoletnih izku\u0161enj in znanja, pridobljenega v preteklih letih, skoraj ni vrste jeklene konstrukcije, za izdelavo katere ne moremo pripraviti ustrezne ponudbe. Za vse objekte izdelamo ustrezno servisno dokumentacijo - pred pri\u010detkom proizvodnje izdelamo na\u010drt kontrole kakovosti, varilno tehnologijo in AKZ tehnologijo.<\/p><p>Vodijo se dnevnik proizvodnje v delavnici, dnevnik varjenja in dnevnik protikorozijske za\u0161\u010dite. Konstrukcije so podvr\u017eene ve\u010d kontrolam, dokler ne postanejo del kon\u010dnega objekta, vsa proizvodnja pa poteka v na\u0161ih obratih. Dimenzijska kontrola in kontrola zvarov se izvajata v skladu s PKK in zahtevami projekta.<\/p><p>Za pripravo dokumentacije se uporabljajo 3D programi - Modeliranje Tekla in Idea Statika za dimenzioniranje sklepov.<\/p>\t\t\t\t\t\t\t\t<\/div>\n\t\t\t\t<\/div>\n\t\t\t\t<\/div>\n\t\t<div class=\"elementor-element elementor-element-5f11dd9c e-con-full animated-slow e-flex elementor-invisible e-con e-child\" data-id=\"5f11dd9c\" data-element_type=\"container\" data-settings=\"{&quot;animation&quot;:&quot;fadeInRight&quot;}\">\n\t\t\t\t<div class=\"elementor-element elementor-element-7042905b elementor-widget elementor-widget-image\" data-id=\"7042905b\" data-element_type=\"widget\" data-widget_type=\"image.default\">\n\t\t\t\t<div class=\"elementor-widget-container\">\n\t\t\t\t\t\t\t\t\t\t\t\t\t\t\t<img fetchpriority=\"high\" decoding=\"async\" width=\"800\" height=\"783\" src=\"https:\/\/mi-hrsak.hr\/wp-content\/uploads\/2025\/04\/Palfinger-dizalice7-scaled-1-1-1024x1002.jpg\" class=\"attachment-large size-large wp-image-1057\" alt=\"\" srcset=\"https:\/\/mi-hrsak.hr\/wp-content\/uploads\/2025\/04\/Palfinger-dizalice7-scaled-1-1-1024x1002.jpg 1024w, https:\/\/mi-hrsak.hr\/wp-content\/uploads\/2025\/04\/Palfinger-dizalice7-scaled-1-1-300x293.jpg 300w, https:\/\/mi-hrsak.hr\/wp-content\/uploads\/2025\/04\/Palfinger-dizalice7-scaled-1-1-768x751.jpg 768w, https:\/\/mi-hrsak.hr\/wp-content\/uploads\/2025\/04\/Palfinger-dizalice7-scaled-1-1-1536x1502.jpg 1536w, https:\/\/mi-hrsak.hr\/wp-content\/uploads\/2025\/04\/Palfinger-dizalice7-scaled-1-1.jpg 1920w\" sizes=\"(max-width: 800px) 100vw, 800px\" \/>\t\t\t\t\t\t\t\t\t\t\t\t\t\t\t<\/div>\n\t\t\t\t<\/div>\n\t\t\t\t<\/div>\n\t\t\t\t<\/div>\n\t\t\t\t\t<\/div>\n\t\t\t\t<\/div>\n\t\t<div class=\"elementor-element elementor-element-00fddba e-flex e-con-boxed e-con e-parent\" data-id=\"00fddba\" data-element_type=\"container\" data-settings=\"{&quot;background_background&quot;:&quot;classic&quot;}\">\n\t\t\t\t\t<div class=\"e-con-inner\">\n\t\t<div class=\"elementor-element elementor-element-e3a9c82 e-con-full e-flex e-con e-child\" data-id=\"e3a9c82\" data-element_type=\"container\">\n\t\t<div class=\"elementor-element elementor-element-934681f e-con-full animated-slow e-flex elementor-invisible e-con e-child\" data-id=\"934681f\" data-element_type=\"container\" data-settings=\"{&quot;animation&quot;:&quot;fadeInLeft&quot;}\">\n\t\t\t\t<div class=\"elementor-element elementor-element-1a69a20 elementor-widget elementor-widget-image\" data-id=\"1a69a20\" data-element_type=\"widget\" data-widget_type=\"image.default\">\n\t\t\t\t<div class=\"elementor-widget-container\">\n\t\t\t\t\t\t\t\t\t\t\t\t\t\t\t<img decoding=\"async\" width=\"800\" height=\"450\" src=\"https:\/\/mi-hrsak.hr\/wp-content\/uploads\/2025\/04\/Palfinger-dizalice4-scaled-1-1024x576.jpg\" class=\"attachment-large size-large wp-image-1047\" alt=\"\" srcset=\"https:\/\/mi-hrsak.hr\/wp-content\/uploads\/2025\/04\/Palfinger-dizalice4-scaled-1-1024x576.jpg 1024w, https:\/\/mi-hrsak.hr\/wp-content\/uploads\/2025\/04\/Palfinger-dizalice4-scaled-1-300x169.jpg 300w, https:\/\/mi-hrsak.hr\/wp-content\/uploads\/2025\/04\/Palfinger-dizalice4-scaled-1-768x432.jpg 768w, https:\/\/mi-hrsak.hr\/wp-content\/uploads\/2025\/04\/Palfinger-dizalice4-scaled-1-1536x864.jpg 1536w, https:\/\/mi-hrsak.hr\/wp-content\/uploads\/2025\/04\/Palfinger-dizalice4-scaled-1-2048x1152.jpg 2048w\" sizes=\"(max-width: 800px) 100vw, 800px\" \/>\t\t\t\t\t\t\t\t\t\t\t\t\t\t\t<\/div>\n\t\t\t\t<\/div>\n\t\t\t\t<\/div>\n\t\t<div class=\"elementor-element elementor-element-ed8aee1 e-con-full animated-slow e-flex elementor-invisible e-con e-child\" data-id=\"ed8aee1\" data-element_type=\"container\" data-settings=\"{&quot;animation&quot;:&quot;fadeInRight&quot;}\">\n\t\t\t\t<div class=\"elementor-element elementor-element-31be727 elementor-widget-divider--view-line_text elementor-widget-divider--element-align-right elementor-widget elementor-widget-divider\" data-id=\"31be727\" data-element_type=\"widget\" data-widget_type=\"divider.default\">\n\t\t\t\t<div class=\"elementor-widget-container\">\n\t\t\t\t\t\t\t<div class=\"elementor-divider\">\n\t\t\t<span class=\"elementor-divider-separator\">\n\t\t\t\t\t\t\t<span class=\"elementor-divider__text elementor-divider__element\">\n\t\t\t\tIndustrijske zgradbe \t\t\t\t<\/span>\n\t\t\t\t\t\t<\/span>\n\t\t<\/div>\n\t\t\t\t\t\t<\/div>\n\t\t\t\t<\/div>\n\t\t\t\t<div class=\"elementor-element elementor-element-e386be7 elementor-widget elementor-widget-heading\" data-id=\"e386be7\" data-element_type=\"widget\" data-widget_type=\"heading.default\">\n\t\t\t\t<div class=\"elementor-widget-container\">\n\t\t\t\t\t<h3 class=\"elementor-heading-title elementor-size-default\">Izdelava in monta\u017ea celotnih industrijskih objektov<\/h3>\t\t\t\t<\/div>\n\t\t\t\t<\/div>\n\t\t\t\t<div class=\"elementor-element elementor-element-8e2964b elementor-widget elementor-widget-text-editor\" data-id=\"8e2964b\" data-element_type=\"widget\" data-widget_type=\"text-editor.default\">\n\t\t\t\t<div class=\"elementor-widget-container\">\n\t\t\t\t\t\t\t\t\t<p>Od ustanovitve podjetja je bila ve\u010dina poslovanja usmerjena v postavitev objektov, danes pa predstavlja zelo pomembno komponento v poslovanju podjetja. Skozi leta smo se specializirali za proizvodnjo razli\u010dnih vrst kovinskih streh, fasad in jeklenih konstrukcij.<\/p><p>Posebej velja omeniti proizvodnjo in monta\u017eo celotnih proizvodnih in skladi\u0161\u010dnih industrijskih objektov, ki smo jih v preteklih letih poslovanja v velikem \u0161tevilu opravili na doma\u010dem, pa tudi na tujem trgu.<\/p>\t\t\t\t\t\t\t\t<\/div>\n\t\t\t\t<\/div>\n\t\t\t\t<\/div>\n\t\t\t\t<\/div>\n\t\t\t\t\t<\/div>\n\t\t\t\t<\/div>\n\t\t<div class=\"elementor-element elementor-element-d18df8a e-flex e-con-boxed e-con e-parent\" data-id=\"d18df8a\" data-element_type=\"container\" data-settings=\"{&quot;background_background&quot;:&quot;classic&quot;}\">\n\t\t\t\t\t<div class=\"e-con-inner\">\n\t\t<div class=\"elementor-element elementor-element-63023c7 e-con-full animated-slow e-flex elementor-invisible e-con e-child\" data-id=\"63023c7\" data-element_type=\"container\" data-settings=\"{&quot;background_background&quot;:&quot;gradient&quot;,&quot;animation&quot;:&quot;fadeInUp&quot;}\">\n\t\t\t\t<div class=\"elementor-element elementor-element-6c0bfde elementor-widget elementor-widget-heading\" data-id=\"6c0bfde\" data-element_type=\"widget\" data-widget_type=\"heading.default\">\n\t\t\t\t<div class=\"elementor-widget-container\">\n\t\t\t\t\t<h2 class=\"elementor-heading-title elementor-size-default\">Potrdila:<\/h2>\t\t\t\t<\/div>\n\t\t\t\t<\/div>\n\t\t\t\t<div class=\"elementor-element elementor-element-db99c3a elementor-icon-list--layout-inline elementor-align-center elementor-list-item-link-full_width elementor-widget elementor-widget-icon-list\" data-id=\"db99c3a\" data-element_type=\"widget\" data-widget_type=\"icon-list.default\">\n\t\t\t\t<div class=\"elementor-widget-container\">\n\t\t\t\t\t\t\t<ul class=\"elementor-icon-list-items elementor-inline-items\">\n\t\t\t\t\t\t\t<li class=\"elementor-icon-list-item elementor-inline-item\">\n\t\t\t\t\t\t\t\t\t\t\t<span class=\"elementor-icon-list-icon\">\n\t\t\t\t\t\t\t<svg aria-hidden=\"true\" class=\"e-font-icon-svg e-fas-caret-right\" viewbox=\"0 0 192 512\" xmlns=\"http:\/\/www.w3.org\/2000\/svg\"><path d=\"M0 384.662V127.338c0-17.818 21.543-26.741 34.142-14.142l128.662 128.662c7.81 7.81 7.81 20.474 0 28.284L34.142 398.804C21.543 411.404 0 402.48 0 384.662z\"><\/path><\/svg>\t\t\t\t\t\t<\/span>\n\t\t\t\t\t\t\t\t\t\t<span class=\"elementor-icon-list-text\">ISO 9001:2015<\/span>\n\t\t\t\t\t\t\t\t\t<\/li>\n\t\t\t\t\t\t\t\t<li class=\"elementor-icon-list-item elementor-inline-item\">\n\t\t\t\t\t\t\t\t\t\t\t<span class=\"elementor-icon-list-icon\">\n\t\t\t\t\t\t\t<svg aria-hidden=\"true\" class=\"e-font-icon-svg e-fas-caret-right\" viewbox=\"0 0 192 512\" xmlns=\"http:\/\/www.w3.org\/2000\/svg\"><path d=\"M0 384.662V127.338c0-17.818 21.543-26.741 34.142-14.142l128.662 128.662c7.81 7.81 7.81 20.474 0 28.284L34.142 398.804C21.543 411.404 0 402.48 0 384.662z\"><\/path><\/svg>\t\t\t\t\t\t<\/span>\n\t\t\t\t\t\t\t\t\t\t<span class=\"elementor-icon-list-text\">EN 1090-2:2008<\/span>\n\t\t\t\t\t\t\t\t\t<\/li>\n\t\t\t\t\t\t\t\t<li class=\"elementor-icon-list-item elementor-inline-item\">\n\t\t\t\t\t\t\t\t\t\t\t<span class=\"elementor-icon-list-icon\">\n\t\t\t\t\t\t\t<svg aria-hidden=\"true\" class=\"e-font-icon-svg e-fas-caret-right\" viewbox=\"0 0 192 512\" xmlns=\"http:\/\/www.w3.org\/2000\/svg\"><path d=\"M0 384.662V127.338c0-17.818 21.543-26.741 34.142-14.142l128.662 128.662c7.81 7.81 7.81 20.474 0 28.284L34.142 398.804C21.543 411.404 0 402.48 0 384.662z\"><\/path><\/svg>\t\t\t\t\t\t<\/span>\n\t\t\t\t\t\t\t\t\t\t<span class=\"elementor-icon-list-text\">EN 14782:2006<\/span>\n\t\t\t\t\t\t\t\t\t<\/li>\n\t\t\t\t\t\t\t\t<li class=\"elementor-icon-list-item elementor-inline-item\">\n\t\t\t\t\t\t\t\t\t\t\t<span class=\"elementor-icon-list-icon\">\n\t\t\t\t\t\t\t<svg aria-hidden=\"true\" class=\"e-font-icon-svg e-fas-caret-right\" viewbox=\"0 0 192 512\" xmlns=\"http:\/\/www.w3.org\/2000\/svg\"><path d=\"M0 384.662V127.338c0-17.818 21.543-26.741 34.142-14.142l128.662 128.662c7.81 7.81 7.81 20.474 0 28.284L34.142 398.804C21.543 411.404 0 402.48 0 384.662z\"><\/path><\/svg>\t\t\t\t\t\t<\/span>\n\t\t\t\t\t\t\t\t\t\t<span class=\"elementor-icon-list-text\">EN 14509:2013<\/span>\n\t\t\t\t\t\t\t\t\t<\/li>\n\t\t\t\t\t\t\t\t<li class=\"elementor-icon-list-item elementor-inline-item\">\n\t\t\t\t\t\t\t\t\t\t\t<span class=\"elementor-icon-list-icon\">\n\t\t\t\t\t\t\t<svg aria-hidden=\"true\" class=\"e-font-icon-svg e-fas-caret-right\" viewbox=\"0 0 192 512\" xmlns=\"http:\/\/www.w3.org\/2000\/svg\"><path d=\"M0 384.662V127.338c0-17.818 21.543-26.741 34.142-14.142l128.662 128.662c7.81 7.81 7.81 20.474 0 28.284L34.142 398.804C21.543 411.404 0 402.48 0 384.662z\"><\/path><\/svg>\t\t\t\t\t\t<\/span>\n\t\t\t\t\t\t\t\t\t\t<span class=\"elementor-icon-list-text\">EN ISO 3834-2:2007<\/span>\n\t\t\t\t\t\t\t\t\t<\/li>\n\t\t\t\t\t\t<\/ul>\n\t\t\t\t\t\t<\/div>\n\t\t\t\t<\/div>\n\t\t\t\t<\/div>\n\t\t\t\t\t<\/div>\n\t\t\t\t<\/div>\n\t\t<div class=\"elementor-element elementor-element-58831542 animated-slow e-flex e-con-boxed elementor-invisible e-con e-parent\" data-id=\"58831542\" data-element_type=\"container\" data-settings=\"{&quot;background_background&quot;:&quot;classic&quot;,&quot;animation&quot;:&quot;fadeInUp&quot;}\">\n\t\t\t\t\t<div class=\"e-con-inner\">\n\t\t<div class=\"elementor-element elementor-element-1da44d1f e-con-full e-flex e-con e-child\" data-id=\"1da44d1f\" data-element_type=\"container\">\n\t\t\t\t<div class=\"elementor-element elementor-element-28aa7fab elementor-widget elementor-widget-heading\" data-id=\"28aa7fab\" data-element_type=\"widget\" data-widget_type=\"heading.default\">\n\t\t\t\t<div class=\"elementor-widget-container\">\n\t\t\t\t\t<h1 class=\"elementor-heading-title elementor-size-default\">Vas zanima sodelovanje? Stopimo v stik!<\/h1>\t\t\t\t<\/div>\n\t\t\t\t<\/div>\n\t\t\t\t<div class=\"elementor-element elementor-element-2c051bea elementor-widget elementor-widget-button\" data-id=\"2c051bea\" data-element_type=\"widget\" data-widget_type=\"button.default\">\n\t\t\t\t<div class=\"elementor-widget-container\">\n\t\t\t\t\t\t\t\t\t<div class=\"elementor-button-wrapper\">\n\t\t\t\t\t<a class=\"elementor-button elementor-button-link elementor-size-sm\" href=\"https:\/\/mi-hrsak.hr\/sl\/kontakt\/\">\n\t\t\t\t\t\t<span class=\"elementor-button-content-wrapper\">\n\t\t\t\t\t\t\t\t\t<span class=\"elementor-button-text\">Stik z nami<\/span>\n\t\t\t\t\t<\/span>\n\t\t\t\t\t<\/a>\n\t\t\t\t<\/div>\n\t\t\t\t\t\t\t\t<\/div>\n\t\t\t\t<\/div>\n\t\t\t\t<\/div>\n\t\t\t\t\t<\/div>\n\t\t\t\t<\/div>\n\t\t\t\t<\/div>","protected":false},"excerpt":{"rendered":"<p>Izdelki Jeklene konstrukcije Proizvodnja vseh vrst jeklenih konstrukcij Zahvaljujo\u010d dolgoletnim izku\u0161njam in znanju, pridobljenem v preteklih letih, skoraj ni vrste jeklene konstrukcije, za proizvodnjo katere ne moremo zagotoviti ustrezne ponudbe. Za vse obrate se pripravi ustrezna dokumentacija servisne delavnice \u2013 pred za\u010detkom proizvodnje [...] se pripravijo na\u010drt nadzora kakovosti, varilna tehnologija in tehnologija.<\/p>","protected":false},"author":1,"featured_media":0,"parent":0,"menu_order":0,"comment_status":"closed","ping_status":"closed","template":"elementor_header_footer","meta":{"footnotes":""},"class_list":["post-361","page","type-page","status-publish","hentry"],"yoast_head":"<!-- This site is optimized with the Yoast SEO plugin v24.9 - https:\/\/yoast.com\/wordpress\/plugins\/seo\/ -->\n<title>\u010celi\u010dne konstrukcije i monta\u017ea - M.I. Hr\u0161ak<\/title>\n<meta name=\"robots\" content=\"index, follow, max-snippet:-1, max-image-preview:large, max-video-preview:-1\" \/>\n<link rel=\"canonical\" href=\"https:\/\/mi-hrsak.hr\/sl\/celicne-konstrukcije-i-montaza\/\" \/>\n<meta property=\"og:locale\" content=\"sl_SI\" \/>\n<meta property=\"og:type\" content=\"article\" \/>\n<meta property=\"og:title\" content=\"\u010celi\u010dne konstrukcije i monta\u017ea - M.I. Hr\u0161ak\" \/>\n<meta property=\"og:description\" content=\"proizvodi \u010celi\u010dne konstrukcije Izrada svih vrsta \u010deli\u010dnih konstrukcija Zahvaljuju\u0107i dugogodi\u0161njem iskustvu, kao i znanjima ste\u010denim kroz godine, gotovo da i ne postoji vrsta \u010deli\u010dne konstrukcije za \u010diju izradu nismo u mogu\u0107nosti dati odgovaraju\u0107u ponudu. Za sve objekte izra\u0111uje se odgovaraju\u0107a radioni\u010dka dokumentacija \u2013 prije po\u010detka proizvodnje radi se plan kontrole kakvo\u0107e, tehnologije zavarivanja i tehnologije [&hellip;]\" \/>\n<meta property=\"og:url\" content=\"https:\/\/mi-hrsak.hr\/sl\/celicne-konstrukcije-i-montaza\/\" \/>\n<meta property=\"og:site_name\" content=\"M.I. Hr\u0161ak\" \/>\n<meta property=\"article:modified_time\" content=\"2025-04-17T12:56:12+00:00\" \/>\n<meta property=\"og:image\" content=\"http:\/\/mail.mi-hrsak.hr\/wp-content\/uploads\/2025\/04\/Palfinger-dizalice7-scaled-1-1-1024x1002.jpg\" \/>\n<meta name=\"twitter:card\" content=\"summary_large_image\" \/>\n<meta name=\"twitter:label1\" content=\"Est. reading time\" \/>\n\t<meta name=\"twitter:data1\" content=\"2 minuti\" \/>\n<script type=\"application\/ld+json\" class=\"yoast-schema-graph\">{\"@context\":\"https:\/\/schema.org\",\"@graph\":[{\"@type\":\"WebPage\",\"@id\":\"https:\/\/mi-hrsak.hr\/sl\/celicne-konstrukcije-i-montaza\/\",\"url\":\"https:\/\/mi-hrsak.hr\/sl\/celicne-konstrukcije-i-montaza\/\",\"name\":\"\u010celi\u010dne konstrukcije i monta\u017ea - M.I. Hr\u0161ak\",\"isPartOf\":{\"@id\":\"https:\/\/mi-hrsak.hr\/#website\"},\"primaryImageOfPage\":{\"@id\":\"https:\/\/mi-hrsak.hr\/sl\/celicne-konstrukcije-i-montaza\/#primaryimage\"},\"image\":{\"@id\":\"https:\/\/mi-hrsak.hr\/sl\/celicne-konstrukcije-i-montaza\/#primaryimage\"},\"thumbnailUrl\":\"http:\/\/mail.mi-hrsak.hr\/wp-content\/uploads\/2025\/04\/Palfinger-dizalice7-scaled-1-1-1024x1002.jpg\",\"datePublished\":\"2025-03-21T12:55:35+00:00\",\"dateModified\":\"2025-04-17T12:56:12+00:00\",\"breadcrumb\":{\"@id\":\"https:\/\/mi-hrsak.hr\/sl\/celicne-konstrukcije-i-montaza\/#breadcrumb\"},\"inLanguage\":\"sl-SI\",\"potentialAction\":[{\"@type\":\"ReadAction\",\"target\":[\"https:\/\/mi-hrsak.hr\/sl\/celicne-konstrukcije-i-montaza\/\"]}]},{\"@type\":\"ImageObject\",\"inLanguage\":\"sl-SI\",\"@id\":\"https:\/\/mi-hrsak.hr\/sl\/celicne-konstrukcije-i-montaza\/#primaryimage\",\"url\":\"http:\/\/mail.mi-hrsak.hr\/wp-content\/uploads\/2025\/04\/Palfinger-dizalice7-scaled-1-1-1024x1002.jpg\",\"contentUrl\":\"http:\/\/mail.mi-hrsak.hr\/wp-content\/uploads\/2025\/04\/Palfinger-dizalice7-scaled-1-1-1024x1002.jpg\"},{\"@type\":\"BreadcrumbList\",\"@id\":\"https:\/\/mi-hrsak.hr\/sl\/celicne-konstrukcije-i-montaza\/#breadcrumb\",\"itemListElement\":[{\"@type\":\"ListItem\",\"position\":1,\"name\":\"Po\u010detna stranica\",\"item\":\"https:\/\/mi-hrsak.hr\/\"},{\"@type\":\"ListItem\",\"position\":2,\"name\":\"\u010celi\u010dne konstrukcije i monta\u017ea\"}]},{\"@type\":\"WebSite\",\"@id\":\"https:\/\/mi-hrsak.hr\/#website\",\"url\":\"https:\/\/mi-hrsak.hr\/\",\"name\":\"M.I. Hr\u0161ak\",\"description\":\"\",\"publisher\":{\"@id\":\"https:\/\/mi-hrsak.hr\/#organization\"},\"potentialAction\":[{\"@type\":\"SearchAction\",\"target\":{\"@type\":\"EntryPoint\",\"urlTemplate\":\"https:\/\/mi-hrsak.hr\/?s={search_term_string}\"},\"query-input\":{\"@type\":\"PropertyValueSpecification\",\"valueRequired\":true,\"valueName\":\"search_term_string\"}}],\"inLanguage\":\"sl-SI\"},{\"@type\":\"Organization\",\"@id\":\"https:\/\/mi-hrsak.hr\/#organization\",\"name\":\"M.I. Hr\u0161ak\",\"url\":\"https:\/\/mi-hrsak.hr\/\",\"logo\":{\"@type\":\"ImageObject\",\"inLanguage\":\"sl-SI\",\"@id\":\"https:\/\/mi-hrsak.hr\/#\/schema\/logo\/image\/\",\"url\":\"https:\/\/mi-hrsak.hr\/wp-content\/uploads\/2025\/03\/M.I.-Hrsak-logo.png\",\"contentUrl\":\"https:\/\/mi-hrsak.hr\/wp-content\/uploads\/2025\/03\/M.I.-Hrsak-logo.png\",\"width\":3444,\"height\":879,\"caption\":\"M.I. Hr\u0161ak\"},\"image\":{\"@id\":\"https:\/\/mi-hrsak.hr\/#\/schema\/logo\/image\/\"}}]}<\/script>\n<!-- \/ Yoast SEO plugin. -->","yoast_head_json":{"title":"\u010celi\u010dne konstrukcije i monta\u017ea - M.I. Hr\u0161ak","robots":{"index":"index","follow":"follow","max-snippet":"max-snippet:-1","max-image-preview":"max-image-preview:large","max-video-preview":"max-video-preview:-1"},"canonical":"https:\/\/mi-hrsak.hr\/sl\/celicne-konstrukcije-i-montaza\/","og_locale":"sl_SI","og_type":"article","og_title":"\u010celi\u010dne konstrukcije i monta\u017ea - M.I. Hr\u0161ak","og_description":"proizvodi \u010celi\u010dne konstrukcije Izrada svih vrsta \u010deli\u010dnih konstrukcija Zahvaljuju\u0107i dugogodi\u0161njem iskustvu, kao i znanjima ste\u010denim kroz godine, gotovo da i ne postoji vrsta \u010deli\u010dne konstrukcije za \u010diju izradu nismo u mogu\u0107nosti dati odgovaraju\u0107u ponudu. Za sve objekte izra\u0111uje se odgovaraju\u0107a radioni\u010dka dokumentacija \u2013 prije po\u010detka proizvodnje radi se plan kontrole kakvo\u0107e, tehnologije zavarivanja i tehnologije [&hellip;]","og_url":"https:\/\/mi-hrsak.hr\/sl\/celicne-konstrukcije-i-montaza\/","og_site_name":"M.I. Hr\u0161ak","article_modified_time":"2025-04-17T12:56:12+00:00","og_image":[{"url":"http:\/\/mail.mi-hrsak.hr\/wp-content\/uploads\/2025\/04\/Palfinger-dizalice7-scaled-1-1-1024x1002.jpg","type":"","width":"","height":""}],"twitter_card":"summary_large_image","twitter_misc":{"Est. reading time":"2 minuti"},"schema":{"@context":"https:\/\/schema.org","@graph":[{"@type":"WebPage","@id":"https:\/\/mi-hrsak.hr\/sl\/celicne-konstrukcije-i-montaza\/","url":"https:\/\/mi-hrsak.hr\/sl\/celicne-konstrukcije-i-montaza\/","name":"\u010celi\u010dne konstrukcije i monta\u017ea - M.I. Hr\u0161ak","isPartOf":{"@id":"https:\/\/mi-hrsak.hr\/#website"},"primaryImageOfPage":{"@id":"https:\/\/mi-hrsak.hr\/sl\/celicne-konstrukcije-i-montaza\/#primaryimage"},"image":{"@id":"https:\/\/mi-hrsak.hr\/sl\/celicne-konstrukcije-i-montaza\/#primaryimage"},"thumbnailUrl":"http:\/\/mail.mi-hrsak.hr\/wp-content\/uploads\/2025\/04\/Palfinger-dizalice7-scaled-1-1-1024x1002.jpg","datePublished":"2025-03-21T12:55:35+00:00","dateModified":"2025-04-17T12:56:12+00:00","breadcrumb":{"@id":"https:\/\/mi-hrsak.hr\/sl\/celicne-konstrukcije-i-montaza\/#breadcrumb"},"inLanguage":"sl-SI","potentialAction":[{"@type":"ReadAction","target":["https:\/\/mi-hrsak.hr\/sl\/celicne-konstrukcije-i-montaza\/"]}]},{"@type":"ImageObject","inLanguage":"sl-SI","@id":"https:\/\/mi-hrsak.hr\/sl\/celicne-konstrukcije-i-montaza\/#primaryimage","url":"http:\/\/mail.mi-hrsak.hr\/wp-content\/uploads\/2025\/04\/Palfinger-dizalice7-scaled-1-1-1024x1002.jpg","contentUrl":"http:\/\/mail.mi-hrsak.hr\/wp-content\/uploads\/2025\/04\/Palfinger-dizalice7-scaled-1-1-1024x1002.jpg"},{"@type":"BreadcrumbList","@id":"https:\/\/mi-hrsak.hr\/sl\/celicne-konstrukcije-i-montaza\/#breadcrumb","itemListElement":[{"@type":"ListItem","position":1,"name":"Po\u010detna stranica","item":"https:\/\/mi-hrsak.hr\/"},{"@type":"ListItem","position":2,"name":"\u010celi\u010dne konstrukcije i monta\u017ea"}]},{"@type":"WebSite","@id":"https:\/\/mi-hrsak.hr\/#website","url":"https:\/\/mi-hrsak.hr\/","name":"M.I. Hr\u0161ak","description":"","publisher":{"@id":"https:\/\/mi-hrsak.hr\/#organization"},"potentialAction":[{"@type":"SearchAction","target":{"@type":"EntryPoint","urlTemplate":"https:\/\/mi-hrsak.hr\/?s={search_term_string}"},"query-input":{"@type":"PropertyValueSpecification","valueRequired":true,"valueName":"search_term_string"}}],"inLanguage":"sl-SI"},{"@type":"Organization","@id":"https:\/\/mi-hrsak.hr\/#organization","name":"M.I. Hr\u0161ak","url":"https:\/\/mi-hrsak.hr\/","logo":{"@type":"ImageObject","inLanguage":"sl-SI","@id":"https:\/\/mi-hrsak.hr\/#\/schema\/logo\/image\/","url":"https:\/\/mi-hrsak.hr\/wp-content\/uploads\/2025\/03\/M.I.-Hrsak-logo.png","contentUrl":"https:\/\/mi-hrsak.hr\/wp-content\/uploads\/2025\/03\/M.I.-Hrsak-logo.png","width":3444,"height":879,"caption":"M.I. Hr\u0161ak"},"image":{"@id":"https:\/\/mi-hrsak.hr\/#\/schema\/logo\/image\/"}}]}},"jetpack_sharing_enabled":true,"_links":{"self":[{"href":"https:\/\/mi-hrsak.hr\/sl\/wp-json\/wp\/v2\/pages\/361","targetHints":{"allow":["GET"]}}],"collection":[{"href":"https:\/\/mi-hrsak.hr\/sl\/wp-json\/wp\/v2\/pages"}],"about":[{"href":"https:\/\/mi-hrsak.hr\/sl\/wp-json\/wp\/v2\/types\/page"}],"author":[{"embeddable":true,"href":"https:\/\/mi-hrsak.hr\/sl\/wp-json\/wp\/v2\/users\/1"}],"replies":[{"embeddable":true,"href":"https:\/\/mi-hrsak.hr\/sl\/wp-json\/wp\/v2\/comments?post=361"}],"version-history":[{"count":53,"href":"https:\/\/mi-hrsak.hr\/sl\/wp-json\/wp\/v2\/pages\/361\/revisions"}],"predecessor-version":[{"id":1060,"href":"https:\/\/mi-hrsak.hr\/sl\/wp-json\/wp\/v2\/pages\/361\/revisions\/1060"}],"wp:attachment":[{"href":"https:\/\/mi-hrsak.hr\/sl\/wp-json\/wp\/v2\/media?parent=361"}],"curies":[{"name":"wp","href":"https:\/\/api.w.org\/{rel}","templated":true}]}}