{"id":3,"date":"2025-03-20T15:42:24","date_gmt":"2025-03-20T14:42:24","guid":{"rendered":"http:\/\/mail.mi-hrsak.hr\/?page_id=3"},"modified":"2025-04-18T18:47:20","modified_gmt":"2025-04-18T16:47:20","slug":"pravila-privatnosti","status":"publish","type":"page","link":"https:\/\/mi-hrsak.hr\/sk\/pravila-privatnosti\/","title":{"rendered":"Z\u00e1sady ochrany osobn\u00fdch \u00fadajov"},"content":{"rendered":"<div data-elementor-type=\"wp-page\" data-elementor-id=\"3\" class=\"elementor elementor-3\" data-elementor-post-type=\"page\">\n\t\t\t\t<div class=\"elementor-element elementor-element-66266f2c animated-slow e-flex e-con-boxed elementor-invisible e-con e-parent\" data-id=\"66266f2c\" data-element_type=\"container\" data-settings=\"{&quot;background_background&quot;:&quot;classic&quot;,&quot;shape_divider_bottom&quot;:&quot;curve&quot;,&quot;shape_divider_bottom_negative&quot;:&quot;yes&quot;,&quot;animation&quot;:&quot;fadeIn&quot;}\">\n\t\t\t\t\t<div class=\"e-con-inner\">\n\t\t\t\t<div class=\"elementor-shape elementor-shape-bottom\" data-negative=\"true\">\n\t\t\t<svg xmlns=\"http:\/\/www.w3.org\/2000\/svg\" viewbox=\"0 0 1000 100\" preserveaspectratio=\"none\">\n\t<path class=\"elementor-shape-fill\" d=\"M500,97C126.7,96.3,0.8,19.8,0,0v100l1000,0V1C1000,19.4,873.3,97.8,500,97z\"\/>\n<\/svg>\t\t<\/div>\n\t\t<div class=\"elementor-element elementor-element-5c2bd264 e-con-full e-flex e-con e-child\" data-id=\"5c2bd264\" data-element_type=\"container\">\n\t\t<div class=\"elementor-element elementor-element-6fd6179 e-con-full e-flex e-con e-child\" data-id=\"6fd6179\" data-element_type=\"container\" data-settings=\"{&quot;background_background&quot;:&quot;classic&quot;}\">\n\t\t\t\t<div class=\"elementor-element elementor-element-753e6d35 elementor-widget elementor-widget-heading\" data-id=\"753e6d35\" data-element_type=\"widget\" data-widget_type=\"heading.default\">\n\t\t\t\t<div class=\"elementor-widget-container\">\n\t\t\t\t\t<h1 class=\"elementor-heading-title elementor-size-default\">Z\u00e1sady ochrany osobn\u00fdch \u00fadajov<\/h1>\t\t\t\t<\/div>\n\t\t\t\t<\/div>\n\t\t\t\t<\/div>\n\t\t\t\t<\/div>\n\t\t\t\t\t<\/div>\n\t\t\t\t<\/div>\n\t\t<div class=\"elementor-element elementor-element-31f3109 e-flex e-con-boxed e-con e-parent\" data-id=\"31f3109\" data-element_type=\"container\">\n\t\t\t\t\t<div class=\"e-con-inner\">\n\t\t\t\t<div class=\"elementor-element elementor-element-c7553e9 elementor-widget elementor-widget-text-editor\" data-id=\"c7553e9\" data-element_type=\"widget\" data-widget_type=\"text-editor.default\">\n\t\t\t\t<div class=\"elementor-widget-container\">\n\t\t\t\t\t\t\t\t\t<p><strong>Inform\u00e1cie, ktor\u00e9 sa maj\u00fa zhroma\u017e\u010fova\u0165<\/strong><br \/>Pr\u00edstup na webov\u00fa str\u00e1nku mi-hrsak.hr je bezplatn\u00fd a registr\u00e1cia nie je potrebn\u00e1. Kontaktovan\u00edm prostredn\u00edctvom kontaktn\u00fdch formul\u00e1rov alebo e-mailom vypln\u00edte svoje \u00fadaje. Tieto \u00fadaje s\u00fa k dispoz\u00edcii len na mi-hrsak.hr, na ktor\u00e9 s\u00fa ur\u010den\u00e9 na \u00fa\u010dely vyrie\u0161enia v\u00e1\u0161ho dotazu. Poskytnutie va\u0161ich osobn\u00fdch \u00fadajov je dobrovo\u013en\u00e9. Nespracov\u00e1vame viac osobn\u00fdch \u00fadajov, ako je skuto\u010dne potrebn\u00e9 na zodpovedanie va\u0161ej ot\u00e1zky.<\/p><p><strong>OCHRANA OSOBN\u00ddCH \u00daDAJOV<\/strong><br \/>mi-hrsak.hr re\u0161pektuje va\u0161e s\u00fakromie a sprac\u00fava va\u0161e osobn\u00e9 \u00fadaje spravodlivo a z\u00e1konne. Va\u0161e osobn\u00e9 \u00fadaje uchov\u00e1vame v elektronickej forme a na \u00fa\u010dely ochrany uplat\u0148ujeme primeran\u00e9 technick\u00e9 a organiza\u010dn\u00e9 opatrenia na ochranu osobn\u00fdch \u00fadajov a postupy, aby sme zabr\u00e1nili neopr\u00e1vnen\u00e9mu pr\u00edstupu k osobn\u00fdm \u00fadajom.<\/p><p><strong>COOKIES<\/strong><br \/>Webov\u00e1 str\u00e1nka www.mi-hrsak.hr pou\u017e\u00edva tzv. \"cookies\". \u201ecookies\u201c) s cie\u013eom poskytn\u00fa\u0165 pou\u017e\u00edvate\u013eovi slu\u017ebu s plnou funk\u010dnos\u0165ou a najvy\u0161\u0161ou kvalitou obsahu. S\u00fabory cookie s\u00fa s\u00faborom \u00fadajov generovan\u00fdch webov\u00fdm serverom a ulo\u017een\u00fdch webov\u00fdm prehliada\u010dom na disku pou\u017e\u00edvate\u013ea vo forme mal\u00e9ho textov\u00e9ho s\u00faboru. Neust\u00e1le sa sna\u017e\u00edme poskytova\u0165 na\u0161im pou\u017e\u00edvate\u013eom \u010do najlep\u0161iu pou\u017e\u00edvate\u013esk\u00fa sk\u00fasenos\u0165, preto je potrebn\u00e9 poznamena\u0165, \u017ee na\u0161e webov\u00e9 str\u00e1nky funguj\u00fa optim\u00e1lne len vtedy, ak s\u00fa povolen\u00e9 s\u00fabory cookie. Na pou\u017e\u00edvanie s\u00faborov cookie v s\u00falade so z\u00e1konom o elektronick\u00fdch komunik\u00e1ci\u00e1ch, z\u00e1konom o ochrane osobn\u00fdch \u00fadajov a smernicami E\u00da potrebujeme v\u00e1\u0161 s\u00fahlas. Pou\u017e\u00edvan\u00edm tejto webovej str\u00e1nky d\u00e1vate svoj s\u00fahlas a s\u00fahlas s pou\u017e\u00edvan\u00edm s\u00faborov cookie. Zablokovan\u00edm s\u00faborov cookie m\u00f4\u017eete na\u010falej prehliada\u0165 str\u00e1nku, ale niektor\u00e9 jej funkcie v\u00e1m nebud\u00fa k dispoz\u00edcii.<\/p><p><strong>Obsah budov s in\u00fdmi webov\u00fdmi str\u00e1nkami<\/strong><br \/>\u010cl\u00e1nky na tejto webovej str\u00e1nke m\u00f4\u017eu obsahova\u0165 vlo\u017een\u00fd obsah (napr. vide\u00e1, obr\u00e1zky, \u010dl\u00e1nky at\u010f.). Vlo\u017een\u00fd obsah z in\u00fdch webov\u00fdch str\u00e1nok sa spr\u00e1va rovnako, ako keby n\u00e1v\u0161tevn\u00edk nav\u0161t\u00edvil t\u00fato in\u00fa webov\u00fa str\u00e1nku.<\/p><p><strong>OCHRANN\u00c9 OPATRENIA<\/strong><br \/>Spolo\u010dnos\u0165 Mi-hrsak.hr pou\u017e\u00edva technologick\u00e9 a bezpe\u010dnostn\u00e9 opatrenia, pravidl\u00e1 a in\u00e9 postupy na ochranu osobn\u00fdch \u00fadajov pou\u017e\u00edvate\u013eov tejto str\u00e1nky pred neopr\u00e1vnen\u00fdm pr\u00edstupom, zneu\u017eit\u00edm, zverejnen\u00edm, stratou alebo zni\u010den\u00edm. Aby sme ochr\u00e1nili d\u00f4vernos\u0165 inform\u00e1ci\u00ed o pou\u017e\u00edvate\u013eoch str\u00e1nky, pou\u017e\u00edvame \u0161tandardn\u00e9 bezpe\u010dnostn\u00e9 opatrenia, ako je firewall a ochrana heslom. Pou\u017e\u00edvate\u013e je v\u0161ak povinn\u00fd zabezpe\u010di\u0165, aby po\u010d\u00edta\u010d, ktor\u00fd pou\u017e\u00edva, bol tie\u017e bezpe\u010dn\u00fd a chr\u00e1nen\u00fd pred \u0161kodliv\u00fdm softv\u00e9rom, ako s\u00fa tr\u00f3jske kone, po\u010d\u00edta\u010dov\u00e9 v\u00edrusy a \u010dervy. Pou\u017e\u00edvate\u013e webovej str\u00e1nky si je vedom\u00fd, \u017ee bez primeran\u00fdch bezpe\u010dnostn\u00fdch opatren\u00ed (napr\u00edklad bezpe\u010dn\u00e1 konfigur\u00e1cia internetov\u00e9ho prehliada\u010da, aktualizovan\u00e9 antiv\u00edrusov\u00e9 programy, programy osobn\u00e9ho firewallu, nepou\u017e\u00edvanie programov z podozriv\u00fdch zdrojov) existuje riziko, \u017ee \u00fadaje a hesl\u00e1 pou\u017eit\u00e9 na zabr\u00e1nenie pr\u00edstupu k osobn\u00fdm \u00fadajom m\u00f4\u017eu by\u0165 spr\u00edstupnen\u00e9 neopr\u00e1vnen\u00fdm tret\u00edm stran\u00e1m.<\/p><p><strong>\u0160TATISTIKA OBCHODU<\/strong><br \/>T\u00e1to webov\u00e1 str\u00e1nka pou\u017e\u00edva slu\u017ebu Google Analytics na meranie \u0161tatist\u00edk n\u00e1v\u0161tevn\u00edkov.<\/p><p><strong>Obmedzenie zodpovednosti<\/strong><br \/>Hoci prij\u00edmame dostupn\u00e9 technick\u00e9 a organiza\u010dn\u00e9 opatrenia, aby sme zabr\u00e1nili neopr\u00e1vnen\u00e9mu zverejneniu va\u0161ich osobn\u00fdch \u00fadajov, nem\u00f4\u017eeme zaru\u010di\u0165, \u017ee niektor\u00e9 osobn\u00e9 \u00fadaje, ktor\u00e9 zhroma\u017e\u010fujeme, nebud\u00fa nikdy n\u00e1hodne zverejnen\u00e9, \u010do je v rozpore s ustanoveniami t\u00fdchto z\u00e1sad ochrany osobn\u00fdch \u00fadajov. V maxim\u00e1lnom rozsahu povolenom z\u00e1konom vylu\u010dujeme zodpovednos\u0165 za \u0161kody sp\u00f4soben\u00e9 pou\u017e\u00edvate\u013eom alebo tret\u00edm stran\u00e1m n\u00e1hodn\u00fdm zverejnen\u00edm osobn\u00fdch \u00fadajov.<\/p>\t\t\t\t\t\t\t\t<\/div>\n\t\t\t\t<\/div>\n\t\t\t\t\t<\/div>\n\t\t\t\t<\/div>\n\t\t\t\t<\/div>","protected":false},"excerpt":{"rendered":"<p>Pr\u00edstup na webov\u00fa str\u00e1nku mi-hrsak.hr je bezplatn\u00fd a registr\u00e1cia nie je potrebn\u00e1. Kontaktovan\u00edm prostredn\u00edctvom kontaktn\u00fdch formul\u00e1rov alebo e-mailom vypln\u00edte svoje \u00fadaje. Tieto \u00fadaje s\u00fa k dispoz\u00edcii len na mi-hrsak.hr, na ktor\u00e9 s\u00fa ur\u010den\u00e9 na \u00fa\u010dely vyrie\u0161enia v\u00e1\u0161ho dotazu. Poskytnutie va\u0161ich osobn\u00fdch \u00fadajov je dobrovo\u013en\u00e9. Nespracov\u00e1vame viac osobn\u00fdch \u00fadajov, ako je skuto\u010dne potrebn\u00e9 na zodpovedanie [...]<\/p>","protected":false},"author":1,"featured_media":0,"parent":0,"menu_order":0,"comment_status":"closed","ping_status":"closed","template":"elementor_header_footer","meta":{"footnotes":""},"class_list":["post-3","page","type-page","status-publish","hentry"],"yoast_head":"<!-- This site is optimized with the Yoast SEO plugin v24.9 - https:\/\/yoast.com\/wordpress\/plugins\/seo\/ -->\n<title>Pravila privatnosti - M.I. Hr\u0161ak<\/title>\n<meta name=\"robots\" content=\"index, follow, max-snippet:-1, max-image-preview:large, max-video-preview:-1\" \/>\n<link rel=\"canonical\" href=\"https:\/\/mi-hrsak.hr\/sk\/pravila-privatnosti\/\" \/>\n<meta property=\"og:locale\" content=\"sk_SK\" \/>\n<meta property=\"og:type\" content=\"article\" \/>\n<meta property=\"og:title\" content=\"Pravila privatnosti - M.I. Hr\u0161ak\" \/>\n<meta property=\"og:description\" content=\"PODACI KOJE PRIKUPLJAMOPristup web stranici mi-hrsak.hr je slobodan i ne tra\u017ei se registracija. Kontaktiranjem putem kontakt-obrazaca ili elektroni\u010dkom po\u0161tom ispunjavate svoje podatke. Ti su podaci dostupni isklju\u010divo stranici mi-hrsak.hr kojima su upu\u0107eni u svrhu rje\u0161avanja va\u0161eg upita. Davanje va\u0161ih osobnih podataka je dobrovoljno. Ne obra\u0111ujemo vi\u0161e osobnih podataka no \u0161to je doista potrebno za odgovaranje [&hellip;]\" \/>\n<meta property=\"og:url\" content=\"https:\/\/mi-hrsak.hr\/sk\/pravila-privatnosti\/\" \/>\n<meta property=\"og:site_name\" content=\"M.I. Hr\u0161ak\" \/>\n<meta property=\"article:modified_time\" content=\"2025-04-18T16:47:20+00:00\" \/>\n<meta name=\"twitter:card\" content=\"summary_large_image\" \/>\n<meta name=\"twitter:label1\" content=\"Predpokladan\u00fd \u010das \u010d\u00edtania\" \/>\n\t<meta name=\"twitter:data1\" content=\"3 min\u00faty\" \/>\n<script type=\"application\/ld+json\" class=\"yoast-schema-graph\">{\"@context\":\"https:\/\/schema.org\",\"@graph\":[{\"@type\":\"WebPage\",\"@id\":\"https:\/\/mi-hrsak.hr\/pravila-privatnosti\/\",\"url\":\"https:\/\/mi-hrsak.hr\/pravila-privatnosti\/\",\"name\":\"Pravila privatnosti - M.I. Hr\u0161ak\",\"isPartOf\":{\"@id\":\"https:\/\/mi-hrsak.hr\/#website\"},\"datePublished\":\"2025-03-20T14:42:24+00:00\",\"dateModified\":\"2025-04-18T16:47:20+00:00\",\"breadcrumb\":{\"@id\":\"https:\/\/mi-hrsak.hr\/pravila-privatnosti\/#breadcrumb\"},\"inLanguage\":\"sk-SK\",\"potentialAction\":[{\"@type\":\"ReadAction\",\"target\":[\"https:\/\/mi-hrsak.hr\/pravila-privatnosti\/\"]}]},{\"@type\":\"BreadcrumbList\",\"@id\":\"https:\/\/mi-hrsak.hr\/pravila-privatnosti\/#breadcrumb\",\"itemListElement\":[{\"@type\":\"ListItem\",\"position\":1,\"name\":\"Po\u010detna stranica\",\"item\":\"https:\/\/mi-hrsak.hr\/\"},{\"@type\":\"ListItem\",\"position\":2,\"name\":\"Pravila privatnosti\"}]},{\"@type\":\"WebSite\",\"@id\":\"https:\/\/mi-hrsak.hr\/#website\",\"url\":\"https:\/\/mi-hrsak.hr\/\",\"name\":\"M.I. Hr\u0161ak\",\"description\":\"\",\"publisher\":{\"@id\":\"https:\/\/mi-hrsak.hr\/#organization\"},\"potentialAction\":[{\"@type\":\"SearchAction\",\"target\":{\"@type\":\"EntryPoint\",\"urlTemplate\":\"https:\/\/mi-hrsak.hr\/?s={search_term_string}\"},\"query-input\":{\"@type\":\"PropertyValueSpecification\",\"valueRequired\":true,\"valueName\":\"search_term_string\"}}],\"inLanguage\":\"sk-SK\"},{\"@type\":\"Organization\",\"@id\":\"https:\/\/mi-hrsak.hr\/#organization\",\"name\":\"M.I. Hr\u0161ak\",\"url\":\"https:\/\/mi-hrsak.hr\/\",\"logo\":{\"@type\":\"ImageObject\",\"inLanguage\":\"sk-SK\",\"@id\":\"https:\/\/mi-hrsak.hr\/#\/schema\/logo\/image\/\",\"url\":\"https:\/\/mi-hrsak.hr\/wp-content\/uploads\/2025\/03\/M.I.-Hrsak-logo.png\",\"contentUrl\":\"https:\/\/mi-hrsak.hr\/wp-content\/uploads\/2025\/03\/M.I.-Hrsak-logo.png\",\"width\":3444,\"height\":879,\"caption\":\"M.I. Hr\u0161ak\"},\"image\":{\"@id\":\"https:\/\/mi-hrsak.hr\/#\/schema\/logo\/image\/\"}}]}<\/script>\n<!-- \/ Yoast SEO plugin. -->","yoast_head_json":{"title":"Pravila privatnosti - M.I. Hr\u0161ak","robots":{"index":"index","follow":"follow","max-snippet":"max-snippet:-1","max-image-preview":"max-image-preview:large","max-video-preview":"max-video-preview:-1"},"canonical":"https:\/\/mi-hrsak.hr\/sk\/pravila-privatnosti\/","og_locale":"sk_SK","og_type":"article","og_title":"Pravila privatnosti - M.I. Hr\u0161ak","og_description":"PODACI KOJE PRIKUPLJAMOPristup web stranici mi-hrsak.hr je slobodan i ne tra\u017ei se registracija. Kontaktiranjem putem kontakt-obrazaca ili elektroni\u010dkom po\u0161tom ispunjavate svoje podatke. Ti su podaci dostupni isklju\u010divo stranici mi-hrsak.hr kojima su upu\u0107eni u svrhu rje\u0161avanja va\u0161eg upita. Davanje va\u0161ih osobnih podataka je dobrovoljno. Ne obra\u0111ujemo vi\u0161e osobnih podataka no \u0161to je doista potrebno za odgovaranje [&hellip;]","og_url":"https:\/\/mi-hrsak.hr\/sk\/pravila-privatnosti\/","og_site_name":"M.I. Hr\u0161ak","article_modified_time":"2025-04-18T16:47:20+00:00","twitter_card":"summary_large_image","twitter_misc":{"Predpokladan\u00fd \u010das \u010d\u00edtania":"3 min\u00faty"},"schema":{"@context":"https:\/\/schema.org","@graph":[{"@type":"WebPage","@id":"https:\/\/mi-hrsak.hr\/pravila-privatnosti\/","url":"https:\/\/mi-hrsak.hr\/pravila-privatnosti\/","name":"Pravila privatnosti - M.I. Hr\u0161ak","isPartOf":{"@id":"https:\/\/mi-hrsak.hr\/#website"},"datePublished":"2025-03-20T14:42:24+00:00","dateModified":"2025-04-18T16:47:20+00:00","breadcrumb":{"@id":"https:\/\/mi-hrsak.hr\/pravila-privatnosti\/#breadcrumb"},"inLanguage":"sk-SK","potentialAction":[{"@type":"ReadAction","target":["https:\/\/mi-hrsak.hr\/pravila-privatnosti\/"]}]},{"@type":"BreadcrumbList","@id":"https:\/\/mi-hrsak.hr\/pravila-privatnosti\/#breadcrumb","itemListElement":[{"@type":"ListItem","position":1,"name":"Po\u010detna stranica","item":"https:\/\/mi-hrsak.hr\/"},{"@type":"ListItem","position":2,"name":"Pravila privatnosti"}]},{"@type":"WebSite","@id":"https:\/\/mi-hrsak.hr\/#website","url":"https:\/\/mi-hrsak.hr\/","name":"M.I. Hr\u0161ak","description":"","publisher":{"@id":"https:\/\/mi-hrsak.hr\/#organization"},"potentialAction":[{"@type":"SearchAction","target":{"@type":"EntryPoint","urlTemplate":"https:\/\/mi-hrsak.hr\/?s={search_term_string}"},"query-input":{"@type":"PropertyValueSpecification","valueRequired":true,"valueName":"search_term_string"}}],"inLanguage":"sk-SK"},{"@type":"Organization","@id":"https:\/\/mi-hrsak.hr\/#organization","name":"M.I. Hr\u0161ak","url":"https:\/\/mi-hrsak.hr\/","logo":{"@type":"ImageObject","inLanguage":"sk-SK","@id":"https:\/\/mi-hrsak.hr\/#\/schema\/logo\/image\/","url":"https:\/\/mi-hrsak.hr\/wp-content\/uploads\/2025\/03\/M.I.-Hrsak-logo.png","contentUrl":"https:\/\/mi-hrsak.hr\/wp-content\/uploads\/2025\/03\/M.I.-Hrsak-logo.png","width":3444,"height":879,"caption":"M.I. Hr\u0161ak"},"image":{"@id":"https:\/\/mi-hrsak.hr\/#\/schema\/logo\/image\/"}}]}},"jetpack_sharing_enabled":true,"_links":{"self":[{"href":"https:\/\/mi-hrsak.hr\/sk\/wp-json\/wp\/v2\/pages\/3","targetHints":{"allow":["GET"]}}],"collection":[{"href":"https:\/\/mi-hrsak.hr\/sk\/wp-json\/wp\/v2\/pages"}],"about":[{"href":"https:\/\/mi-hrsak.hr\/sk\/wp-json\/wp\/v2\/types\/page"}],"author":[{"embeddable":true,"href":"https:\/\/mi-hrsak.hr\/sk\/wp-json\/wp\/v2\/users\/1"}],"replies":[{"embeddable":true,"href":"https:\/\/mi-hrsak.hr\/sk\/wp-json\/wp\/v2\/comments?post=3"}],"version-history":[{"count":5,"href":"https:\/\/mi-hrsak.hr\/sk\/wp-json\/wp\/v2\/pages\/3\/revisions"}],"predecessor-version":[{"id":1080,"href":"https:\/\/mi-hrsak.hr\/sk\/wp-json\/wp\/v2\/pages\/3\/revisions\/1080"}],"wp:attachment":[{"href":"https:\/\/mi-hrsak.hr\/sk\/wp-json\/wp\/v2\/media?parent=3"}],"curies":[{"name":"wp","href":"https:\/\/api.w.org\/{rel}","templated":true}]}}