{"id":3,"date":"2025-03-20T15:42:24","date_gmt":"2025-03-20T14:42:24","guid":{"rendered":"http:\/\/mail.mi-hrsak.hr\/?page_id=3"},"modified":"2025-04-18T18:47:20","modified_gmt":"2025-04-18T16:47:20","slug":"pravila-privatnosti","status":"publish","type":"page","link":"https:\/\/mi-hrsak.hr\/pl\/pravila-privatnosti\/","title":{"rendered":"Polityka prywatno\u015bci"},"content":{"rendered":"<div data-elementor-type=\"wp-page\" data-elementor-id=\"3\" class=\"elementor elementor-3\" data-elementor-post-type=\"page\">\n\t\t\t\t<div class=\"elementor-element elementor-element-66266f2c animated-slow e-flex e-con-boxed elementor-invisible e-con e-parent\" data-id=\"66266f2c\" data-element_type=\"container\" data-settings=\"{&quot;background_background&quot;:&quot;classic&quot;,&quot;shape_divider_bottom&quot;:&quot;curve&quot;,&quot;shape_divider_bottom_negative&quot;:&quot;yes&quot;,&quot;animation&quot;:&quot;fadeIn&quot;}\">\n\t\t\t\t\t<div class=\"e-con-inner\">\n\t\t\t\t<div class=\"elementor-shape elementor-shape-bottom\" data-negative=\"true\">\n\t\t\t<svg xmlns=\"http:\/\/www.w3.org\/2000\/svg\" viewbox=\"0 0 1000 100\" preserveaspectratio=\"none\">\n\t<path class=\"elementor-shape-fill\" d=\"M500,97C126.7,96.3,0.8,19.8,0,0v100l1000,0V1C1000,19.4,873.3,97.8,500,97z\"\/>\n<\/svg>\t\t<\/div>\n\t\t<div class=\"elementor-element elementor-element-5c2bd264 e-con-full e-flex e-con e-child\" data-id=\"5c2bd264\" data-element_type=\"container\">\n\t\t<div class=\"elementor-element elementor-element-6fd6179 e-con-full e-flex e-con e-child\" data-id=\"6fd6179\" data-element_type=\"container\" data-settings=\"{&quot;background_background&quot;:&quot;classic&quot;}\">\n\t\t\t\t<div class=\"elementor-element elementor-element-753e6d35 elementor-widget elementor-widget-heading\" data-id=\"753e6d35\" data-element_type=\"widget\" data-widget_type=\"heading.default\">\n\t\t\t\t<div class=\"elementor-widget-container\">\n\t\t\t\t\t<h1 class=\"elementor-heading-title elementor-size-default\">Polityka prywatno\u015bci<\/h1>\t\t\t\t<\/div>\n\t\t\t\t<\/div>\n\t\t\t\t<\/div>\n\t\t\t\t<\/div>\n\t\t\t\t\t<\/div>\n\t\t\t\t<\/div>\n\t\t<div class=\"elementor-element elementor-element-31f3109 e-flex e-con-boxed e-con e-parent\" data-id=\"31f3109\" data-element_type=\"container\">\n\t\t\t\t\t<div class=\"e-con-inner\">\n\t\t\t\t<div class=\"elementor-element elementor-element-c7553e9 elementor-widget elementor-widget-text-editor\" data-id=\"c7553e9\" data-element_type=\"widget\" data-widget_type=\"text-editor.default\">\n\t\t\t\t<div class=\"elementor-widget-container\">\n\t\t\t\t\t\t\t\t\t<p><strong>INFORMACJE, KT\u00d3RE MAJ\u0104 ZOSTA\u0106 POZYSKANE<\/strong><br \/>Dost\u0119p do strony internetowej mi-hrsak.hr jest bezp\u0142atny i rejestracja nie jest wymagana. Kontaktuj\u0105c si\u0119 za po\u015brednictwem formularzy kontaktowych lub poczty elektronicznej, wype\u0142niasz swoje dane. Dane te s\u0105 dost\u0119pne tylko na stronie mi-hrsak.hr, do kt\u00f3rej s\u0105 adresowane w celu rozwi\u0105zania zapytania. Podanie danych osobowych jest dobrowolne. Nie przetwarzamy wi\u0119kszej ilo\u015bci danych osobowych, ni\u017c jest to naprawd\u0119 konieczne, aby odpowiedzie\u0107 na Twoje zapytanie.<\/p><p><strong>OCHRONA DANYCH OSOBOWYCH<\/strong><br \/>mi-hrsak.hr szanuje Twoj\u0105 prywatno\u015b\u0107 i przetwarza Twoje dane osobowe rzetelnie i zgodnie z prawem. Przechowujemy Twoje dane osobowe w formie elektronicznej i do cel\u00f3w ochrony stosujemy odpowiednie \u015brodki techniczne i organizacyjne ochrony danych osobowych oraz procedury zapobiegaj\u0105ce dost\u0119powi do danych osobowych bez upowa\u017cnienia.<\/p><p><strong>COOKIES<\/strong><br \/>Strona internetowa www.mi-hrsak.hr u\u017cywa tzw. \"cookies\". \u201ecookies\u201d), aby m\u00f3c zapewni\u0107 u\u017cytkownikowi us\u0142ug\u0119 z pe\u0142n\u0105 funkcjonalno\u015bci\u0105 i najwy\u017csz\u0105 jako\u015bci\u0105 tre\u015bci. Cookies to zbi\u00f3r danych generowanych przez serwer serwisu i przechowywanych przez przegl\u0105dark\u0119 internetow\u0105 na dysku u\u017cytkownika w postaci ma\u0142ego pliku tekstowego. Nieustannie d\u0105\u017cymy do zapewnienia naszym u\u017cytkownikom jak najlepszego do\u015bwiadczenia u\u017cytkownika, dlatego nale\u017cy zauwa\u017cy\u0107, \u017ce nasze strony internetowe dzia\u0142aj\u0105 optymalnie tylko wtedy, gdy pliki cookie s\u0105 w\u0142\u0105czone. Aby korzysta\u0107 z plik\u00f3w cookie zgodnie z ustaw\u0105 o \u0142\u0105czno\u015bci elektronicznej, ustaw\u0105 o ochronie danych osobowych i dyrektywami UE, potrzebujemy Twojej zgody. Korzystaj\u0105c z tej strony, wyra\u017casz zgod\u0119 i zgod\u0119 na u\u017cywanie plik\u00f3w cookie. Blokuj\u0105c pliki cookie, nadal mo\u017cesz przegl\u0105da\u0107 witryn\u0119, ale niekt\u00f3re z jej funkcji nie b\u0119d\u0105 dla Ciebie dost\u0119pne.<\/p><p><strong>TRE\u015aCI BUDOWLANE Z INNYMI STRONAMI INTERNETOWYMI<\/strong><br \/>Artyku\u0142y na tej stronie internetowej mog\u0105 zawiera\u0107 tre\u015bci osadzone (np. filmy, obrazy, artyku\u0142y itp.). Osadzone tre\u015bci z innych stron internetowych zachowuj\u0105 si\u0119 tak samo, jak gdyby odwiedzaj\u0105cy odwiedzi\u0142 t\u0119 inn\u0105 stron\u0119 internetow\u0105.<\/p><p><strong>\u015aRODKI OCHRONNE<\/strong><br \/>Mi-hrsak.hr stosuje \u015brodki technologiczne i bezpiecze\u0144stwa, zasady i inne procedury w celu ochrony danych osobowych u\u017cytkownik\u00f3w tej Witryny przed nieautoryzowanym dost\u0119pem, niew\u0142a\u015bciwym wykorzystaniem, ujawnieniem, utrat\u0105 lub zniszczeniem. Aby chroni\u0107 poufno\u015b\u0107 informacji o u\u017cytkownikach witryny, stosujemy standardowe w bran\u017cy \u015brodki bezpiecze\u0144stwa, takie jak zapora ogniowa i ochrona has\u0142em. Niemniej jednak u\u017cytkownik jest zobowi\u0105zany do zapewnienia, \u017ce komputer, z kt\u00f3rego korzysta, jest r\u00f3wnie\u017c bezpieczny i chroniony przed z\u0142o\u015bliwym oprogramowaniem, takim jak trojany, wirusy komputerowe i robaki. U\u017cytkownik Witryny jest \u015bwiadomy, \u017ce bez odpowiednich \u015brodk\u00f3w bezpiecze\u0144stwa (na przyk\u0142ad bezpiecznej konfiguracji przegl\u0105darki internetowej, zaktualizowanych program\u00f3w antywirusowych, osobistych program\u00f3w zapory sieciowej, nieu\u017cywania program\u00f3w z podejrzanych \u017ar\u00f3de\u0142) istnieje ryzyko, \u017ce dane i has\u0142a u\u017cyte do uniemo\u017cliwienia dost\u0119pu do danych osobowych mog\u0105 zosta\u0107 ujawnione nieupowa\u017cnionym osobom trzecim.<\/p><p><strong>STATYSTYKA PRZEDSI\u0118BIORSTWA<\/strong><br \/>Ta strona internetowa korzysta z Google Analytics do pomiaru statystyk odwiedzin.<\/p><p><strong>OGRANICZENIE ODPOWIEDZIALNO\u015aCI<\/strong><br \/>Chocia\u017c podejmujemy dost\u0119pne \u015brodki techniczne i organizacyjne, aby zapobiec nieupowa\u017cnionemu ujawnieniu Twoich danych osobowych, nie mo\u017cemy zagwarantowa\u0107, \u017ce niekt\u00f3re z gromadzonych przez nas danych osobowych nigdy nie zostan\u0105 przypadkowo ujawnione, wbrew postanowieniom niniejszej Polityki prywatno\u015bci. W maksymalnym zakresie dozwolonym przez prawo wy\u0142\u0105czamy odpowiedzialno\u015b\u0107 za szkody wyrz\u0105dzone u\u017cytkownikom lub osobom trzecim w wyniku przypadkowego ujawnienia danych osobowych.<\/p>\t\t\t\t\t\t\t\t<\/div>\n\t\t\t\t<\/div>\n\t\t\t\t\t<\/div>\n\t\t\t\t<\/div>\n\t\t\t\t<\/div>","protected":false},"excerpt":{"rendered":"<p>Dost\u0119p do strony internetowej mi-hrsak.hr jest bezp\u0142atny i rejestracja nie jest wymagana. Kontaktuj\u0105c si\u0119 za po\u015brednictwem formularzy kontaktowych lub poczty elektronicznej, wype\u0142niasz swoje dane. Dane te s\u0105 dost\u0119pne tylko na stronie mi-hrsak.hr, do kt\u00f3rej s\u0105 adresowane w celu rozwi\u0105zania zapytania. Podanie danych osobowych jest dobrowolne. Nie przetwarzamy wi\u0119kszej ilo\u015bci danych osobowych, ni\u017c jest to rzeczywi\u015bcie konieczne, aby odpowiedzie\u0107 [...]<\/p>","protected":false},"author":1,"featured_media":0,"parent":0,"menu_order":0,"comment_status":"closed","ping_status":"closed","template":"elementor_header_footer","meta":{"footnotes":""},"class_list":["post-3","page","type-page","status-publish","hentry"],"yoast_head":"<!-- This site is optimized with the Yoast SEO plugin v24.9 - https:\/\/yoast.com\/wordpress\/plugins\/seo\/ -->\n<title>Pravila privatnosti - M.I. Hr\u0161ak<\/title>\n<meta name=\"robots\" content=\"index, follow, max-snippet:-1, max-image-preview:large, max-video-preview:-1\" \/>\n<link rel=\"canonical\" href=\"https:\/\/mi-hrsak.hr\/pl\/pravila-privatnosti\/\" \/>\n<meta property=\"og:locale\" content=\"pl_PL\" \/>\n<meta property=\"og:type\" content=\"article\" \/>\n<meta property=\"og:title\" content=\"Pravila privatnosti - M.I. Hr\u0161ak\" \/>\n<meta property=\"og:description\" content=\"PODACI KOJE PRIKUPLJAMOPristup web stranici mi-hrsak.hr je slobodan i ne tra\u017ei se registracija. Kontaktiranjem putem kontakt-obrazaca ili elektroni\u010dkom po\u0161tom ispunjavate svoje podatke. Ti su podaci dostupni isklju\u010divo stranici mi-hrsak.hr kojima su upu\u0107eni u svrhu rje\u0161avanja va\u0161eg upita. Davanje va\u0161ih osobnih podataka je dobrovoljno. Ne obra\u0111ujemo vi\u0161e osobnih podataka no \u0161to je doista potrebno za odgovaranje [&hellip;]\" \/>\n<meta property=\"og:url\" content=\"https:\/\/mi-hrsak.hr\/pl\/pravila-privatnosti\/\" \/>\n<meta property=\"og:site_name\" content=\"M.I. Hr\u0161ak\" \/>\n<meta property=\"article:modified_time\" content=\"2025-04-18T16:47:20+00:00\" \/>\n<meta name=\"twitter:card\" content=\"summary_large_image\" \/>\n<meta name=\"twitter:label1\" content=\"Szacowany czas czytania\" \/>\n\t<meta name=\"twitter:data1\" content=\"3 minuty\" \/>\n<script type=\"application\/ld+json\" class=\"yoast-schema-graph\">{\"@context\":\"https:\/\/schema.org\",\"@graph\":[{\"@type\":\"WebPage\",\"@id\":\"https:\/\/mi-hrsak.hr\/pravila-privatnosti\/\",\"url\":\"https:\/\/mi-hrsak.hr\/pravila-privatnosti\/\",\"name\":\"Pravila privatnosti - M.I. Hr\u0161ak\",\"isPartOf\":{\"@id\":\"https:\/\/mi-hrsak.hr\/#website\"},\"datePublished\":\"2025-03-20T14:42:24+00:00\",\"dateModified\":\"2025-04-18T16:47:20+00:00\",\"breadcrumb\":{\"@id\":\"https:\/\/mi-hrsak.hr\/pravila-privatnosti\/#breadcrumb\"},\"inLanguage\":\"pl-PL\",\"potentialAction\":[{\"@type\":\"ReadAction\",\"target\":[\"https:\/\/mi-hrsak.hr\/pravila-privatnosti\/\"]}]},{\"@type\":\"BreadcrumbList\",\"@id\":\"https:\/\/mi-hrsak.hr\/pravila-privatnosti\/#breadcrumb\",\"itemListElement\":[{\"@type\":\"ListItem\",\"position\":1,\"name\":\"Po\u010detna stranica\",\"item\":\"https:\/\/mi-hrsak.hr\/\"},{\"@type\":\"ListItem\",\"position\":2,\"name\":\"Pravila privatnosti\"}]},{\"@type\":\"WebSite\",\"@id\":\"https:\/\/mi-hrsak.hr\/#website\",\"url\":\"https:\/\/mi-hrsak.hr\/\",\"name\":\"M.I. Hr\u0161ak\",\"description\":\"\",\"publisher\":{\"@id\":\"https:\/\/mi-hrsak.hr\/#organization\"},\"potentialAction\":[{\"@type\":\"SearchAction\",\"target\":{\"@type\":\"EntryPoint\",\"urlTemplate\":\"https:\/\/mi-hrsak.hr\/?s={search_term_string}\"},\"query-input\":{\"@type\":\"PropertyValueSpecification\",\"valueRequired\":true,\"valueName\":\"search_term_string\"}}],\"inLanguage\":\"pl-PL\"},{\"@type\":\"Organization\",\"@id\":\"https:\/\/mi-hrsak.hr\/#organization\",\"name\":\"M.I. Hr\u0161ak\",\"url\":\"https:\/\/mi-hrsak.hr\/\",\"logo\":{\"@type\":\"ImageObject\",\"inLanguage\":\"pl-PL\",\"@id\":\"https:\/\/mi-hrsak.hr\/#\/schema\/logo\/image\/\",\"url\":\"https:\/\/mi-hrsak.hr\/wp-content\/uploads\/2025\/03\/M.I.-Hrsak-logo.png\",\"contentUrl\":\"https:\/\/mi-hrsak.hr\/wp-content\/uploads\/2025\/03\/M.I.-Hrsak-logo.png\",\"width\":3444,\"height\":879,\"caption\":\"M.I. Hr\u0161ak\"},\"image\":{\"@id\":\"https:\/\/mi-hrsak.hr\/#\/schema\/logo\/image\/\"}}]}<\/script>\n<!-- \/ Yoast SEO plugin. -->","yoast_head_json":{"title":"Pravila privatnosti - M.I. Hr\u0161ak","robots":{"index":"index","follow":"follow","max-snippet":"max-snippet:-1","max-image-preview":"max-image-preview:large","max-video-preview":"max-video-preview:-1"},"canonical":"https:\/\/mi-hrsak.hr\/pl\/pravila-privatnosti\/","og_locale":"pl_PL","og_type":"article","og_title":"Pravila privatnosti - M.I. Hr\u0161ak","og_description":"PODACI KOJE PRIKUPLJAMOPristup web stranici mi-hrsak.hr je slobodan i ne tra\u017ei se registracija. Kontaktiranjem putem kontakt-obrazaca ili elektroni\u010dkom po\u0161tom ispunjavate svoje podatke. Ti su podaci dostupni isklju\u010divo stranici mi-hrsak.hr kojima su upu\u0107eni u svrhu rje\u0161avanja va\u0161eg upita. Davanje va\u0161ih osobnih podataka je dobrovoljno. Ne obra\u0111ujemo vi\u0161e osobnih podataka no \u0161to je doista potrebno za odgovaranje [&hellip;]","og_url":"https:\/\/mi-hrsak.hr\/pl\/pravila-privatnosti\/","og_site_name":"M.I. Hr\u0161ak","article_modified_time":"2025-04-18T16:47:20+00:00","twitter_card":"summary_large_image","twitter_misc":{"Szacowany czas czytania":"3 minuty"},"schema":{"@context":"https:\/\/schema.org","@graph":[{"@type":"WebPage","@id":"https:\/\/mi-hrsak.hr\/pravila-privatnosti\/","url":"https:\/\/mi-hrsak.hr\/pravila-privatnosti\/","name":"Pravila privatnosti - M.I. Hr\u0161ak","isPartOf":{"@id":"https:\/\/mi-hrsak.hr\/#website"},"datePublished":"2025-03-20T14:42:24+00:00","dateModified":"2025-04-18T16:47:20+00:00","breadcrumb":{"@id":"https:\/\/mi-hrsak.hr\/pravila-privatnosti\/#breadcrumb"},"inLanguage":"pl-PL","potentialAction":[{"@type":"ReadAction","target":["https:\/\/mi-hrsak.hr\/pravila-privatnosti\/"]}]},{"@type":"BreadcrumbList","@id":"https:\/\/mi-hrsak.hr\/pravila-privatnosti\/#breadcrumb","itemListElement":[{"@type":"ListItem","position":1,"name":"Po\u010detna stranica","item":"https:\/\/mi-hrsak.hr\/"},{"@type":"ListItem","position":2,"name":"Pravila privatnosti"}]},{"@type":"WebSite","@id":"https:\/\/mi-hrsak.hr\/#website","url":"https:\/\/mi-hrsak.hr\/","name":"M.I. Hr\u0161ak","description":"","publisher":{"@id":"https:\/\/mi-hrsak.hr\/#organization"},"potentialAction":[{"@type":"SearchAction","target":{"@type":"EntryPoint","urlTemplate":"https:\/\/mi-hrsak.hr\/?s={search_term_string}"},"query-input":{"@type":"PropertyValueSpecification","valueRequired":true,"valueName":"search_term_string"}}],"inLanguage":"pl-PL"},{"@type":"Organization","@id":"https:\/\/mi-hrsak.hr\/#organization","name":"M.I. Hr\u0161ak","url":"https:\/\/mi-hrsak.hr\/","logo":{"@type":"ImageObject","inLanguage":"pl-PL","@id":"https:\/\/mi-hrsak.hr\/#\/schema\/logo\/image\/","url":"https:\/\/mi-hrsak.hr\/wp-content\/uploads\/2025\/03\/M.I.-Hrsak-logo.png","contentUrl":"https:\/\/mi-hrsak.hr\/wp-content\/uploads\/2025\/03\/M.I.-Hrsak-logo.png","width":3444,"height":879,"caption":"M.I. Hr\u0161ak"},"image":{"@id":"https:\/\/mi-hrsak.hr\/#\/schema\/logo\/image\/"}}]}},"jetpack_sharing_enabled":true,"_links":{"self":[{"href":"https:\/\/mi-hrsak.hr\/pl\/wp-json\/wp\/v2\/pages\/3","targetHints":{"allow":["GET"]}}],"collection":[{"href":"https:\/\/mi-hrsak.hr\/pl\/wp-json\/wp\/v2\/pages"}],"about":[{"href":"https:\/\/mi-hrsak.hr\/pl\/wp-json\/wp\/v2\/types\/page"}],"author":[{"embeddable":true,"href":"https:\/\/mi-hrsak.hr\/pl\/wp-json\/wp\/v2\/users\/1"}],"replies":[{"embeddable":true,"href":"https:\/\/mi-hrsak.hr\/pl\/wp-json\/wp\/v2\/comments?post=3"}],"version-history":[{"count":5,"href":"https:\/\/mi-hrsak.hr\/pl\/wp-json\/wp\/v2\/pages\/3\/revisions"}],"predecessor-version":[{"id":1080,"href":"https:\/\/mi-hrsak.hr\/pl\/wp-json\/wp\/v2\/pages\/3\/revisions\/1080"}],"wp:attachment":[{"href":"https:\/\/mi-hrsak.hr\/pl\/wp-json\/wp\/v2\/media?parent=3"}],"curies":[{"name":"wp","href":"https:\/\/api.w.org\/{rel}","templated":true}]}}