{"id":3,"date":"2025-03-20T15:42:24","date_gmt":"2025-03-20T14:42:24","guid":{"rendered":"http:\/\/mail.mi-hrsak.hr\/?page_id=3"},"modified":"2025-04-18T18:47:20","modified_gmt":"2025-04-18T16:47:20","slug":"pravila-privatnosti","status":"publish","type":"page","link":"https:\/\/mi-hrsak.hr\/hu\/pravila-privatnosti\/","title":{"rendered":"Adatkezel\u00e9si t\u00e1j\u00e9koztat\u00f3"},"content":{"rendered":"<div data-elementor-type=\"wp-page\" data-elementor-id=\"3\" class=\"elementor elementor-3\" data-elementor-post-type=\"page\">\n\t\t\t\t<div class=\"elementor-element elementor-element-66266f2c animated-slow e-flex e-con-boxed elementor-invisible e-con e-parent\" data-id=\"66266f2c\" data-element_type=\"container\" data-settings=\"{&quot;background_background&quot;:&quot;classic&quot;,&quot;shape_divider_bottom&quot;:&quot;curve&quot;,&quot;shape_divider_bottom_negative&quot;:&quot;yes&quot;,&quot;animation&quot;:&quot;fadeIn&quot;}\">\n\t\t\t\t\t<div class=\"e-con-inner\">\n\t\t\t\t<div class=\"elementor-shape elementor-shape-bottom\" data-negative=\"true\">\n\t\t\t<svg xmlns=\"http:\/\/www.w3.org\/2000\/svg\" viewbox=\"0 0 1000 100\" preserveaspectratio=\"none\">\n\t<path class=\"elementor-shape-fill\" d=\"M500,97C126.7,96.3,0.8,19.8,0,0v100l1000,0V1C1000,19.4,873.3,97.8,500,97z\"\/>\n<\/svg>\t\t<\/div>\n\t\t<div class=\"elementor-element elementor-element-5c2bd264 e-con-full e-flex e-con e-child\" data-id=\"5c2bd264\" data-element_type=\"container\">\n\t\t<div class=\"elementor-element elementor-element-6fd6179 e-con-full e-flex e-con e-child\" data-id=\"6fd6179\" data-element_type=\"container\" data-settings=\"{&quot;background_background&quot;:&quot;classic&quot;}\">\n\t\t\t\t<div class=\"elementor-element elementor-element-753e6d35 elementor-widget elementor-widget-heading\" data-id=\"753e6d35\" data-element_type=\"widget\" data-widget_type=\"heading.default\">\n\t\t\t\t<div class=\"elementor-widget-container\">\n\t\t\t\t\t<h1 class=\"elementor-heading-title elementor-size-default\">Adatkezel\u00e9si t\u00e1j\u00e9koztat\u00f3<\/h1>\t\t\t\t<\/div>\n\t\t\t\t<\/div>\n\t\t\t\t<\/div>\n\t\t\t\t<\/div>\n\t\t\t\t\t<\/div>\n\t\t\t\t<\/div>\n\t\t<div class=\"elementor-element elementor-element-31f3109 e-flex e-con-boxed e-con e-parent\" data-id=\"31f3109\" data-element_type=\"container\">\n\t\t\t\t\t<div class=\"e-con-inner\">\n\t\t\t\t<div class=\"elementor-element elementor-element-c7553e9 elementor-widget elementor-widget-text-editor\" data-id=\"c7553e9\" data-element_type=\"widget\" data-widget_type=\"text-editor.default\">\n\t\t\t\t<div class=\"elementor-widget-container\">\n\t\t\t\t\t\t\t\t\t<p><strong>AZ \u00c1LTALUNK GY\u0170JT\u00d6TT INFORM\u00c1CI\u00d3K<\/strong><br \/>A mi-hrsak.hr weboldalhoz val\u00f3 hozz\u00e1f\u00e9r\u00e9s ingyenes, regisztr\u00e1ci\u00f3 nem sz\u00fcks\u00e9ges. Ha kapcsolatba l\u00e9p vel\u00fcnk a kapcsolatfelv\u00e9teli \u0171rlapokon vagy e-mailben, akkor adja meg adatait. Ezek az inform\u00e1ci\u00f3k kiz\u00e1r\u00f3lag a mi-hrsak.hr weboldalon \u00e9rhet\u0151k el, amelynek c\u00edmezt\u00e9k \u0151ket a k\u00e9rd\u00e9s megold\u00e1sa c\u00e9lj\u00e1b\u00f3l. Szem\u00e9lyes adatainak megad\u00e1sa \u00f6nk\u00e9ntes. Nem dolgozunk fel t\u00f6bb szem\u00e9lyes adatot, mint amennyi felt\u00e9tlen\u00fcl sz\u00fcks\u00e9ges az \u00d6n megkeres\u00e9s\u00e9nek megv\u00e1laszol\u00e1s\u00e1hoz.<\/p><p><strong>AZ \u00d6N SZEM\u00c9LYES ADATAINAK V\u00c9DELME<\/strong><br \/>A mi-hrsak.hr weboldal tiszteletben tartja az \u00d6n mag\u00e1n\u00e9let\u00e9t, \u00e9s szem\u00e9lyes adatait tisztess\u00e9gesen \u00e9s jogszer\u0171en kezeli. Szem\u00e9lyes adatait elektronikus form\u00e1ban t\u00e1roljuk, \u00e9s a v\u00e9delem \u00e9rdek\u00e9ben megfelel\u0151 technikai \u00e9s szervezeti int\u00e9zked\u00e9seket alkalmazunk a szem\u00e9lyes adatok v\u00e9delme \u00e9rdek\u00e9ben, valamint elj\u00e1r\u00e1sokat alkalmazunk a szem\u00e9lyes adatokhoz val\u00f3 jogosulatlan hozz\u00e1f\u00e9r\u00e9s megakad\u00e1lyoz\u00e1s\u00e1ra.<\/p><p><strong>S\u00dcTIK<\/strong><br \/>A www.mi-hrsak.hr weboldal \u00fagynevezett cookie-kat haszn\u00e1l. \u201es\u00fctik\u201d) annak \u00e9rdek\u00e9ben, hogy a felhaszn\u00e1l\u00f3 sz\u00e1m\u00e1ra teljes funkcionalit\u00e1ssal \u00e9s a legmagasabb sz\u00ednvonal\u00fa tartalommal rendelkez\u0151 szolg\u00e1ltat\u00e1st ny\u00fajthasson. A cookie-k a weboldal szervere \u00e1ltal gener\u00e1lt \u00e9s a webb\u00f6ng\u00e9sz\u0151 \u00e1ltal a felhaszn\u00e1l\u00f3 lemez\u00e9n kis sz\u00f6veges f\u00e1jl form\u00e1j\u00e1ban t\u00e1rolt adatok. Folyamatosan arra t\u00f6reksz\u00fcnk, hogy felhaszn\u00e1l\u00f3inknak a lehet\u0151 legjobb felhaszn\u00e1l\u00f3i \u00e9lm\u00e9nyt ny\u00fajtsuk, ez\u00e9rt meg kell jegyezni, hogy webhelyeink csak akkor m\u0171k\u00f6dnek optim\u00e1lisan, ha a cookie-k enged\u00e9lyezve vannak. Az elektronikus h\u00edrk\u00f6zl\u00e9sr\u0151l sz\u00f3l\u00f3 t\u00f6rv\u00e9ny, a szem\u00e9lyes adatok v\u00e9delm\u00e9r\u0151l sz\u00f3l\u00f3 t\u00f6rv\u00e9ny \u00e9s az uni\u00f3s ir\u00e1nyelvek szerinti \"s\u00fctik\" haszn\u00e1lat\u00e1hoz sz\u00fcks\u00e9g\u00fcnk van az \u00d6n hozz\u00e1j\u00e1rul\u00e1s\u00e1ra. A weboldal haszn\u00e1lat\u00e1val \u00d6n beleegyezik a cookie-k haszn\u00e1lat\u00e1ba. A cookie-k letilt\u00e1s\u00e1val tov\u00e1bbra is b\u00f6ng\u00e9szhet a webhelyen, de n\u00e9h\u00e1ny funkci\u00f3ja nem lesz el\u00e9rhet\u0151 az \u00d6n sz\u00e1m\u00e1ra.<\/p><p><strong>BELE\u00c9RTETT TARTALOM M\u00c1S HONLAPOKR\u00d3L<\/strong><br \/>A weboldalon tal\u00e1lhat\u00f3 cikkek tartalmazhatnak be\u00e1gyazott tartalmakat (pl. vide\u00f3kat, k\u00e9peket, cikkeket stb.). A m\u00e1s webhelyekr\u0151l sz\u00e1rmaz\u00f3 be\u00e1gyazott tartalom ugyan\u00fagy viselkedik, mintha a l\u00e1togat\u00f3 megl\u00e1togatta volna a m\u00e1sik webhelyet.<\/p><p><strong>V\u00c9DELMI INT\u00c9ZKED\u00c9SEK<\/strong><br \/>A mi-hrsak.hr weboldal technol\u00f3giai \u00e9s biztons\u00e1gi int\u00e9zked\u00e9seket, szab\u00e1lyokat \u00e9s egy\u00e9b elj\u00e1r\u00e1sokat alkalmaz annak \u00e9rdek\u00e9ben, hogy megv\u00e9dje a webhely felhaszn\u00e1l\u00f3inak szem\u00e9lyes adatait a jogosulatlan hozz\u00e1f\u00e9r\u00e9st\u0151l, vissza\u00e9l\u00e9st\u0151l, \u00e9szlel\u00e9st\u0151l, elveszt\u00e9st\u0151l vagy megsemmis\u00edt\u00e9st\u0151l. A felhaszn\u00e1l\u00f3k szem\u00e9lyes adatainak v\u00e9delme \u00e9rdek\u00e9ben az ipar\u00e1gi szabv\u00e1nyoknak megfelel\u0151 biztons\u00e1gi int\u00e9zked\u00e9seket alkalmazunk, p\u00e9ld\u00e1ul t\u0171zfal- \u00e9s jelsz\u00f3v\u00e9delmet. A felhaszn\u00e1l\u00f3 azonban k\u00f6teles biztos\u00edtani, hogy az \u00e1ltala haszn\u00e1lt sz\u00e1m\u00edt\u00f3g\u00e9p biztons\u00e1gos \u00e9s v\u00e9dett legyen a rosszindulat\u00fa szoftverekt\u0151l, p\u00e9ld\u00e1ul a tr\u00f3jaiakt\u00f3l, sz\u00e1m\u00edt\u00f3g\u00e9pes v\u00edrusokt\u00f3l \u00e9s f\u00e9rgekt\u0151l. A webhely felhaszn\u00e1l\u00f3ja tudat\u00e1ban van annak, hogy megfelel\u0151 biztons\u00e1gi int\u00e9zked\u00e9sek (p\u00e9ld\u00e1ul biztons\u00e1gos internetb\u00f6ng\u00e9sz\u0151-konfigur\u00e1ci\u00f3, friss\u00edtett v\u00edruskeres\u0151 programok, szem\u00e9lyes t\u0171zfalprogramok, gyan\u00fas forr\u00e1sokb\u00f3l sz\u00e1rmaz\u00f3 programok haszn\u00e1lat\u00e1nak elmulaszt\u00e1sa) n\u00e9lk\u00fcl fenn\u00e1ll annak a kock\u00e1zata, hogy a szem\u00e9lyes adatokhoz val\u00f3 hozz\u00e1f\u00e9r\u00e9s megakad\u00e1lyoz\u00e1s\u00e1ra haszn\u00e1lt adatok \u00e9s jelszavak illet\u00e9ktelen harmadik felek sz\u00e1m\u00e1ra kiadhat\u00f3k.<\/p><p><strong>AJ\u00c1NLATI STATISZTIK\u00c1K<\/strong><br \/>Ez a weboldal Google Analytics-et haszn\u00e1l a l\u00e1togatotts\u00e1gi statisztik\u00e1k m\u00e9r\u00e9s\u00e9re.<\/p><p><strong>A FELEL\u0150SS\u00c9G KORL\u00c1TOZ\u00c1SA<\/strong><br \/>B\u00e1r rendelkez\u00e9sre \u00e1ll\u00f3 technikai \u00e9s szervezeti int\u00e9zked\u00e9seket tesz\u00fcnk annak \u00e9rdek\u00e9ben, hogy megakad\u00e1lyozzuk az \u00d6n szem\u00e9lyes adatainak jogosulatlan nyilv\u00e1noss\u00e1gra hozatal\u00e1t, nem tudjuk garant\u00e1lni, hogy az \u00e1ltalunk gy\u0171jt\u00f6tt szem\u00e9lyes adatok egy r\u00e9sze soha nem ker\u00fcl v\u00e9letlen\u00fcl nyilv\u00e1noss\u00e1gra, ellent\u00e9tben a jelen Adatv\u00e9delmi ir\u00e1nyelvek rendelkez\u00e9seivel. A t\u00f6rv\u00e9ny \u00e1ltal megengedett legnagyobb m\u00e9rt\u00e9kben kiz\u00e1rjuk a felel\u0151ss\u00e9get a felhaszn\u00e1l\u00f3k vagy harmadik felek sz\u00e1m\u00e1ra a szem\u00e9lyes adatok v\u00e9letlen nyilv\u00e1noss\u00e1gra hozatal\u00e1val okozott k\u00e1rok\u00e9rt.<\/p>\t\t\t\t\t\t\t\t<\/div>\n\t\t\t\t<\/div>\n\t\t\t\t\t<\/div>\n\t\t\t\t<\/div>\n\t\t\t\t<\/div>","protected":false},"excerpt":{"rendered":"<p>INFORM\u00c1CI\u00d3K GY\u0170JTJ\u00dcK A mi-hrsak.hr weboldalhoz val\u00f3 hozz\u00e1f\u00e9r\u00e9s ingyenes, regisztr\u00e1ci\u00f3 nem sz\u00fcks\u00e9ges. Ha kapcsolatba l\u00e9p vel\u00fcnk a kapcsolatfelv\u00e9teli \u0171rlapokon vagy e-mailben, akkor adja meg adatait. Ezek az inform\u00e1ci\u00f3k kiz\u00e1r\u00f3lag a mi-hrsak.hr weboldalon \u00e9rhet\u0151k el, amelynek c\u00edmezt\u00e9k \u0151ket a k\u00e9rd\u00e9s megold\u00e1sa c\u00e9lj\u00e1b\u00f3l. Szem\u00e9lyes adatainak megad\u00e1sa \u00f6nk\u00e9ntes. Nem dolgozunk fel t\u00f6bb szem\u00e9lyes adatot, mint amennyi val\u00f3ban sz\u00fcks\u00e9ges a v\u00e1laszad\u00e1shoz [...]<\/p>","protected":false},"author":1,"featured_media":0,"parent":0,"menu_order":0,"comment_status":"closed","ping_status":"closed","template":"elementor_header_footer","meta":{"footnotes":""},"class_list":["post-3","page","type-page","status-publish","hentry"],"yoast_head":"<!-- This site is optimized with the Yoast SEO plugin v24.9 - https:\/\/yoast.com\/wordpress\/plugins\/seo\/ -->\n<title>Pravila privatnosti - M.I. Hr\u0161ak<\/title>\n<meta name=\"robots\" content=\"index, follow, max-snippet:-1, max-image-preview:large, max-video-preview:-1\" \/>\n<link rel=\"canonical\" href=\"https:\/\/mi-hrsak.hr\/hu\/pravila-privatnosti\/\" \/>\n<meta property=\"og:locale\" content=\"hu_HU\" \/>\n<meta property=\"og:type\" content=\"article\" \/>\n<meta property=\"og:title\" content=\"Pravila privatnosti - M.I. Hr\u0161ak\" \/>\n<meta property=\"og:description\" content=\"PODACI KOJE PRIKUPLJAMOPristup web stranici mi-hrsak.hr je slobodan i ne tra\u017ei se registracija. Kontaktiranjem putem kontakt-obrazaca ili elektroni\u010dkom po\u0161tom ispunjavate svoje podatke. Ti su podaci dostupni isklju\u010divo stranici mi-hrsak.hr kojima su upu\u0107eni u svrhu rje\u0161avanja va\u0161eg upita. Davanje va\u0161ih osobnih podataka je dobrovoljno. Ne obra\u0111ujemo vi\u0161e osobnih podataka no \u0161to je doista potrebno za odgovaranje [&hellip;]\" \/>\n<meta property=\"og:url\" content=\"https:\/\/mi-hrsak.hr\/hu\/pravila-privatnosti\/\" \/>\n<meta property=\"og:site_name\" content=\"M.I. Hr\u0161ak\" \/>\n<meta property=\"article:modified_time\" content=\"2025-04-18T16:47:20+00:00\" \/>\n<meta name=\"twitter:card\" content=\"summary_large_image\" \/>\n<meta name=\"twitter:label1\" content=\"Becs\u00fclt olvas\u00e1si id\u0151\" \/>\n\t<meta name=\"twitter:data1\" content=\"3 perc\" \/>\n<script type=\"application\/ld+json\" class=\"yoast-schema-graph\">{\"@context\":\"https:\/\/schema.org\",\"@graph\":[{\"@type\":\"WebPage\",\"@id\":\"https:\/\/mi-hrsak.hr\/pravila-privatnosti\/\",\"url\":\"https:\/\/mi-hrsak.hr\/pravila-privatnosti\/\",\"name\":\"Pravila privatnosti - M.I. Hr\u0161ak\",\"isPartOf\":{\"@id\":\"https:\/\/mi-hrsak.hr\/#website\"},\"datePublished\":\"2025-03-20T14:42:24+00:00\",\"dateModified\":\"2025-04-18T16:47:20+00:00\",\"breadcrumb\":{\"@id\":\"https:\/\/mi-hrsak.hr\/pravila-privatnosti\/#breadcrumb\"},\"inLanguage\":\"hu\",\"potentialAction\":[{\"@type\":\"ReadAction\",\"target\":[\"https:\/\/mi-hrsak.hr\/pravila-privatnosti\/\"]}]},{\"@type\":\"BreadcrumbList\",\"@id\":\"https:\/\/mi-hrsak.hr\/pravila-privatnosti\/#breadcrumb\",\"itemListElement\":[{\"@type\":\"ListItem\",\"position\":1,\"name\":\"Po\u010detna stranica\",\"item\":\"https:\/\/mi-hrsak.hr\/\"},{\"@type\":\"ListItem\",\"position\":2,\"name\":\"Pravila privatnosti\"}]},{\"@type\":\"WebSite\",\"@id\":\"https:\/\/mi-hrsak.hr\/#website\",\"url\":\"https:\/\/mi-hrsak.hr\/\",\"name\":\"M.I. Hr\u0161ak\",\"description\":\"\",\"publisher\":{\"@id\":\"https:\/\/mi-hrsak.hr\/#organization\"},\"potentialAction\":[{\"@type\":\"SearchAction\",\"target\":{\"@type\":\"EntryPoint\",\"urlTemplate\":\"https:\/\/mi-hrsak.hr\/?s={search_term_string}\"},\"query-input\":{\"@type\":\"PropertyValueSpecification\",\"valueRequired\":true,\"valueName\":\"search_term_string\"}}],\"inLanguage\":\"hu\"},{\"@type\":\"Organization\",\"@id\":\"https:\/\/mi-hrsak.hr\/#organization\",\"name\":\"M.I. Hr\u0161ak\",\"url\":\"https:\/\/mi-hrsak.hr\/\",\"logo\":{\"@type\":\"ImageObject\",\"inLanguage\":\"hu\",\"@id\":\"https:\/\/mi-hrsak.hr\/#\/schema\/logo\/image\/\",\"url\":\"https:\/\/mi-hrsak.hr\/wp-content\/uploads\/2025\/03\/M.I.-Hrsak-logo.png\",\"contentUrl\":\"https:\/\/mi-hrsak.hr\/wp-content\/uploads\/2025\/03\/M.I.-Hrsak-logo.png\",\"width\":3444,\"height\":879,\"caption\":\"M.I. Hr\u0161ak\"},\"image\":{\"@id\":\"https:\/\/mi-hrsak.hr\/#\/schema\/logo\/image\/\"}}]}<\/script>\n<!-- \/ Yoast SEO plugin. -->","yoast_head_json":{"title":"Pravila privatnosti - M.I. Hr\u0161ak","robots":{"index":"index","follow":"follow","max-snippet":"max-snippet:-1","max-image-preview":"max-image-preview:large","max-video-preview":"max-video-preview:-1"},"canonical":"https:\/\/mi-hrsak.hr\/hu\/pravila-privatnosti\/","og_locale":"hu_HU","og_type":"article","og_title":"Pravila privatnosti - M.I. Hr\u0161ak","og_description":"PODACI KOJE PRIKUPLJAMOPristup web stranici mi-hrsak.hr je slobodan i ne tra\u017ei se registracija. Kontaktiranjem putem kontakt-obrazaca ili elektroni\u010dkom po\u0161tom ispunjavate svoje podatke. Ti su podaci dostupni isklju\u010divo stranici mi-hrsak.hr kojima su upu\u0107eni u svrhu rje\u0161avanja va\u0161eg upita. Davanje va\u0161ih osobnih podataka je dobrovoljno. Ne obra\u0111ujemo vi\u0161e osobnih podataka no \u0161to je doista potrebno za odgovaranje [&hellip;]","og_url":"https:\/\/mi-hrsak.hr\/hu\/pravila-privatnosti\/","og_site_name":"M.I. Hr\u0161ak","article_modified_time":"2025-04-18T16:47:20+00:00","twitter_card":"summary_large_image","twitter_misc":{"Becs\u00fclt olvas\u00e1si id\u0151":"3 perc"},"schema":{"@context":"https:\/\/schema.org","@graph":[{"@type":"WebPage","@id":"https:\/\/mi-hrsak.hr\/pravila-privatnosti\/","url":"https:\/\/mi-hrsak.hr\/pravila-privatnosti\/","name":"Pravila privatnosti - M.I. Hr\u0161ak","isPartOf":{"@id":"https:\/\/mi-hrsak.hr\/#website"},"datePublished":"2025-03-20T14:42:24+00:00","dateModified":"2025-04-18T16:47:20+00:00","breadcrumb":{"@id":"https:\/\/mi-hrsak.hr\/pravila-privatnosti\/#breadcrumb"},"inLanguage":"hu","potentialAction":[{"@type":"ReadAction","target":["https:\/\/mi-hrsak.hr\/pravila-privatnosti\/"]}]},{"@type":"BreadcrumbList","@id":"https:\/\/mi-hrsak.hr\/pravila-privatnosti\/#breadcrumb","itemListElement":[{"@type":"ListItem","position":1,"name":"Po\u010detna stranica","item":"https:\/\/mi-hrsak.hr\/"},{"@type":"ListItem","position":2,"name":"Pravila privatnosti"}]},{"@type":"WebSite","@id":"https:\/\/mi-hrsak.hr\/#website","url":"https:\/\/mi-hrsak.hr\/","name":"M.I. Hr\u0161ak","description":"","publisher":{"@id":"https:\/\/mi-hrsak.hr\/#organization"},"potentialAction":[{"@type":"SearchAction","target":{"@type":"EntryPoint","urlTemplate":"https:\/\/mi-hrsak.hr\/?s={search_term_string}"},"query-input":{"@type":"PropertyValueSpecification","valueRequired":true,"valueName":"search_term_string"}}],"inLanguage":"hu"},{"@type":"Organization","@id":"https:\/\/mi-hrsak.hr\/#organization","name":"M.I. Hr\u0161ak","url":"https:\/\/mi-hrsak.hr\/","logo":{"@type":"ImageObject","inLanguage":"hu","@id":"https:\/\/mi-hrsak.hr\/#\/schema\/logo\/image\/","url":"https:\/\/mi-hrsak.hr\/wp-content\/uploads\/2025\/03\/M.I.-Hrsak-logo.png","contentUrl":"https:\/\/mi-hrsak.hr\/wp-content\/uploads\/2025\/03\/M.I.-Hrsak-logo.png","width":3444,"height":879,"caption":"M.I. Hr\u0161ak"},"image":{"@id":"https:\/\/mi-hrsak.hr\/#\/schema\/logo\/image\/"}}]}},"jetpack_sharing_enabled":true,"_links":{"self":[{"href":"https:\/\/mi-hrsak.hr\/hu\/wp-json\/wp\/v2\/pages\/3","targetHints":{"allow":["GET"]}}],"collection":[{"href":"https:\/\/mi-hrsak.hr\/hu\/wp-json\/wp\/v2\/pages"}],"about":[{"href":"https:\/\/mi-hrsak.hr\/hu\/wp-json\/wp\/v2\/types\/page"}],"author":[{"embeddable":true,"href":"https:\/\/mi-hrsak.hr\/hu\/wp-json\/wp\/v2\/users\/1"}],"replies":[{"embeddable":true,"href":"https:\/\/mi-hrsak.hr\/hu\/wp-json\/wp\/v2\/comments?post=3"}],"version-history":[{"count":5,"href":"https:\/\/mi-hrsak.hr\/hu\/wp-json\/wp\/v2\/pages\/3\/revisions"}],"predecessor-version":[{"id":1080,"href":"https:\/\/mi-hrsak.hr\/hu\/wp-json\/wp\/v2\/pages\/3\/revisions\/1080"}],"wp:attachment":[{"href":"https:\/\/mi-hrsak.hr\/hu\/wp-json\/wp\/v2\/media?parent=3"}],"curies":[{"name":"wp","href":"https:\/\/api.w.org\/{rel}","templated":true}]}}