{"id":147,"date":"2025-03-20T16:12:09","date_gmt":"2025-03-20T15:12:09","guid":{"rendered":"http:\/\/mail.mi-hrsak.hr\/?page_id=147"},"modified":"2025-04-15T17:00:18","modified_gmt":"2025-04-15T15:00:18","slug":"pocetna","status":"publish","type":"page","link":"https:\/\/mi-hrsak.hr\/en\/","title":{"rendered":"Home"},"content":{"rendered":"<div data-elementor-type=\"wp-page\" data-elementor-id=\"147\" class=\"elementor elementor-147\" data-elementor-post-type=\"page\">\n\t\t\t\t<div class=\"elementor-element elementor-element-634ef17 e-con-full e-flex e-con e-parent\" data-id=\"634ef17\" data-element_type=\"container\">\n\t\t<div class=\"elementor-element elementor-element-b76b213 e-con-full e-flex e-con e-child\" data-id=\"b76b213\" data-element_type=\"container\" data-settings=\"{&quot;background_background&quot;:&quot;classic&quot;}\">\n\t\t\t\t<div class=\"elementor-element elementor-element-dd39575 elementor-widget elementor-widget-image\" data-id=\"dd39575\" data-element_type=\"widget\" data-widget_type=\"image.default\">\n\t\t\t\t<div class=\"elementor-widget-container\">\n\t\t\t\t\t\t\t\t\t\t\t\t\t\t\t<img fetchpriority=\"high\" decoding=\"async\" width=\"800\" height=\"207\" src=\"https:\/\/mi-hrsak.hr\/wp-content\/uploads\/2025\/04\/Logo-2024-1024x265.png\" class=\"attachment-large size-large wp-image-953\" alt=\"\" srcset=\"https:\/\/mi-hrsak.hr\/wp-content\/uploads\/2025\/04\/Logo-2024-1024x265.png 1024w, https:\/\/mi-hrsak.hr\/wp-content\/uploads\/2025\/04\/Logo-2024-300x78.png 300w, https:\/\/mi-hrsak.hr\/wp-content\/uploads\/2025\/04\/Logo-2024-768x199.png 768w, https:\/\/mi-hrsak.hr\/wp-content\/uploads\/2025\/04\/Logo-2024.png 1101w\" sizes=\"(max-width: 800px) 100vw, 800px\" \/>\t\t\t\t\t\t\t\t\t\t\t\t\t\t\t<\/div>\n\t\t\t\t<\/div>\n\t\t\t\t<div class=\"elementor-element elementor-element-f6c271e elementor-align-center elementor-icon-list--layout-traditional elementor-list-item-link-full_width elementor-widget elementor-widget-icon-list\" data-id=\"f6c271e\" data-element_type=\"widget\" data-widget_type=\"icon-list.default\">\n\t\t\t\t<div class=\"elementor-widget-container\">\n\t\t\t\t\t\t\t<ul class=\"elementor-icon-list-items\">\n\t\t\t\t\t\t\t<li class=\"elementor-icon-list-item\">\n\t\t\t\t\t\t\t\t\t\t\t<span class=\"elementor-icon-list-icon\">\n\t\t\t\t\t\t\t<svg aria-hidden=\"true\" class=\"e-font-icon-svg e-fas-caret-right\" viewbox=\"0 0 192 512\" xmlns=\"http:\/\/www.w3.org\/2000\/svg\"><path d=\"M0 384.662V127.338c0-17.818 21.543-26.741 34.142-14.142l128.662 128.662c7.81 7.81 7.81 20.474 0 28.284L34.142 398.804C21.543 411.404 0 402.48 0 384.662z\"><\/path><\/svg>\t\t\t\t\t\t<\/span>\n\t\t\t\t\t\t\t\t\t\t<span class=\"elementor-icon-list-text\">Tin covers in the form of tiles and trapezoidal sheets<\/span>\n\t\t\t\t\t\t\t\t\t<\/li>\n\t\t\t\t\t\t\t\t<li class=\"elementor-icon-list-item\">\n\t\t\t\t\t\t\t\t\t\t\t<span class=\"elementor-icon-list-icon\">\n\t\t\t\t\t\t\t<svg aria-hidden=\"true\" class=\"e-font-icon-svg e-fas-caret-right\" viewbox=\"0 0 192 512\" xmlns=\"http:\/\/www.w3.org\/2000\/svg\"><path d=\"M0 384.662V127.338c0-17.818 21.543-26.741 34.142-14.142l128.662 128.662c7.81 7.81 7.81 20.474 0 28.284L34.142 398.804C21.543 411.404 0 402.48 0 384.662z\"><\/path><\/svg>\t\t\t\t\t\t<\/span>\n\t\t\t\t\t\t\t\t\t\t<span class=\"elementor-icon-list-text\">Roof tinsmiths and equipment<\/span>\n\t\t\t\t\t\t\t\t\t<\/li>\n\t\t\t\t\t\t\t\t<li class=\"elementor-icon-list-item\">\n\t\t\t\t\t\t\t\t\t\t\t<span class=\"elementor-icon-list-icon\">\n\t\t\t\t\t\t\t<svg aria-hidden=\"true\" class=\"e-font-icon-svg e-fas-caret-right\" viewbox=\"0 0 192 512\" xmlns=\"http:\/\/www.w3.org\/2000\/svg\"><path d=\"M0 384.662V127.338c0-17.818 21.543-26.741 34.142-14.142l128.662 128.662c7.81 7.81 7.81 20.474 0 28.284L34.142 398.804C21.543 411.404 0 402.48 0 384.662z\"><\/path><\/svg>\t\t\t\t\t\t<\/span>\n\t\t\t\t\t\t\t\t\t\t<span class=\"elementor-icon-list-text\">drainage systems<\/span>\n\t\t\t\t\t\t\t\t\t<\/li>\n\t\t\t\t\t\t\t\t<li class=\"elementor-icon-list-item\">\n\t\t\t\t\t\t\t\t\t\t\t<span class=\"elementor-icon-list-icon\">\n\t\t\t\t\t\t\t<svg aria-hidden=\"true\" class=\"e-font-icon-svg e-fas-caret-right\" viewbox=\"0 0 192 512\" xmlns=\"http:\/\/www.w3.org\/2000\/svg\"><path d=\"M0 384.662V127.338c0-17.818 21.543-26.741 34.142-14.142l128.662 128.662c7.81 7.81 7.81 20.474 0 28.284L34.142 398.804C21.543 411.404 0 402.48 0 384.662z\"><\/path><\/svg>\t\t\t\t\t\t<\/span>\n\t\t\t\t\t\t\t\t\t\t<span class=\"elementor-icon-list-text\">profiles for dry construction<\/span>\n\t\t\t\t\t\t\t\t\t<\/li>\n\t\t\t\t\t\t\t\t<li class=\"elementor-icon-list-item\">\n\t\t\t\t\t\t\t\t\t\t\t<span class=\"elementor-icon-list-icon\">\n\t\t\t\t\t\t\t<svg aria-hidden=\"true\" class=\"e-font-icon-svg e-fas-caret-right\" viewbox=\"0 0 192 512\" xmlns=\"http:\/\/www.w3.org\/2000\/svg\"><path d=\"M0 384.662V127.338c0-17.818 21.543-26.741 34.142-14.142l128.662 128.662c7.81 7.81 7.81 20.474 0 28.284L34.142 398.804C21.543 411.404 0 402.48 0 384.662z\"><\/path><\/svg>\t\t\t\t\t\t<\/span>\n\t\t\t\t\t\t\t\t\t\t<span class=\"elementor-icon-list-text\">roof and fa\u00e7ade sandwich panels<\/span>\n\t\t\t\t\t\t\t\t\t<\/li>\n\t\t\t\t\t\t<\/ul>\n\t\t\t\t\t\t<\/div>\n\t\t\t\t<\/div>\n\t\t\t\t<div class=\"elementor-element elementor-element-d231675 elementor-align-center elementor-widget elementor-widget-button\" data-id=\"d231675\" data-element_type=\"widget\" data-widget_type=\"button.default\">\n\t\t\t\t<div class=\"elementor-widget-container\">\n\t\t\t\t\t\t\t\t\t<div class=\"elementor-button-wrapper\">\n\t\t\t\t\t<a class=\"elementor-button elementor-button-link elementor-size-sm elementor-animation-grow\" href=\"https:\/\/www.nordic.hr\" target=\"_blank\">\n\t\t\t\t\t\t<span class=\"elementor-button-content-wrapper\">\n\t\t\t\t\t\t\t\t\t<span class=\"elementor-button-text\">www.nordic.hr<\/span>\n\t\t\t\t\t<\/span>\n\t\t\t\t\t<\/a>\n\t\t\t\t<\/div>\n\t\t\t\t\t\t\t\t<\/div>\n\t\t\t\t<\/div>\n\t\t\t\t<\/div>\n\t\t<div class=\"elementor-element elementor-element-0b2a564 e-con-full e-flex e-con e-child\" data-id=\"0b2a564\" data-element_type=\"container\" data-settings=\"{&quot;background_background&quot;:&quot;classic&quot;}\">\n\t\t\t\t<div class=\"elementor-element elementor-element-7be2c20 elementor-widget elementor-widget-image\" data-id=\"7be2c20\" data-element_type=\"widget\" data-widget_type=\"image.default\">\n\t\t\t\t<div class=\"elementor-widget-container\">\n\t\t\t\t\t\t\t\t\t\t\t\t\t\t\t<img decoding=\"async\" width=\"800\" height=\"204\" src=\"https:\/\/mi-hrsak.hr\/wp-content\/uploads\/2025\/03\/M.I.-Hrsak-logo-1024x261.png\" class=\"attachment-large size-large wp-image-153\" alt=\"\" srcset=\"https:\/\/mi-hrsak.hr\/wp-content\/uploads\/2025\/03\/M.I.-Hrsak-logo-1024x261.png 1024w, https:\/\/mi-hrsak.hr\/wp-content\/uploads\/2025\/03\/M.I.-Hrsak-logo-300x77.png 300w, https:\/\/mi-hrsak.hr\/wp-content\/uploads\/2025\/03\/M.I.-Hrsak-logo-768x196.png 768w, https:\/\/mi-hrsak.hr\/wp-content\/uploads\/2025\/03\/M.I.-Hrsak-logo-1536x392.png 1536w, https:\/\/mi-hrsak.hr\/wp-content\/uploads\/2025\/03\/M.I.-Hrsak-logo-2048x523.png 2048w\" sizes=\"(max-width: 800px) 100vw, 800px\" \/>\t\t\t\t\t\t\t\t\t\t\t\t\t\t\t<\/div>\n\t\t\t\t<\/div>\n\t\t\t\t<div class=\"elementor-element elementor-element-b9101c9 elementor-align-center elementor-icon-list--layout-traditional elementor-list-item-link-full_width elementor-widget elementor-widget-icon-list\" data-id=\"b9101c9\" data-element_type=\"widget\" data-widget_type=\"icon-list.default\">\n\t\t\t\t<div class=\"elementor-widget-container\">\n\t\t\t\t\t\t\t<ul class=\"elementor-icon-list-items\">\n\t\t\t\t\t\t\t<li class=\"elementor-icon-list-item\">\n\t\t\t\t\t\t\t\t\t\t\t<span class=\"elementor-icon-list-icon\">\n\t\t\t\t\t\t\t<svg aria-hidden=\"true\" class=\"e-font-icon-svg e-fas-caret-right\" viewbox=\"0 0 192 512\" xmlns=\"http:\/\/www.w3.org\/2000\/svg\"><path d=\"M0 384.662V127.338c0-17.818 21.543-26.741 34.142-14.142l128.662 128.662c7.81 7.81 7.81 20.474 0 28.284L34.142 398.804C21.543 411.404 0 402.48 0 384.662z\"><\/path><\/svg>\t\t\t\t\t\t<\/span>\n\t\t\t\t\t\t\t\t\t\t<span class=\"elementor-icon-list-text\">Corporate Sites<\/span>\n\t\t\t\t\t\t\t\t\t<\/li>\n\t\t\t\t\t\t\t\t<li class=\"elementor-icon-list-item\">\n\t\t\t\t\t\t\t\t\t\t\t<span class=\"elementor-icon-list-icon\">\n\t\t\t\t\t\t\t<svg aria-hidden=\"true\" class=\"e-font-icon-svg e-fas-caret-right\" viewbox=\"0 0 192 512\" xmlns=\"http:\/\/www.w3.org\/2000\/svg\"><path d=\"M0 384.662V127.338c0-17.818 21.543-26.741 34.142-14.142l128.662 128.662c7.81 7.81 7.81 20.474 0 28.284L34.142 398.804C21.543 411.404 0 402.48 0 384.662z\"><\/path><\/svg>\t\t\t\t\t\t<\/span>\n\t\t\t\t\t\t\t\t\t\t<span class=\"elementor-icon-list-text\">Installation and production of steel structures<\/span>\n\t\t\t\t\t\t\t\t\t<\/li>\n\t\t\t\t\t\t<\/ul>\n\t\t\t\t\t\t<\/div>\n\t\t\t\t<\/div>\n\t\t\t\t<div class=\"elementor-element elementor-element-a6fdeb7 elementor-align-center elementor-widget elementor-widget-button\" data-id=\"a6fdeb7\" data-element_type=\"widget\" data-widget_type=\"button.default\">\n\t\t\t\t<div class=\"elementor-widget-container\">\n\t\t\t\t\t\t\t\t\t<div class=\"elementor-button-wrapper\">\n\t\t\t\t\t<a class=\"elementor-button elementor-button-link elementor-size-sm elementor-animation-grow\" href=\"https:\/\/mi-hrsak.hr\/en\/o-nama\/\">\n\t\t\t\t\t\t<span class=\"elementor-button-content-wrapper\">\n\t\t\t\t\t\t\t\t\t<span class=\"elementor-button-text\">www.mi-hrsak.hr<\/span>\n\t\t\t\t\t<\/span>\n\t\t\t\t\t<\/a>\n\t\t\t\t<\/div>\n\t\t\t\t\t\t\t\t<\/div>\n\t\t\t\t<\/div>\n\t\t\t\t<\/div>\n\t\t\t\t<\/div>\n\t\t\t\t<\/div>","protected":false},"excerpt":{"rendered":"<p>tin covers in the form of tiles and trapezoidal roof tiles and equipment drainage systems profiles for dry construction roof and facade sandwich panels www.nordic.hr Corporate pages Installation and production of steel structures www.mi-hrsak.hr<\/p>","protected":false},"author":1,"featured_media":0,"parent":0,"menu_order":0,"comment_status":"closed","ping_status":"closed","template":"elementor_canvas","meta":{"footnotes":""},"class_list":["post-147","page","type-page","status-publish","hentry"],"yoast_head":"<!-- This site is optimized with the Yoast SEO plugin v24.9 - https:\/\/yoast.com\/wordpress\/plugins\/seo\/ -->\n<title>Po\u010detna - M.I. Hr\u0161ak<\/title>\n<meta name=\"robots\" content=\"index, follow, max-snippet:-1, max-image-preview:large, max-video-preview:-1\" \/>\n<link rel=\"canonical\" href=\"https:\/\/mi-hrsak.hr\/en\/\" \/>\n<meta property=\"og:locale\" content=\"en_GB\" \/>\n<meta property=\"og:type\" content=\"article\" \/>\n<meta property=\"og:title\" content=\"Po\u010detna - M.I. Hr\u0161ak\" \/>\n<meta property=\"og:description\" content=\"limeni pokrovi u obliku crijepa i trapeza krovna limarija i oprema odvodni sistemi profili za suhu gradnju krovni i fasadni sendvi\u010d paneli www.nordic.hr Korporativne stranice Monta\u017ea i izrada \u010deli\u010dnih konstrukcija www.mi-hrsak.hr\" \/>\n<meta property=\"og:url\" content=\"https:\/\/mi-hrsak.hr\/en\/\" \/>\n<meta property=\"og:site_name\" content=\"M.I. Hr\u0161ak\" \/>\n<meta property=\"article:modified_time\" content=\"2025-04-15T15:00:18+00:00\" \/>\n<meta property=\"og:image\" content=\"http:\/\/mail.mi-hrsak.hr\/wp-content\/uploads\/2025\/04\/Logo-2024-1024x265.png\" \/>\n<meta name=\"twitter:card\" content=\"summary_large_image\" \/>\n<meta name=\"twitter:label1\" content=\"Estimated reading time\" \/>\n\t<meta name=\"twitter:data1\" content=\"1 minute\" \/>\n<script type=\"application\/ld+json\" class=\"yoast-schema-graph\">{\"@context\":\"https:\/\/schema.org\",\"@graph\":[{\"@type\":\"WebPage\",\"@id\":\"https:\/\/mi-hrsak.hr\/\",\"url\":\"https:\/\/mi-hrsak.hr\/\",\"name\":\"Po\u010detna - M.I. Hr\u0161ak\",\"isPartOf\":{\"@id\":\"https:\/\/mi-hrsak.hr\/#website\"},\"primaryImageOfPage\":{\"@id\":\"https:\/\/mi-hrsak.hr\/#primaryimage\"},\"image\":{\"@id\":\"https:\/\/mi-hrsak.hr\/#primaryimage\"},\"thumbnailUrl\":\"http:\/\/mail.mi-hrsak.hr\/wp-content\/uploads\/2025\/04\/Logo-2024-1024x265.png\",\"datePublished\":\"2025-03-20T15:12:09+00:00\",\"dateModified\":\"2025-04-15T15:00:18+00:00\",\"breadcrumb\":{\"@id\":\"https:\/\/mi-hrsak.hr\/#breadcrumb\"},\"inLanguage\":\"en-GB\",\"potentialAction\":[{\"@type\":\"ReadAction\",\"target\":[\"https:\/\/mi-hrsak.hr\/\"]}]},{\"@type\":\"ImageObject\",\"inLanguage\":\"en-GB\",\"@id\":\"https:\/\/mi-hrsak.hr\/#primaryimage\",\"url\":\"http:\/\/mail.mi-hrsak.hr\/wp-content\/uploads\/2025\/04\/Logo-2024-1024x265.png\",\"contentUrl\":\"http:\/\/mail.mi-hrsak.hr\/wp-content\/uploads\/2025\/04\/Logo-2024-1024x265.png\"},{\"@type\":\"BreadcrumbList\",\"@id\":\"https:\/\/mi-hrsak.hr\/#breadcrumb\",\"itemListElement\":[{\"@type\":\"ListItem\",\"position\":1,\"name\":\"Po\u010detna stranica\",\"item\":\"https:\/\/mi-hrsak.hr\/\"},{\"@type\":\"ListItem\",\"position\":2,\"name\":\"Po\u010detna\"}]},{\"@type\":\"WebSite\",\"@id\":\"https:\/\/mi-hrsak.hr\/#website\",\"url\":\"https:\/\/mi-hrsak.hr\/\",\"name\":\"M.I. Hr\u0161ak\",\"description\":\"\",\"publisher\":{\"@id\":\"https:\/\/mi-hrsak.hr\/#organization\"},\"potentialAction\":[{\"@type\":\"SearchAction\",\"target\":{\"@type\":\"EntryPoint\",\"urlTemplate\":\"https:\/\/mi-hrsak.hr\/?s={search_term_string}\"},\"query-input\":{\"@type\":\"PropertyValueSpecification\",\"valueRequired\":true,\"valueName\":\"search_term_string\"}}],\"inLanguage\":\"en-GB\"},{\"@type\":\"Organization\",\"@id\":\"https:\/\/mi-hrsak.hr\/#organization\",\"name\":\"M.I. Hr\u0161ak\",\"url\":\"https:\/\/mi-hrsak.hr\/\",\"logo\":{\"@type\":\"ImageObject\",\"inLanguage\":\"en-GB\",\"@id\":\"https:\/\/mi-hrsak.hr\/#\/schema\/logo\/image\/\",\"url\":\"https:\/\/mi-hrsak.hr\/wp-content\/uploads\/2025\/03\/M.I.-Hrsak-logo.png\",\"contentUrl\":\"https:\/\/mi-hrsak.hr\/wp-content\/uploads\/2025\/03\/M.I.-Hrsak-logo.png\",\"width\":3444,\"height\":879,\"caption\":\"M.I. Hr\u0161ak\"},\"image\":{\"@id\":\"https:\/\/mi-hrsak.hr\/#\/schema\/logo\/image\/\"}}]}<\/script>\n<!-- \/ Yoast SEO plugin. -->","yoast_head_json":{"title":"Po\u010detna - M.I. Hr\u0161ak","robots":{"index":"index","follow":"follow","max-snippet":"max-snippet:-1","max-image-preview":"max-image-preview:large","max-video-preview":"max-video-preview:-1"},"canonical":"https:\/\/mi-hrsak.hr\/en\/","og_locale":"en_GB","og_type":"article","og_title":"Po\u010detna - M.I. Hr\u0161ak","og_description":"limeni pokrovi u obliku crijepa i trapeza krovna limarija i oprema odvodni sistemi profili za suhu gradnju krovni i fasadni sendvi\u010d paneli www.nordic.hr Korporativne stranice Monta\u017ea i izrada \u010deli\u010dnih konstrukcija www.mi-hrsak.hr","og_url":"https:\/\/mi-hrsak.hr\/en\/","og_site_name":"M.I. Hr\u0161ak","article_modified_time":"2025-04-15T15:00:18+00:00","og_image":[{"url":"http:\/\/mail.mi-hrsak.hr\/wp-content\/uploads\/2025\/04\/Logo-2024-1024x265.png","type":"","width":"","height":""}],"twitter_card":"summary_large_image","twitter_misc":{"Estimated reading time":"1 minute"},"schema":{"@context":"https:\/\/schema.org","@graph":[{"@type":"WebPage","@id":"https:\/\/mi-hrsak.hr\/","url":"https:\/\/mi-hrsak.hr\/","name":"Po\u010detna - M.I. Hr\u0161ak","isPartOf":{"@id":"https:\/\/mi-hrsak.hr\/#website"},"primaryImageOfPage":{"@id":"https:\/\/mi-hrsak.hr\/#primaryimage"},"image":{"@id":"https:\/\/mi-hrsak.hr\/#primaryimage"},"thumbnailUrl":"http:\/\/mail.mi-hrsak.hr\/wp-content\/uploads\/2025\/04\/Logo-2024-1024x265.png","datePublished":"2025-03-20T15:12:09+00:00","dateModified":"2025-04-15T15:00:18+00:00","breadcrumb":{"@id":"https:\/\/mi-hrsak.hr\/#breadcrumb"},"inLanguage":"en-GB","potentialAction":[{"@type":"ReadAction","target":["https:\/\/mi-hrsak.hr\/"]}]},{"@type":"ImageObject","inLanguage":"en-GB","@id":"https:\/\/mi-hrsak.hr\/#primaryimage","url":"http:\/\/mail.mi-hrsak.hr\/wp-content\/uploads\/2025\/04\/Logo-2024-1024x265.png","contentUrl":"http:\/\/mail.mi-hrsak.hr\/wp-content\/uploads\/2025\/04\/Logo-2024-1024x265.png"},{"@type":"BreadcrumbList","@id":"https:\/\/mi-hrsak.hr\/#breadcrumb","itemListElement":[{"@type":"ListItem","position":1,"name":"Po\u010detna stranica","item":"https:\/\/mi-hrsak.hr\/"},{"@type":"ListItem","position":2,"name":"Po\u010detna"}]},{"@type":"WebSite","@id":"https:\/\/mi-hrsak.hr\/#website","url":"https:\/\/mi-hrsak.hr\/","name":"M.I. Hr\u0161ak","description":"","publisher":{"@id":"https:\/\/mi-hrsak.hr\/#organization"},"potentialAction":[{"@type":"SearchAction","target":{"@type":"EntryPoint","urlTemplate":"https:\/\/mi-hrsak.hr\/?s={search_term_string}"},"query-input":{"@type":"PropertyValueSpecification","valueRequired":true,"valueName":"search_term_string"}}],"inLanguage":"en-GB"},{"@type":"Organization","@id":"https:\/\/mi-hrsak.hr\/#organization","name":"M.I. Hr\u0161ak","url":"https:\/\/mi-hrsak.hr\/","logo":{"@type":"ImageObject","inLanguage":"en-GB","@id":"https:\/\/mi-hrsak.hr\/#\/schema\/logo\/image\/","url":"https:\/\/mi-hrsak.hr\/wp-content\/uploads\/2025\/03\/M.I.-Hrsak-logo.png","contentUrl":"https:\/\/mi-hrsak.hr\/wp-content\/uploads\/2025\/03\/M.I.-Hrsak-logo.png","width":3444,"height":879,"caption":"M.I. Hr\u0161ak"},"image":{"@id":"https:\/\/mi-hrsak.hr\/#\/schema\/logo\/image\/"}}]}},"jetpack_sharing_enabled":true,"_links":{"self":[{"href":"https:\/\/mi-hrsak.hr\/en\/wp-json\/wp\/v2\/pages\/147","targetHints":{"allow":["GET"]}}],"collection":[{"href":"https:\/\/mi-hrsak.hr\/en\/wp-json\/wp\/v2\/pages"}],"about":[{"href":"https:\/\/mi-hrsak.hr\/en\/wp-json\/wp\/v2\/types\/page"}],"author":[{"embeddable":true,"href":"https:\/\/mi-hrsak.hr\/en\/wp-json\/wp\/v2\/users\/1"}],"replies":[{"embeddable":true,"href":"https:\/\/mi-hrsak.hr\/en\/wp-json\/wp\/v2\/comments?post=147"}],"version-history":[{"count":91,"href":"https:\/\/mi-hrsak.hr\/en\/wp-json\/wp\/v2\/pages\/147\/revisions"}],"predecessor-version":[{"id":1015,"href":"https:\/\/mi-hrsak.hr\/en\/wp-json\/wp\/v2\/pages\/147\/revisions\/1015"}],"wp:attachment":[{"href":"https:\/\/mi-hrsak.hr\/en\/wp-json\/wp\/v2\/media?parent=147"}],"curies":[{"name":"wp","href":"https:\/\/api.w.org\/{rel}","templated":true}]}}