{"id":3,"date":"2025-03-20T15:42:24","date_gmt":"2025-03-20T14:42:24","guid":{"rendered":"http:\/\/mail.mi-hrsak.hr\/?page_id=3"},"modified":"2025-04-18T18:47:20","modified_gmt":"2025-04-18T16:47:20","slug":"pravila-privatnosti","status":"publish","type":"page","link":"https:\/\/mi-hrsak.hr\/de\/pravila-privatnosti\/","title":{"rendered":"Datenschutzerkl\u00e4rung"},"content":{"rendered":"<div data-elementor-type=\"wp-page\" data-elementor-id=\"3\" class=\"elementor elementor-3\" data-elementor-post-type=\"page\">\n\t\t\t\t<div class=\"elementor-element elementor-element-66266f2c animated-slow e-flex e-con-boxed elementor-invisible e-con e-parent\" data-id=\"66266f2c\" data-element_type=\"container\" data-settings=\"{&quot;background_background&quot;:&quot;classic&quot;,&quot;shape_divider_bottom&quot;:&quot;curve&quot;,&quot;shape_divider_bottom_negative&quot;:&quot;yes&quot;,&quot;animation&quot;:&quot;fadeIn&quot;}\">\n\t\t\t\t\t<div class=\"e-con-inner\">\n\t\t\t\t<div class=\"elementor-shape elementor-shape-bottom\" data-negative=\"true\">\n\t\t\t<svg xmlns=\"http:\/\/www.w3.org\/2000\/svg\" viewbox=\"0 0 1000 100\" preserveaspectratio=\"none\">\n\t<path class=\"elementor-shape-fill\" d=\"M500,97C126.7,96.3,0.8,19.8,0,0v100l1000,0V1C1000,19.4,873.3,97.8,500,97z\"\/>\n<\/svg>\t\t<\/div>\n\t\t<div class=\"elementor-element elementor-element-5c2bd264 e-con-full e-flex e-con e-child\" data-id=\"5c2bd264\" data-element_type=\"container\">\n\t\t<div class=\"elementor-element elementor-element-6fd6179 e-con-full e-flex e-con e-child\" data-id=\"6fd6179\" data-element_type=\"container\" data-settings=\"{&quot;background_background&quot;:&quot;classic&quot;}\">\n\t\t\t\t<div class=\"elementor-element elementor-element-753e6d35 elementor-widget elementor-widget-heading\" data-id=\"753e6d35\" data-element_type=\"widget\" data-widget_type=\"heading.default\">\n\t\t\t\t<div class=\"elementor-widget-container\">\n\t\t\t\t\t<h1 class=\"elementor-heading-title elementor-size-default\">Datenschutzerkl\u00e4rung<\/h1>\t\t\t\t<\/div>\n\t\t\t\t<\/div>\n\t\t\t\t<\/div>\n\t\t\t\t<\/div>\n\t\t\t\t\t<\/div>\n\t\t\t\t<\/div>\n\t\t<div class=\"elementor-element elementor-element-31f3109 e-flex e-con-boxed e-con e-parent\" data-id=\"31f3109\" data-element_type=\"container\">\n\t\t\t\t\t<div class=\"e-con-inner\">\n\t\t\t\t<div class=\"elementor-element elementor-element-c7553e9 elementor-widget elementor-widget-text-editor\" data-id=\"c7553e9\" data-element_type=\"widget\" data-widget_type=\"text-editor.default\">\n\t\t\t\t<div class=\"elementor-widget-container\">\n\t\t\t\t\t\t\t\t\t<p><strong>INFORMATIONEN, DIE WIR ERHEBEN<\/strong><br \/>Der Zugang zur Website mi-hrsak.hr ist kostenlos und eine Registrierung ist nicht erforderlich. Wenn Sie uns \u00fcber Kontaktformulare oder per E-Mail kontaktieren, geben Sie Ihre Daten ein. Diese Informationen stehen ausschlie\u00dflich der Website mi-hrsak.hr zur Verf\u00fcgung, an die sie zum Zwecke der L\u00f6sung Ihrer Anfrage gerichtet sind. Die Bereitstellung Ihrer personenbezogenen Daten ist freiwillig. Wir verarbeiten nicht mehr personenbezogene Daten, als f\u00fcr die Beantwortung Ihrer Anfrage unbedingt erforderlich sind.<\/p><p><strong>SCHUTZ IHRER PERSONENBEZOGENEN DATEN<\/strong><br \/>Die Website mi-hrsak.hr respektiert Ihre Privatsph\u00e4re und verarbeitet Ihre personenbezogenen Daten fair und rechtm\u00e4\u00dfig. Wir speichern Ihre personenbezogenen Daten in elektronischer Form und wenden zum Schutz geeignete technische und organisatorische Ma\u00dfnahmen zum Schutz personenbezogener Daten und Verfahren an, um den unbefugten Zugriff auf personenbezogene Daten zu verhindern.<\/p><p><strong>COOKIES<\/strong><br \/>Die Website www.mi-hrsak.hr verwendet so genannte Cookies. \u201eCookies\u201c), um dem Nutzer einen Dienst mit voller Funktionalit\u00e4t und qualitativ hochwertigsten Inhalten anbieten zu k\u00f6nnen. Cookies sind eine Reihe von Daten, die vom Server der Website generiert und vom Webbrowser in Form einer kleinen Textdatei auf der Festplatte des Benutzers gespeichert werden. Wir sind st\u00e4ndig bem\u00fcht, unseren Nutzern die bestm\u00f6gliche Benutzererfahrung zu bieten, daher ist zu beachten, dass unsere Websites nur dann optimal funktionieren, wenn Cookies aktiviert sind. Um \"Cookies\" in \u00dcbereinstimmung mit dem Gesetz \u00fcber elektronische Kommunikation, dem Gesetz \u00fcber den Schutz personenbezogener Daten und den EU-Richtlinien zu verwenden, ben\u00f6tigen wir Ihre Zustimmung. Durch die Nutzung dieser Website erkl\u00e4ren Sie sich mit der Verwendung von Cookies einverstanden. Durch das Blockieren von Cookies k\u00f6nnen Sie die Website weiterhin durchsuchen, einige ihrer Funktionen stehen Ihnen jedoch nicht zur Verf\u00fcgung.<\/p><p><strong>INHALTE VON ANDEREN WEBSITES<\/strong><br \/>Artikel auf dieser Website k\u00f6nnen eingebettete Inhalte enthalten (z.B. Videos, Bilder, Artikel, etc.). Eingebettete Inhalte von anderen Websites verhalten sich genauso, als ob der Besucher diese andere Website besucht h\u00e4tte.<\/p><p><strong>SCHUTZMASSNAHMEN<\/strong><br \/>Die Website mi-hrsak.hr verwendet technische und Sicherheitsma\u00dfnahmen, Regeln und andere Verfahren, um die personenbezogenen Daten der Nutzer dieser Website vor unbefugtem Zugriff, Missbrauch, Erkennung, Verlust oder Zerst\u00f6rung zu sch\u00fctzen. Um die Privatsph\u00e4re der Nutzer der Website zu sch\u00fctzen, setzen wir branchen\u00fcbliche Sicherheitsma\u00dfnahmen wie Firewall und Passwortschutz ein. Der Nutzer ist jedoch verpflichtet, daf\u00fcr zu sorgen, dass der von ihm verwendete Computer auch sicher und vor Schadsoftware wie Trojanern, Computerviren und W\u00fcrmern gesch\u00fctzt ist. Der Benutzer der Website ist sich bewusst, dass ohne angemessene Sicherheitsma\u00dfnahmen (zum Beispiel sichere Internet-Browser-Konfiguration, aktualisierte Antivirenprogramme, pers\u00f6nliche Firewall-Programme, Nichtverwendung von Programmen aus verd\u00e4chtigen Quellen) die Gefahr besteht, dass die Daten und Passw\u00f6rter, die verwendet werden, um den Zugriff auf personenbezogene Daten zu verhindern, an unbefugte Dritte weitergegeben werden.<\/p><p><strong>ANGEBOTSTATISTIK<\/strong><br \/>Diese Website verwendet Google Analytics, um Anwesenheitsstatistiken zu messen.<\/p><p><strong>HAFTUNGSBESCHR\u00c4NKUNG<\/strong><br \/>Obwohl wir verf\u00fcgbare technische und organisatorische Ma\u00dfnahmen ergreifen, um die unbefugte Offenlegung Ihrer personenbezogenen Daten zu verhindern, k\u00f6nnen wir nicht garantieren, dass einige der von uns erfassten personenbezogenen Daten entgegen den Bestimmungen dieser Datenschutzrichtlinie niemals versehentlich offengelegt werden. Soweit gesetzlich zul\u00e4ssig, schlie\u00dfen wir die Haftung f\u00fcr Sch\u00e4den aus, die Nutzern oder Dritten durch die unbeabsichtigte Weitergabe personenbezogener Daten entstehen.<\/p>\t\t\t\t\t\t\t\t<\/div>\n\t\t\t\t<\/div>\n\t\t\t\t\t<\/div>\n\t\t\t\t<\/div>\n\t\t\t\t<\/div>","protected":false},"excerpt":{"rendered":"<p>Der Zugang zur Website mi-hrsak.hr ist kostenlos und eine Registrierung ist nicht erforderlich. Wenn Sie uns \u00fcber Kontaktformulare oder per E-Mail kontaktieren, geben Sie Ihre Daten ein. Diese Informationen stehen ausschlie\u00dflich der Website mi-hrsak.hr zur Verf\u00fcgung, an die sie zum Zwecke der L\u00f6sung Ihrer Anfrage gerichtet sind. Die Bereitstellung Ihrer personenbezogenen Daten ist freiwillig. Wir verarbeiten nicht mehr personenbezogene Daten, als wirklich notwendig sind, um [...]<\/p>","protected":false},"author":1,"featured_media":0,"parent":0,"menu_order":0,"comment_status":"closed","ping_status":"closed","template":"elementor_header_footer","meta":{"footnotes":""},"class_list":["post-3","page","type-page","status-publish","hentry"],"yoast_head":"<!-- This site is optimized with the Yoast SEO plugin v24.9 - https:\/\/yoast.com\/wordpress\/plugins\/seo\/ -->\n<title>Pravila privatnosti - M.I. Hr\u0161ak<\/title>\n<meta name=\"robots\" content=\"index, follow, max-snippet:-1, max-image-preview:large, max-video-preview:-1\" \/>\n<link rel=\"canonical\" href=\"https:\/\/mi-hrsak.hr\/de\/pravila-privatnosti\/\" \/>\n<meta property=\"og:locale\" content=\"de_DE\" \/>\n<meta property=\"og:type\" content=\"article\" \/>\n<meta property=\"og:title\" content=\"Pravila privatnosti - M.I. Hr\u0161ak\" \/>\n<meta property=\"og:description\" content=\"PODACI KOJE PRIKUPLJAMOPristup web stranici mi-hrsak.hr je slobodan i ne tra\u017ei se registracija. Kontaktiranjem putem kontakt-obrazaca ili elektroni\u010dkom po\u0161tom ispunjavate svoje podatke. Ti su podaci dostupni isklju\u010divo stranici mi-hrsak.hr kojima su upu\u0107eni u svrhu rje\u0161avanja va\u0161eg upita. Davanje va\u0161ih osobnih podataka je dobrovoljno. Ne obra\u0111ujemo vi\u0161e osobnih podataka no \u0161to je doista potrebno za odgovaranje [&hellip;]\" \/>\n<meta property=\"og:url\" content=\"https:\/\/mi-hrsak.hr\/de\/pravila-privatnosti\/\" \/>\n<meta property=\"og:site_name\" content=\"M.I. Hr\u0161ak\" \/>\n<meta property=\"article:modified_time\" content=\"2025-04-18T16:47:20+00:00\" \/>\n<meta name=\"twitter:card\" content=\"summary_large_image\" \/>\n<meta name=\"twitter:label1\" content=\"Gesch\u00e4tzte Lesezeit\" \/>\n\t<meta name=\"twitter:data1\" content=\"3\u00a0Minuten\" \/>\n<script type=\"application\/ld+json\" class=\"yoast-schema-graph\">{\"@context\":\"https:\/\/schema.org\",\"@graph\":[{\"@type\":\"WebPage\",\"@id\":\"https:\/\/mi-hrsak.hr\/pravila-privatnosti\/\",\"url\":\"https:\/\/mi-hrsak.hr\/pravila-privatnosti\/\",\"name\":\"Pravila privatnosti - M.I. Hr\u0161ak\",\"isPartOf\":{\"@id\":\"https:\/\/mi-hrsak.hr\/#website\"},\"datePublished\":\"2025-03-20T14:42:24+00:00\",\"dateModified\":\"2025-04-18T16:47:20+00:00\",\"breadcrumb\":{\"@id\":\"https:\/\/mi-hrsak.hr\/pravila-privatnosti\/#breadcrumb\"},\"inLanguage\":\"de\",\"potentialAction\":[{\"@type\":\"ReadAction\",\"target\":[\"https:\/\/mi-hrsak.hr\/pravila-privatnosti\/\"]}]},{\"@type\":\"BreadcrumbList\",\"@id\":\"https:\/\/mi-hrsak.hr\/pravila-privatnosti\/#breadcrumb\",\"itemListElement\":[{\"@type\":\"ListItem\",\"position\":1,\"name\":\"Po\u010detna stranica\",\"item\":\"https:\/\/mi-hrsak.hr\/\"},{\"@type\":\"ListItem\",\"position\":2,\"name\":\"Pravila privatnosti\"}]},{\"@type\":\"WebSite\",\"@id\":\"https:\/\/mi-hrsak.hr\/#website\",\"url\":\"https:\/\/mi-hrsak.hr\/\",\"name\":\"M.I. Hr\u0161ak\",\"description\":\"\",\"publisher\":{\"@id\":\"https:\/\/mi-hrsak.hr\/#organization\"},\"potentialAction\":[{\"@type\":\"SearchAction\",\"target\":{\"@type\":\"EntryPoint\",\"urlTemplate\":\"https:\/\/mi-hrsak.hr\/?s={search_term_string}\"},\"query-input\":{\"@type\":\"PropertyValueSpecification\",\"valueRequired\":true,\"valueName\":\"search_term_string\"}}],\"inLanguage\":\"de\"},{\"@type\":\"Organization\",\"@id\":\"https:\/\/mi-hrsak.hr\/#organization\",\"name\":\"M.I. Hr\u0161ak\",\"url\":\"https:\/\/mi-hrsak.hr\/\",\"logo\":{\"@type\":\"ImageObject\",\"inLanguage\":\"de\",\"@id\":\"https:\/\/mi-hrsak.hr\/#\/schema\/logo\/image\/\",\"url\":\"https:\/\/mi-hrsak.hr\/wp-content\/uploads\/2025\/03\/M.I.-Hrsak-logo.png\",\"contentUrl\":\"https:\/\/mi-hrsak.hr\/wp-content\/uploads\/2025\/03\/M.I.-Hrsak-logo.png\",\"width\":3444,\"height\":879,\"caption\":\"M.I. Hr\u0161ak\"},\"image\":{\"@id\":\"https:\/\/mi-hrsak.hr\/#\/schema\/logo\/image\/\"}}]}<\/script>\n<!-- \/ Yoast SEO plugin. -->","yoast_head_json":{"title":"Pravila privatnosti - M.I. Hr\u0161ak","robots":{"index":"index","follow":"follow","max-snippet":"max-snippet:-1","max-image-preview":"max-image-preview:large","max-video-preview":"max-video-preview:-1"},"canonical":"https:\/\/mi-hrsak.hr\/de\/pravila-privatnosti\/","og_locale":"de_DE","og_type":"article","og_title":"Pravila privatnosti - M.I. Hr\u0161ak","og_description":"PODACI KOJE PRIKUPLJAMOPristup web stranici mi-hrsak.hr je slobodan i ne tra\u017ei se registracija. Kontaktiranjem putem kontakt-obrazaca ili elektroni\u010dkom po\u0161tom ispunjavate svoje podatke. Ti su podaci dostupni isklju\u010divo stranici mi-hrsak.hr kojima su upu\u0107eni u svrhu rje\u0161avanja va\u0161eg upita. Davanje va\u0161ih osobnih podataka je dobrovoljno. Ne obra\u0111ujemo vi\u0161e osobnih podataka no \u0161to je doista potrebno za odgovaranje [&hellip;]","og_url":"https:\/\/mi-hrsak.hr\/de\/pravila-privatnosti\/","og_site_name":"M.I. Hr\u0161ak","article_modified_time":"2025-04-18T16:47:20+00:00","twitter_card":"summary_large_image","twitter_misc":{"Gesch\u00e4tzte Lesezeit":"3\u00a0Minuten"},"schema":{"@context":"https:\/\/schema.org","@graph":[{"@type":"WebPage","@id":"https:\/\/mi-hrsak.hr\/pravila-privatnosti\/","url":"https:\/\/mi-hrsak.hr\/pravila-privatnosti\/","name":"Pravila privatnosti - M.I. Hr\u0161ak","isPartOf":{"@id":"https:\/\/mi-hrsak.hr\/#website"},"datePublished":"2025-03-20T14:42:24+00:00","dateModified":"2025-04-18T16:47:20+00:00","breadcrumb":{"@id":"https:\/\/mi-hrsak.hr\/pravila-privatnosti\/#breadcrumb"},"inLanguage":"de","potentialAction":[{"@type":"ReadAction","target":["https:\/\/mi-hrsak.hr\/pravila-privatnosti\/"]}]},{"@type":"BreadcrumbList","@id":"https:\/\/mi-hrsak.hr\/pravila-privatnosti\/#breadcrumb","itemListElement":[{"@type":"ListItem","position":1,"name":"Po\u010detna stranica","item":"https:\/\/mi-hrsak.hr\/"},{"@type":"ListItem","position":2,"name":"Pravila privatnosti"}]},{"@type":"WebSite","@id":"https:\/\/mi-hrsak.hr\/#website","url":"https:\/\/mi-hrsak.hr\/","name":"M.I. Hr\u0161ak","description":"","publisher":{"@id":"https:\/\/mi-hrsak.hr\/#organization"},"potentialAction":[{"@type":"SearchAction","target":{"@type":"EntryPoint","urlTemplate":"https:\/\/mi-hrsak.hr\/?s={search_term_string}"},"query-input":{"@type":"PropertyValueSpecification","valueRequired":true,"valueName":"search_term_string"}}],"inLanguage":"de"},{"@type":"Organization","@id":"https:\/\/mi-hrsak.hr\/#organization","name":"M.I. Hr\u0161ak","url":"https:\/\/mi-hrsak.hr\/","logo":{"@type":"ImageObject","inLanguage":"de","@id":"https:\/\/mi-hrsak.hr\/#\/schema\/logo\/image\/","url":"https:\/\/mi-hrsak.hr\/wp-content\/uploads\/2025\/03\/M.I.-Hrsak-logo.png","contentUrl":"https:\/\/mi-hrsak.hr\/wp-content\/uploads\/2025\/03\/M.I.-Hrsak-logo.png","width":3444,"height":879,"caption":"M.I. Hr\u0161ak"},"image":{"@id":"https:\/\/mi-hrsak.hr\/#\/schema\/logo\/image\/"}}]}},"jetpack_sharing_enabled":true,"_links":{"self":[{"href":"https:\/\/mi-hrsak.hr\/de\/wp-json\/wp\/v2\/pages\/3","targetHints":{"allow":["GET"]}}],"collection":[{"href":"https:\/\/mi-hrsak.hr\/de\/wp-json\/wp\/v2\/pages"}],"about":[{"href":"https:\/\/mi-hrsak.hr\/de\/wp-json\/wp\/v2\/types\/page"}],"author":[{"embeddable":true,"href":"https:\/\/mi-hrsak.hr\/de\/wp-json\/wp\/v2\/users\/1"}],"replies":[{"embeddable":true,"href":"https:\/\/mi-hrsak.hr\/de\/wp-json\/wp\/v2\/comments?post=3"}],"version-history":[{"count":5,"href":"https:\/\/mi-hrsak.hr\/de\/wp-json\/wp\/v2\/pages\/3\/revisions"}],"predecessor-version":[{"id":1080,"href":"https:\/\/mi-hrsak.hr\/de\/wp-json\/wp\/v2\/pages\/3\/revisions\/1080"}],"wp:attachment":[{"href":"https:\/\/mi-hrsak.hr\/de\/wp-json\/wp\/v2\/media?parent=3"}],"curies":[{"name":"wp","href":"https:\/\/api.w.org\/{rel}","templated":true}]}}