{"id":193,"date":"2025-03-20T17:05:22","date_gmt":"2025-03-20T16:05:22","guid":{"rendered":"http:\/\/mail.mi-hrsak.hr\/?page_id=193"},"modified":"2025-04-17T14:56:41","modified_gmt":"2025-04-17T12:56:41","slug":"kontakt","status":"publish","type":"page","link":"https:\/\/mi-hrsak.hr\/de\/kontakt\/","title":{"rendered":"Kontakt"},"content":{"rendered":"<div data-elementor-type=\"wp-page\" data-elementor-id=\"193\" class=\"elementor elementor-193\" data-elementor-post-type=\"page\">\n\t\t\t\t<div class=\"elementor-element elementor-element-76e06ed5 animated-slow e-flex e-con-boxed elementor-invisible e-con e-parent\" data-id=\"76e06ed5\" data-element_type=\"container\" data-settings=\"{&quot;background_background&quot;:&quot;classic&quot;,&quot;shape_divider_bottom&quot;:&quot;curve&quot;,&quot;shape_divider_bottom_negative&quot;:&quot;yes&quot;,&quot;animation&quot;:&quot;fadeIn&quot;}\">\n\t\t\t\t\t<div class=\"e-con-inner\">\n\t\t\t\t<div class=\"elementor-shape elementor-shape-bottom\" data-negative=\"true\">\n\t\t\t<svg xmlns=\"http:\/\/www.w3.org\/2000\/svg\" viewbox=\"0 0 1000 100\" preserveaspectratio=\"none\">\n\t<path class=\"elementor-shape-fill\" d=\"M500,97C126.7,96.3,0.8,19.8,0,0v100l1000,0V1C1000,19.4,873.3,97.8,500,97z\"\/>\n<\/svg>\t\t<\/div>\n\t\t<div class=\"elementor-element elementor-element-3a2a1994 e-con-full e-flex e-con e-child\" data-id=\"3a2a1994\" data-element_type=\"container\">\n\t\t<div class=\"elementor-element elementor-element-31f3d65e e-con-full e-flex e-con e-child\" data-id=\"31f3d65e\" data-element_type=\"container\" data-settings=\"{&quot;background_background&quot;:&quot;classic&quot;}\">\n\t\t\t\t<div class=\"elementor-element elementor-element-7a4080 elementor-widget elementor-widget-heading\" data-id=\"7a4080\" data-element_type=\"widget\" data-widget_type=\"heading.default\">\n\t\t\t\t<div class=\"elementor-widget-container\">\n\t\t\t\t\t<h1 class=\"elementor-heading-title elementor-size-default\">Kontaktdaten<\/h1>\t\t\t\t<\/div>\n\t\t\t\t<\/div>\n\t\t\t\t<\/div>\n\t\t\t\t<\/div>\n\t\t\t\t\t<\/div>\n\t\t\t\t<\/div>\n\t\t<div class=\"elementor-element elementor-element-45ca598 e-flex e-con-boxed e-con e-parent\" data-id=\"45ca598\" data-element_type=\"container\" data-settings=\"{&quot;background_background&quot;:&quot;classic&quot;}\">\n\t\t\t\t\t<div class=\"e-con-inner\">\n\t\t<div class=\"elementor-element elementor-element-6c609d6 e-con-full e-flex e-con e-child\" data-id=\"6c609d6\" data-element_type=\"container\">\n\t\t<div class=\"elementor-element elementor-element-5cbec8e e-con-full animated-slow e-flex elementor-invisible e-con e-child\" data-id=\"5cbec8e\" data-element_type=\"container\" data-settings=\"{&quot;background_background&quot;:&quot;classic&quot;,&quot;animation&quot;:&quot;fadeInLeft&quot;}\">\n\t\t\t\t<div class=\"elementor-element elementor-element-1179f04 elementor-widget elementor-widget-heading\" data-id=\"1179f04\" data-element_type=\"widget\" data-widget_type=\"heading.default\">\n\t\t\t\t<div class=\"elementor-widget-container\">\n\t\t\t\t\t<h3 class=\"elementor-heading-title elementor-size-default\">Hintergrundinformationen<\/h3>\t\t\t\t<\/div>\n\t\t\t\t<\/div>\n\t\t\t\t<div class=\"elementor-element elementor-element-07f2169 elementor-position-left elementor-view-default elementor-mobile-position-top elementor-vertical-align-top elementor-widget elementor-widget-icon-box\" data-id=\"07f2169\" data-element_type=\"widget\" data-widget_type=\"icon-box.default\">\n\t\t\t\t<div class=\"elementor-widget-container\">\n\t\t\t\t\t\t\t<div class=\"elementor-icon-box-wrapper\">\n\n\t\t\t\t\t\t<div class=\"elementor-icon-box-icon\">\n\t\t\t\t<a href=\"https:\/\/maps.app.goo.gl\/pbqfpT8eDJPqD9eh9\" target=\"_blank\" class=\"elementor-icon\" tabindex=\"-1\" aria-label=\"Anschrift\">\n\t\t\t\t<i aria-hidden=\"true\" class=\"icon icon-map-marker1\"><\/i>\t\t\t\t<\/a>\n\t\t\t<\/div>\n\t\t\t\n\t\t\t\t\t\t<div class=\"elementor-icon-box-content\">\n\n\t\t\t\t\t\t\t\t\t<h4 class=\"elementor-icon-box-title\">\n\t\t\t\t\t\t<a href=\"https:\/\/maps.app.goo.gl\/pbqfpT8eDJPqD9eh9\" target=\"_blank\" >\n\t\t\t\t\t\t\tAnschrift\t\t\t\t\t\t<\/a>\n\t\t\t\t\t<\/h4>\n\t\t\t\t\n\t\t\t\t\t\t\t\t\t<p class=\"elementor-icon-box-description\">\n\t\t\t\t\t\t<a style=\"color:#fff;\" href=\"https:\/\/maps.app.goo.gl\/pbqfpT8eDJPqD9eh9\" target=\"_blank\">Frana Galovi\u0107a 17, 49000 Kroatien\t\t\t\t\t<\/p>\n\t\t\t\t\n\t\t\t<\/div>\n\t\t\t\n\t\t<\/div>\n\t\t\t\t\t\t<\/div>\n\t\t\t\t<\/div>\n\t\t\t\t<div class=\"elementor-element elementor-element-61c3fee elementor-position-left elementor-view-default elementor-mobile-position-top elementor-vertical-align-top elementor-widget elementor-widget-icon-box\" data-id=\"61c3fee\" data-element_type=\"widget\" data-widget_type=\"icon-box.default\">\n\t\t\t\t<div class=\"elementor-widget-container\">\n\t\t\t\t\t\t\t<div class=\"elementor-icon-box-wrapper\">\n\n\t\t\t\t\t\t<div class=\"elementor-icon-box-icon\">\n\t\t\t\t<a href=\"mailto:prodaja@mi-hrsak.hr\" class=\"elementor-icon\" tabindex=\"-1\" aria-label=\"E-Mail\">\n\t\t\t\t<i aria-hidden=\"true\" class=\"icon icon-email\"><\/i>\t\t\t\t<\/a>\n\t\t\t<\/div>\n\t\t\t\n\t\t\t\t\t\t<div class=\"elementor-icon-box-content\">\n\n\t\t\t\t\t\t\t\t\t<h4 class=\"elementor-icon-box-title\">\n\t\t\t\t\t\t<a href=\"mailto:prodaja@mi-hrsak.hr\" >\n\t\t\t\t\t\t\tE-Mail\t\t\t\t\t\t<\/a>\n\t\t\t\t\t<\/h4>\n\t\t\t\t\n\t\t\t\t\t\t\t\t\t<p class=\"elementor-icon-box-description\">\n\t\t\t\t\t\t<a style=\"color:#fff;\" href=\"mailto:prodaja@mi-hrsak.hr\">prodaja@mi-hrsak.hr<\/a>\t\t\t\t\t<\/p>\n\t\t\t\t\n\t\t\t<\/div>\n\t\t\t\n\t\t<\/div>\n\t\t\t\t\t\t<\/div>\n\t\t\t\t<\/div>\n\t\t\t\t<div class=\"elementor-element elementor-element-aab4619 elementor-position-left elementor-view-default elementor-mobile-position-top elementor-vertical-align-top elementor-widget elementor-widget-icon-box\" data-id=\"aab4619\" data-element_type=\"widget\" data-widget_type=\"icon-box.default\">\n\t\t\t\t<div class=\"elementor-widget-container\">\n\t\t\t\t\t\t\t<div class=\"elementor-icon-box-wrapper\">\n\n\t\t\t\t\t\t<div class=\"elementor-icon-box-icon\">\n\t\t\t\t<a href=\"tel:+38549301940\" class=\"elementor-icon\" tabindex=\"-1\" aria-label=\"Telefon\">\n\t\t\t\t<i aria-hidden=\"true\" class=\"icon icon-phone1\"><\/i>\t\t\t\t<\/a>\n\t\t\t<\/div>\n\t\t\t\n\t\t\t\t\t\t<div class=\"elementor-icon-box-content\">\n\n\t\t\t\t\t\t\t\t\t<h4 class=\"elementor-icon-box-title\">\n\t\t\t\t\t\t<a href=\"tel:+38549301940\" >\n\t\t\t\t\t\t\tTelefon\t\t\t\t\t\t<\/a>\n\t\t\t\t\t<\/h4>\n\t\t\t\t\n\t\t\t\t\t\t\t\t\t<p class=\"elementor-icon-box-description\">\n\t\t\t\t\t\t<a style=\"color:#fff;\" href=\"tel:+38549301940\">049\/301-940<\/a>\t\t\t\t\t<\/p>\n\t\t\t\t\n\t\t\t<\/div>\n\t\t\t\n\t\t<\/div>\n\t\t\t\t\t\t<\/div>\n\t\t\t\t<\/div>\n\t\t\t\t<div class=\"elementor-element elementor-element-27f92fd elementor-position-left elementor-view-default elementor-mobile-position-top elementor-vertical-align-top elementor-widget elementor-widget-icon-box\" data-id=\"27f92fd\" data-element_type=\"widget\" data-widget_type=\"icon-box.default\">\n\t\t\t\t<div class=\"elementor-widget-container\">\n\t\t\t\t\t\t\t<div class=\"elementor-icon-box-wrapper\">\n\n\t\t\t\t\t\t<div class=\"elementor-icon-box-icon\">\n\t\t\t\t<span  class=\"elementor-icon\">\n\t\t\t\t<i aria-hidden=\"true\" class=\"icon icon-clock2\"><\/i>\t\t\t\t<\/span>\n\t\t\t<\/div>\n\t\t\t\n\t\t\t\t\t\t<div class=\"elementor-icon-box-content\">\n\n\t\t\t\t\t\t\t\t\t<h4 class=\"elementor-icon-box-title\">\n\t\t\t\t\t\t<span  >\n\t\t\t\t\t\t\tArbeitszeit\t\t\t\t\t\t<\/span>\n\t\t\t\t\t<\/h4>\n\t\t\t\t\n\t\t\t\t\t\t\t\t\t<p class=\"elementor-icon-box-description\">\n\t\t\t\t\t\tMo-F\u00fcnf: 06:00-16:00 <br>\nUnternummer: 06:00-12:00\t\t\t\t\t<\/p>\n\t\t\t\t\n\t\t\t<\/div>\n\t\t\t\n\t\t<\/div>\n\t\t\t\t\t\t<\/div>\n\t\t\t\t<\/div>\n\t\t\t\t<\/div>\n\t\t<div class=\"elementor-element elementor-element-b78c66f e-con-full animated-slow e-flex elementor-invisible e-con e-child\" data-id=\"b78c66f\" data-element_type=\"container\" data-settings=\"{&quot;background_background&quot;:&quot;gradient&quot;,&quot;animation&quot;:&quot;fadeInRight&quot;}\">\n\t\t\t\t<div class=\"elementor-element elementor-element-b47c698 elementor-widget elementor-widget-heading\" data-id=\"b47c698\" data-element_type=\"widget\" data-widget_type=\"heading.default\">\n\t\t\t\t<div class=\"elementor-widget-container\">\n\t\t\t\t\t<h3 class=\"elementor-heading-title elementor-size-default\">Unsere Standorte<\/h3>\t\t\t\t<\/div>\n\t\t\t\t<\/div>\n\t\t\t\t<div class=\"elementor-element elementor-element-7e81447 elementor-widget elementor-widget-tp-google-map\" data-id=\"7e81447\" data-element_type=\"widget\" data-widget_type=\"tp-google-map.default\">\n\t\t\t\t<div class=\"elementor-widget-container\">\n\t\t\t\t\t<div class=\"pt-plus-adv-gmap\" data-type=\"googlemap\"><div id=\"plus-gmap69ea5db40b0f9\" class=\"pt-plus-adv-map js-el\" data-id=\"plus-gmap69ea5db40b0f9\" data-adv-maps=\"{&quot;style&quot;:[],&quot;places&quot;:[{&quot;address&quot;:&quot;&lt;h6 style=\\&quot;text-align: center;\\&quot;&gt;M.I. Hr\\u0161ak - Uprava&lt;\\\/h6&gt;&lt;p style=\\&quot;text-align: center;\\&quot;&gt;Frana Galovi\\u0107a 17,&lt;br \\\/&gt;49000 Krapina, Republika Hrvatska&lt;\\\/p&gt;&quot;,&quot;latitude&quot;:&quot;46.153553275422404&quot;,&quot;longitude&quot;:&quot;15.873937438849577&quot;,&quot;pin_icon&quot;:&quot;https:\\\/\\\/mi-hrsak.hr\\\/wp-content\\\/uploads\\\/2025\\\/03\\\/pin-e1742491017297.png&quot;,&quot;type&quot;:&quot;full&quot;},{&quot;address&quot;:&quot;&lt;h6 style=\\&quot;text-align: center;\\&quot;&gt;M.I. Hr\\u0161ak - Pogon limarija i sendvi\\u010d paneli&lt;\\\/h6&gt;&lt;p style=\\&quot;text-align: center;\\&quot;&gt;Pristava Krapinska 32A,&lt;br \\\/&gt;49000 Krapina, Republika Hrvatska&lt;\\\/p&gt;&quot;,&quot;latitude&quot;:&quot;46.14052190741773&quot;,&quot;longitude&quot;:&quot;15.876110507942615&quot;,&quot;pin_icon&quot;:&quot;https:\\\/\\\/mi-hrsak.hr\\\/wp-content\\\/uploads\\\/2025\\\/03\\\/pin-e1742491017297.png&quot;,&quot;type&quot;:&quot;full&quot;},{&quot;address&quot;:&quot;&lt;h6 style=\\&quot;text-align: center;\\&quot;&gt;M.I. Hr\\u0161ak - Pogon konstrukcija&lt;\\\/h6&gt;&lt;p style=\\&quot;text-align: center;\\&quot;&gt;Bobovje 52\\\/E,&lt;br \\\/&gt;49000 Krapina, Republika Hrvatska&lt;\\\/p&gt;&quot;,&quot;latitude&quot;:&quot;46.147023201604384&quot;,&quot;longitude&quot;:&quot;15.87288292637004&quot;,&quot;pin_icon&quot;:&quot;https:\\\/\\\/mi-hrsak.hr\\\/wp-content\\\/uploads\\\/2025\\\/03\\\/pin-e1742491017297.png&quot;,&quot;type&quot;:&quot;full&quot;},{&quot;address&quot;:&quot;&lt;h6 class=\\&quot;et_pb_module_header\\&quot; style=\\&quot;text-align: center;\\&quot;&gt;Izdvojeni pogon&lt;\\\/h6&gt;&lt;div&gt;&lt;p style=\\&quot;text-align: center;\\&quot;&gt;Bo\\u017eidara Ad\\u017eije 2,&lt;br \\\/&gt;44000 Sisak, Republika Hrvatska&lt;\\\/p&gt;&lt;\\\/div&gt;&quot;,&quot;latitude&quot;:&quot;45.458218&quot;,&quot;longitude&quot;:&quot;16.390790&quot;,&quot;pin_icon&quot;:&quot;https:\\\/\\\/mi-hrsak.hr\\\/wp-content\\\/uploads\\\/2025\\\/03\\\/pin-e1742491017297.png&quot;,&quot;type&quot;:&quot;full&quot;}],&quot;options&quot;:{&quot;zoom&quot;:7,&quot;scrollwheel&quot;:true,&quot;draggable&quot;:true,&quot;panControl&quot;:true,&quot;zoomControl&quot;:true,&quot;scaleControl&quot;:true,&quot;mapTypeControl&quot;:true,&quot;fullscreenControl&quot;:true,&quot;streetViewControl&quot;:true,&quot;marker_clustering&quot;:false,&quot;mapTypeId&quot;:&quot;ROADMAP&quot;},&quot;onhover&quot;:[],&quot;hidetitle&quot;:[]}\" data-map-style=\"\"  ><\/div><\/div>\t\t\t\t<\/div>\n\t\t\t\t<\/div>\n\t\t\t\t<\/div>\n\t\t\t\t<\/div>\n\t\t\t\t\t<\/div>\n\t\t\t\t<\/div>\n\t\t<div class=\"elementor-element elementor-element-50b3cc2 animated-slow elementor-hidden-desktop elementor-hidden-tablet elementor-hidden-mobile e-flex e-con-boxed elementor-invisible e-con e-parent\" data-id=\"50b3cc2\" data-element_type=\"container\" data-settings=\"{&quot;animation&quot;:&quot;fadeInUp&quot;}\">\n\t\t\t\t\t<div class=\"e-con-inner\">\n\t\t\t\t<div class=\"elementor-element elementor-element-aa6ec41 elementor-widget elementor-widget-heading\" data-id=\"aa6ec41\" data-element_type=\"widget\" data-widget_type=\"heading.default\">\n\t\t\t\t<div class=\"elementor-widget-container\">\n\t\t\t\t\t<h2 class=\"elementor-heading-title elementor-size-default\">Firmenbuchhaltung<\/h2>\t\t\t\t<\/div>\n\t\t\t\t<\/div>\n\t\t<div class=\"elementor-element elementor-element-a475261 e-con-full e-flex e-con e-child\" data-id=\"a475261\" data-element_type=\"container\">\n\t\t<div class=\"elementor-element elementor-element-87ccab7 e-grid e-con-full e-con e-child\" data-id=\"87ccab7\" data-element_type=\"container\">\n\t\t\t\t<div class=\"elementor-element elementor-element-17b3fb9 elementor-widget elementor-widget-text-editor\" data-id=\"17b3fb9\" data-element_type=\"widget\" data-widget_type=\"text-editor.default\">\n\t\t\t\t<div class=\"elementor-widget-container\">\n\t\t\t\t\t\t\t\t\t<h6>Privredna banka Zagreb d.d.<\/h6><p>Radni\u010dka cesta 50, Zagreb<\/p><p>HR6523400091110200434,<\/p><p>SCHWERPUNKT: PBZGHR2X<\/p>\t\t\t\t\t\t\t\t<\/div>\n\t\t\t\t<\/div>\n\t\t\t\t<div class=\"elementor-element elementor-element-a7fe4ae elementor-widget elementor-widget-text-editor\" data-id=\"a7fe4ae\" data-element_type=\"widget\" data-widget_type=\"text-editor.default\">\n\t\t\t\t<div class=\"elementor-widget-container\">\n\t\t\t\t\t\t\t\t\t<h6>Zagreba\u010dka Banka d.d.<\/h6><p>Ban Jelacic Platz 10<\/p><p>HR4723600001102269597,<\/p><p>SWIFT: ZABAHR2X<\/p>\t\t\t\t\t\t\t\t<\/div>\n\t\t\t\t<\/div>\n\t\t\t\t<div class=\"elementor-element elementor-element-f455209 elementor-widget elementor-widget-text-editor\" data-id=\"f455209\" data-element_type=\"widget\" data-widget_type=\"text-editor.default\">\n\t\t\t\t<div class=\"elementor-widget-container\">\n\t\t\t\t\t\t\t\t\t<h6>OTP banka d.d.<\/h6><p>Heimatkrieg 61, Split<\/p><p>HR4324070001100509578,<\/p><p>SWIFT: OTPVHR2X<\/p>\t\t\t\t\t\t\t\t<\/div>\n\t\t\t\t<\/div>\n\t\t\t\t<div class=\"elementor-element elementor-element-5e8e205 elementor-widget elementor-widget-text-editor\" data-id=\"5e8e205\" data-element_type=\"widget\" data-widget_type=\"text-editor.default\">\n\t\t\t\t<div class=\"elementor-widget-container\">\n\t\t\t\t\t\t\t\t\t<h6>Addiko Bank d.d.<\/h6><p>Slavonska avenija 6, Zagreb<\/p><p>HR6125000091101467136,<\/p><p>SWIFT: HAABHR22<\/p>\t\t\t\t\t\t\t\t<\/div>\n\t\t\t\t<\/div>\n\t\t\t\t<\/div>\n\t\t\t\t<\/div>\n\t\t\t\t\t<\/div>\n\t\t\t\t<\/div>\n\t\t\t\t<\/div>","protected":false},"excerpt":{"rendered":"<p>Adresse Frana Galovi\u0107a 17, 49000 Krapina E-Mail prodaja@mi-hrsak.hr Telefon 049\/301-940 \u00d6ffnungszeiten Mo-Fr: 06:00-16:00 Unter: 06:00 - 12:00 Unsere Standorte Konten der Privredna banka Zagreb d.d. Radni\u010dka cesta 50, Zagreb HR6523400091110200434, SWIFT:PBZGHR2X Zagreba\u010dka Banka d.d. Trg bana Josipa Jela\u010di\u0107a 10 HR4723600001102269597, SWIFT: ZABAHR2X OTP banka d.d. Domovinskog rata 61, [...]<\/p>","protected":false},"author":1,"featured_media":0,"parent":0,"menu_order":0,"comment_status":"closed","ping_status":"closed","template":"elementor_header_footer","meta":{"footnotes":""},"class_list":["post-193","page","type-page","status-publish","hentry"],"yoast_head":"<!-- This site is optimized with the Yoast SEO plugin v24.9 - https:\/\/yoast.com\/wordpress\/plugins\/seo\/ -->\n<title>Kontakt - M.I. Hr\u0161ak<\/title>\n<meta name=\"robots\" content=\"index, follow, max-snippet:-1, max-image-preview:large, max-video-preview:-1\" \/>\n<link rel=\"canonical\" href=\"https:\/\/mi-hrsak.hr\/de\/kontakt\/\" \/>\n<meta property=\"og:locale\" content=\"de_DE\" \/>\n<meta property=\"og:type\" content=\"article\" \/>\n<meta property=\"og:title\" content=\"Kontakt - M.I. Hr\u0161ak\" \/>\n<meta property=\"og:description\" content=\"Kontakt podaci Osnovne informacije Adresa Frana Galovi\u0107a 17, 49000 Krapina E-mail prodaja@mi-hrsak.hr Telefon 049\/301-940 Radno vrijeme Pon-Pet: 06:00 \u2013 16:00 Sub: 06:00 \u2013 12:00 Na\u0161e lokacije Ra\u010duni dru\u0161tva Privredna banka Zagreb d.d. Radni\u010dka cesta 50, Zagreb HR6523400091110200434, SWIFT:PBZGHR2X Zagreba\u010dka Banka d.d. Trg bana Josipa Jela\u010di\u0107a 10 HR4723600001102269597, SWIFT: ZABAHR2X OTP banka d.d. Domovinskog rata 61, [&hellip;]\" \/>\n<meta property=\"og:url\" content=\"https:\/\/mi-hrsak.hr\/de\/kontakt\/\" \/>\n<meta property=\"og:site_name\" content=\"M.I. Hr\u0161ak\" \/>\n<meta property=\"article:modified_time\" content=\"2025-04-17T12:56:41+00:00\" \/>\n<meta name=\"twitter:card\" content=\"summary_large_image\" \/>\n<meta name=\"twitter:label1\" content=\"Gesch\u00e4tzte Lesezeit\" \/>\n\t<meta name=\"twitter:data1\" content=\"17\u00a0Minuten\" \/>\n<script type=\"application\/ld+json\" class=\"yoast-schema-graph\">{\"@context\":\"https:\/\/schema.org\",\"@graph\":[{\"@type\":\"WebPage\",\"@id\":\"https:\/\/mi-hrsak.hr\/sl\/kontakt\/\",\"url\":\"https:\/\/mi-hrsak.hr\/sl\/kontakt\/\",\"name\":\"Kontakt - M.I. Hr\u0161ak\",\"isPartOf\":{\"@id\":\"https:\/\/mi-hrsak.hr\/#website\"},\"datePublished\":\"2025-03-20T16:05:22+00:00\",\"dateModified\":\"2025-04-17T12:56:41+00:00\",\"breadcrumb\":{\"@id\":\"https:\/\/mi-hrsak.hr\/sl\/kontakt\/#breadcrumb\"},\"inLanguage\":\"de\",\"potentialAction\":[{\"@type\":\"ReadAction\",\"target\":[\"https:\/\/mi-hrsak.hr\/sl\/kontakt\/\"]}]},{\"@type\":\"BreadcrumbList\",\"@id\":\"https:\/\/mi-hrsak.hr\/sl\/kontakt\/#breadcrumb\",\"itemListElement\":[{\"@type\":\"ListItem\",\"position\":1,\"name\":\"Po\u010detna stranica\",\"item\":\"https:\/\/mi-hrsak.hr\/\"},{\"@type\":\"ListItem\",\"position\":2,\"name\":\"Kontakt\"}]},{\"@type\":\"WebSite\",\"@id\":\"https:\/\/mi-hrsak.hr\/#website\",\"url\":\"https:\/\/mi-hrsak.hr\/\",\"name\":\"M.I. Hr\u0161ak\",\"description\":\"\",\"publisher\":{\"@id\":\"https:\/\/mi-hrsak.hr\/#organization\"},\"potentialAction\":[{\"@type\":\"SearchAction\",\"target\":{\"@type\":\"EntryPoint\",\"urlTemplate\":\"https:\/\/mi-hrsak.hr\/?s={search_term_string}\"},\"query-input\":{\"@type\":\"PropertyValueSpecification\",\"valueRequired\":true,\"valueName\":\"search_term_string\"}}],\"inLanguage\":\"de\"},{\"@type\":\"Organization\",\"@id\":\"https:\/\/mi-hrsak.hr\/#organization\",\"name\":\"M.I. Hr\u0161ak\",\"url\":\"https:\/\/mi-hrsak.hr\/\",\"logo\":{\"@type\":\"ImageObject\",\"inLanguage\":\"de\",\"@id\":\"https:\/\/mi-hrsak.hr\/#\/schema\/logo\/image\/\",\"url\":\"https:\/\/mi-hrsak.hr\/wp-content\/uploads\/2025\/03\/M.I.-Hrsak-logo.png\",\"contentUrl\":\"https:\/\/mi-hrsak.hr\/wp-content\/uploads\/2025\/03\/M.I.-Hrsak-logo.png\",\"width\":3444,\"height\":879,\"caption\":\"M.I. Hr\u0161ak\"},\"image\":{\"@id\":\"https:\/\/mi-hrsak.hr\/#\/schema\/logo\/image\/\"}}]}<\/script>\n<!-- \/ Yoast SEO plugin. -->","yoast_head_json":{"title":"Kontakt - M.I. Hr\u0161ak","robots":{"index":"index","follow":"follow","max-snippet":"max-snippet:-1","max-image-preview":"max-image-preview:large","max-video-preview":"max-video-preview:-1"},"canonical":"https:\/\/mi-hrsak.hr\/de\/kontakt\/","og_locale":"de_DE","og_type":"article","og_title":"Kontakt - M.I. Hr\u0161ak","og_description":"Kontakt podaci Osnovne informacije Adresa Frana Galovi\u0107a 17, 49000 Krapina E-mail prodaja@mi-hrsak.hr Telefon 049\/301-940 Radno vrijeme Pon-Pet: 06:00 \u2013 16:00 Sub: 06:00 \u2013 12:00 Na\u0161e lokacije Ra\u010duni dru\u0161tva Privredna banka Zagreb d.d. Radni\u010dka cesta 50, Zagreb HR6523400091110200434, SWIFT:PBZGHR2X Zagreba\u010dka Banka d.d. Trg bana Josipa Jela\u010di\u0107a 10 HR4723600001102269597, SWIFT: ZABAHR2X OTP banka d.d. Domovinskog rata 61, [&hellip;]","og_url":"https:\/\/mi-hrsak.hr\/de\/kontakt\/","og_site_name":"M.I. Hr\u0161ak","article_modified_time":"2025-04-17T12:56:41+00:00","twitter_card":"summary_large_image","twitter_misc":{"Gesch\u00e4tzte Lesezeit":"17\u00a0Minuten"},"schema":{"@context":"https:\/\/schema.org","@graph":[{"@type":"WebPage","@id":"https:\/\/mi-hrsak.hr\/sl\/kontakt\/","url":"https:\/\/mi-hrsak.hr\/sl\/kontakt\/","name":"Kontakt - M.I. Hr\u0161ak","isPartOf":{"@id":"https:\/\/mi-hrsak.hr\/#website"},"datePublished":"2025-03-20T16:05:22+00:00","dateModified":"2025-04-17T12:56:41+00:00","breadcrumb":{"@id":"https:\/\/mi-hrsak.hr\/sl\/kontakt\/#breadcrumb"},"inLanguage":"de","potentialAction":[{"@type":"ReadAction","target":["https:\/\/mi-hrsak.hr\/sl\/kontakt\/"]}]},{"@type":"BreadcrumbList","@id":"https:\/\/mi-hrsak.hr\/sl\/kontakt\/#breadcrumb","itemListElement":[{"@type":"ListItem","position":1,"name":"Po\u010detna stranica","item":"https:\/\/mi-hrsak.hr\/"},{"@type":"ListItem","position":2,"name":"Kontakt"}]},{"@type":"WebSite","@id":"https:\/\/mi-hrsak.hr\/#website","url":"https:\/\/mi-hrsak.hr\/","name":"M.I. Hr\u0161ak","description":"","publisher":{"@id":"https:\/\/mi-hrsak.hr\/#organization"},"potentialAction":[{"@type":"SearchAction","target":{"@type":"EntryPoint","urlTemplate":"https:\/\/mi-hrsak.hr\/?s={search_term_string}"},"query-input":{"@type":"PropertyValueSpecification","valueRequired":true,"valueName":"search_term_string"}}],"inLanguage":"de"},{"@type":"Organization","@id":"https:\/\/mi-hrsak.hr\/#organization","name":"M.I. Hr\u0161ak","url":"https:\/\/mi-hrsak.hr\/","logo":{"@type":"ImageObject","inLanguage":"de","@id":"https:\/\/mi-hrsak.hr\/#\/schema\/logo\/image\/","url":"https:\/\/mi-hrsak.hr\/wp-content\/uploads\/2025\/03\/M.I.-Hrsak-logo.png","contentUrl":"https:\/\/mi-hrsak.hr\/wp-content\/uploads\/2025\/03\/M.I.-Hrsak-logo.png","width":3444,"height":879,"caption":"M.I. Hr\u0161ak"},"image":{"@id":"https:\/\/mi-hrsak.hr\/#\/schema\/logo\/image\/"}}]}},"jetpack_sharing_enabled":true,"_links":{"self":[{"href":"https:\/\/mi-hrsak.hr\/de\/wp-json\/wp\/v2\/pages\/193","targetHints":{"allow":["GET"]}}],"collection":[{"href":"https:\/\/mi-hrsak.hr\/de\/wp-json\/wp\/v2\/pages"}],"about":[{"href":"https:\/\/mi-hrsak.hr\/de\/wp-json\/wp\/v2\/types\/page"}],"author":[{"embeddable":true,"href":"https:\/\/mi-hrsak.hr\/de\/wp-json\/wp\/v2\/users\/1"}],"replies":[{"embeddable":true,"href":"https:\/\/mi-hrsak.hr\/de\/wp-json\/wp\/v2\/comments?post=193"}],"version-history":[{"count":94,"href":"https:\/\/mi-hrsak.hr\/de\/wp-json\/wp\/v2\/pages\/193\/revisions"}],"predecessor-version":[{"id":1063,"href":"https:\/\/mi-hrsak.hr\/de\/wp-json\/wp\/v2\/pages\/193\/revisions\/1063"}],"wp:attachment":[{"href":"https:\/\/mi-hrsak.hr\/de\/wp-json\/wp\/v2\/media?parent=193"}],"curies":[{"name":"wp","href":"https:\/\/api.w.org\/{rel}","templated":true}]}}