{"id":3,"date":"2025-03-20T15:42:24","date_gmt":"2025-03-20T14:42:24","guid":{"rendered":"http:\/\/mail.mi-hrsak.hr\/?page_id=3"},"modified":"2025-04-18T18:47:20","modified_gmt":"2025-04-18T16:47:20","slug":"pravila-privatnosti","status":"publish","type":"page","link":"https:\/\/mi-hrsak.hr\/cs\/pravila-privatnosti\/","title":{"rendered":"Z\u00e1sady ochrany osobn\u00edch \u00fadaj\u016f"},"content":{"rendered":"<div data-elementor-type=\"wp-page\" data-elementor-id=\"3\" class=\"elementor elementor-3\" data-elementor-post-type=\"page\">\n\t\t\t\t<div class=\"elementor-element elementor-element-66266f2c animated-slow e-flex e-con-boxed elementor-invisible e-con e-parent\" data-id=\"66266f2c\" data-element_type=\"container\" data-settings=\"{&quot;background_background&quot;:&quot;classic&quot;,&quot;shape_divider_bottom&quot;:&quot;curve&quot;,&quot;shape_divider_bottom_negative&quot;:&quot;yes&quot;,&quot;animation&quot;:&quot;fadeIn&quot;}\">\n\t\t\t\t\t<div class=\"e-con-inner\">\n\t\t\t\t<div class=\"elementor-shape elementor-shape-bottom\" data-negative=\"true\">\n\t\t\t<svg xmlns=\"http:\/\/www.w3.org\/2000\/svg\" viewbox=\"0 0 1000 100\" preserveaspectratio=\"none\">\n\t<path class=\"elementor-shape-fill\" d=\"M500,97C126.7,96.3,0.8,19.8,0,0v100l1000,0V1C1000,19.4,873.3,97.8,500,97z\"\/>\n<\/svg>\t\t<\/div>\n\t\t<div class=\"elementor-element elementor-element-5c2bd264 e-con-full e-flex e-con e-child\" data-id=\"5c2bd264\" data-element_type=\"container\">\n\t\t<div class=\"elementor-element elementor-element-6fd6179 e-con-full e-flex e-con e-child\" data-id=\"6fd6179\" data-element_type=\"container\" data-settings=\"{&quot;background_background&quot;:&quot;classic&quot;}\">\n\t\t\t\t<div class=\"elementor-element elementor-element-753e6d35 elementor-widget elementor-widget-heading\" data-id=\"753e6d35\" data-element_type=\"widget\" data-widget_type=\"heading.default\">\n\t\t\t\t<div class=\"elementor-widget-container\">\n\t\t\t\t\t<h1 class=\"elementor-heading-title elementor-size-default\">Z\u00e1sady ochrany osobn\u00edch \u00fadaj\u016f<\/h1>\t\t\t\t<\/div>\n\t\t\t\t<\/div>\n\t\t\t\t<\/div>\n\t\t\t\t<\/div>\n\t\t\t\t\t<\/div>\n\t\t\t\t<\/div>\n\t\t<div class=\"elementor-element elementor-element-31f3109 e-flex e-con-boxed e-con e-parent\" data-id=\"31f3109\" data-element_type=\"container\">\n\t\t\t\t\t<div class=\"e-con-inner\">\n\t\t\t\t<div class=\"elementor-element elementor-element-c7553e9 elementor-widget elementor-widget-text-editor\" data-id=\"c7553e9\" data-element_type=\"widget\" data-widget_type=\"text-editor.default\">\n\t\t\t\t<div class=\"elementor-widget-container\">\n\t\t\t\t\t\t\t\t\t<p><strong>Informace, kter\u00e9 maj\u00ed b\u00fdt shroma\u017e\u010fov\u00e1ny<\/strong><br \/>P\u0159\u00edstup na webov\u00e9 str\u00e1nky mi-hrsak.hr je zdarma a registrace nen\u00ed nutn\u00e1. Kontaktov\u00e1n\u00edm prost\u0159ednictv\u00edm kontaktn\u00edch formul\u00e1\u0159\u016f nebo e-mailem vypl\u0148ujete sv\u00e9 \u00fadaje. Tyto \u00fadaje jsou k dispozici pouze na str\u00e1nk\u00e1ch mi-hrsak.hr, na kter\u00e9 jsou ur\u010deny za \u00fa\u010delem vy\u0159e\u0161en\u00ed va\u0161eho dotazu. Poskytnut\u00ed va\u0161ich osobn\u00edch \u00fadaj\u016f je dobrovoln\u00e9. Nezpracov\u00e1v\u00e1me v\u00edce osobn\u00edch \u00fadaj\u016f, ne\u017e je skute\u010dn\u011b nutn\u00e9 k zodpov\u011bzen\u00ed va\u0161eho dotazu.<\/p><p><strong>OCHRANA VA\u0160ICH OSOBN\u00cdCH \u00daDAJ\u016e<\/strong><br \/>mi-hrsak.hr respektuje va\u0161e soukrom\u00ed a zpracov\u00e1v\u00e1 va\u0161e osobn\u00ed \u00fadaje spravedliv\u011b a z\u00e1konn\u011b. Va\u0161e osobn\u00ed \u00fadaje uchov\u00e1v\u00e1me v elektronick\u00e9 podob\u011b a pro \u00fa\u010dely ochrany pou\u017e\u00edv\u00e1me vhodn\u00e1 technick\u00e1 a organiza\u010dn\u00ed opat\u0159en\u00ed na ochranu osobn\u00edch \u00fadaj\u016f a postupy, kter\u00e9 zabra\u0148uj\u00ed neopr\u00e1vn\u011bn\u00e9mu p\u0159\u00edstupu k osobn\u00edm \u00fadaj\u016fm.<\/p><p><strong>COOKIES<\/strong><br \/>Webov\u00e1 str\u00e1nka www.mi-hrsak.hr pou\u017e\u00edv\u00e1 tzv. \"cookies\". \u201ecookies\u201c), aby bylo mo\u017en\u00e9 poskytovat u\u017eivateli slu\u017ebu s plnou funk\u010dnost\u00ed a nejvy\u0161\u0161\u00ed kvalitou obsahu. Cookies jsou souborem dat generovan\u00fdch webov\u00fdm serverem a ulo\u017een\u00fdch webov\u00fdm prohl\u00ed\u017ee\u010dem na disku u\u017eivatele ve form\u011b mal\u00e9ho textov\u00e9ho souboru. Neust\u00e1le se sna\u017e\u00edme poskytovat na\u0161im u\u017eivatel\u016fm co nejlep\u0161\u00ed u\u017eivatelsk\u00fd z\u00e1\u017eitek, tak\u017ee je t\u0159eba poznamenat, \u017ee na\u0161e webov\u00e9 str\u00e1nky funguj\u00ed optim\u00e1ln\u011b pouze v p\u0159\u00edpad\u011b, \u017ee jsou povoleny soubory cookie. Abychom mohli pou\u017e\u00edvat soubory cookie v souladu se z\u00e1konem o elektronick\u00fdch komunikac\u00edch, z\u00e1konem o ochran\u011b osobn\u00edch \u00fadaj\u016f a sm\u011brnicemi EU, pot\u0159ebujeme v\u00e1\u0161 souhlas. Pou\u017e\u00edv\u00e1n\u00edm t\u00e9to webov\u00e9 str\u00e1nky d\u00e1v\u00e1te sv\u016fj souhlas a souhlas s pou\u017e\u00edv\u00e1n\u00edm soubor\u016f cookie. Blokov\u00e1n\u00edm soubor\u016f cookie m\u016f\u017eete st\u00e1le proch\u00e1zet str\u00e1nky, ale n\u011bkter\u00e9 z jejich funkc\u00ed v\u00e1m nebudou k dispozici.<\/p><p><strong>STAVEBN\u00cd OBSAH S JIN\u00ddMI WEBOV\u00ddMI STR\u00c1NKAMI<\/strong><br \/>\u010cl\u00e1nky na t\u00e9to webov\u00e9 str\u00e1nce mohou obsahovat vlo\u017een\u00fd obsah (nap\u0159. videa, obr\u00e1zky, \u010dl\u00e1nky atd.). Vlo\u017een\u00fd obsah z jin\u00fdch webov\u00fdch str\u00e1nek se chov\u00e1 stejn\u011b, jako kdyby n\u00e1v\u0161t\u011bvn\u00edk nav\u0161t\u00edvil tuto jinou webovou str\u00e1nku.<\/p><p><strong>OCHRANN\u00c1 OPAT\u0158EN\u00cd<\/strong><br \/>Mi-hrsak.hr pou\u017e\u00edv\u00e1 technologick\u00e1 a bezpe\u010dnostn\u00ed opat\u0159en\u00ed, pravidla a dal\u0161\u00ed postupy k ochran\u011b osobn\u00edch \u00fadaj\u016f u\u017eivatel\u016f t\u011bchto str\u00e1nek p\u0159ed neopr\u00e1vn\u011bn\u00fdm p\u0159\u00edstupem, zneu\u017eit\u00edm, zve\u0159ejn\u011bn\u00edm, ztr\u00e1tou nebo zni\u010den\u00edm. Abychom ochr\u00e1nili d\u016fv\u011brnost informac\u00ed o u\u017eivatel\u00edch str\u00e1nek, pou\u017e\u00edv\u00e1me standardn\u00ed bezpe\u010dnostn\u00ed opat\u0159en\u00ed, jako je firewall a ochrana heslem. U\u017eivatel je v\u0161ak povinen zajistit, aby po\u010d\u00edta\u010d, kter\u00fd pou\u017e\u00edv\u00e1, byl tak\u00e9 bezpe\u010dn\u00fd a chr\u00e1n\u011bn\u00fd p\u0159ed \u0161kodliv\u00fdm softwarem, jako jsou trojsk\u00e9 kon\u011b, po\u010d\u00edta\u010dov\u00e9 viry a \u010dervy. U\u017eivatel str\u00e1nek si je v\u011bdom, \u017ee bez odpov\u00eddaj\u00edc\u00edch bezpe\u010dnostn\u00edch opat\u0159en\u00ed (nap\u0159\u00edklad bezpe\u010dn\u00e9 konfigurace internetov\u00e9ho prohl\u00ed\u017ee\u010de, aktualizovan\u00fdch antivirov\u00fdch program\u016f, program\u016f osobn\u00edho firewallu, nepou\u017e\u00edv\u00e1n\u00ed program\u016f z podez\u0159el\u00fdch zdroj\u016f) existuje riziko, \u017ee data a hesla pou\u017eit\u00e1 k zabr\u00e1n\u011bn\u00ed p\u0159\u00edstupu k osobn\u00edm \u00fadaj\u016fm mohou b\u00fdt zp\u0159\u00edstupn\u011bna neopr\u00e1vn\u011bn\u00fdm t\u0159et\u00edm stran\u00e1m.<\/p><p><strong>STATISTIKA PODNIKU<\/strong><br \/>Tato webov\u00e1 str\u00e1nka pou\u017e\u00edv\u00e1 Google Analytics k m\u011b\u0159en\u00ed statistik n\u00e1v\u0161t\u011bvn\u00edk\u016f.<\/p><p><strong>OMEZEN\u00cd ODPOV\u011aDNOSTI<\/strong><br \/>P\u0159esto\u017ee p\u0159ij\u00edm\u00e1me dostupn\u00e1 technick\u00e1 a organiza\u010dn\u00ed opat\u0159en\u00ed, abychom zabr\u00e1nili neopr\u00e1vn\u011bn\u00e9mu zve\u0159ejn\u011bn\u00ed va\u0161ich osobn\u00edch \u00fadaj\u016f, nem\u016f\u017eeme zaru\u010dit, \u017ee n\u011bkter\u00e9 osobn\u00ed \u00fadaje, kter\u00e9 shroma\u017e\u010fujeme, nebudou nikdy n\u00e1hodn\u011b zve\u0159ejn\u011bny, co\u017e je v rozporu s ustanoven\u00edmi t\u011bchto z\u00e1sad ochrany osobn\u00edch \u00fadaj\u016f. V maxim\u00e1ln\u00edm rozsahu povolen\u00e9m z\u00e1konem vylu\u010dujeme odpov\u011bdnost za \u0161kody zp\u016fsoben\u00e9 u\u017eivatel\u016fm nebo t\u0159et\u00edm stran\u00e1m n\u00e1hodn\u00fdm zve\u0159ejn\u011bn\u00edm osobn\u00edch \u00fadaj\u016f.<\/p>\t\t\t\t\t\t\t\t<\/div>\n\t\t\t\t<\/div>\n\t\t\t\t\t<\/div>\n\t\t\t\t<\/div>\n\t\t\t\t<\/div>","protected":false},"excerpt":{"rendered":"<p>P\u0159\u00edstup na webov\u00e9 str\u00e1nky mi-hrsak.hr je zdarma a registrace nen\u00ed nutn\u00e1. Kontaktov\u00e1n\u00edm prost\u0159ednictv\u00edm kontaktn\u00edch formul\u00e1\u0159\u016f nebo e-mailem vypl\u0148ujete sv\u00e9 \u00fadaje. Tyto \u00fadaje jsou k dispozici pouze na str\u00e1nk\u00e1ch mi-hrsak.hr, na kter\u00e9 jsou ur\u010deny za \u00fa\u010delem vy\u0159e\u0161en\u00ed va\u0161eho dotazu. Poskytnut\u00ed va\u0161ich osobn\u00edch \u00fadaj\u016f je dobrovoln\u00e9. Nezpracov\u00e1v\u00e1me v\u00edce osobn\u00edch \u00fadaj\u016f, ne\u017e je skute\u010dn\u011b nutn\u00e9 k zodpov\u011bzen\u00ed [...]<\/p>","protected":false},"author":1,"featured_media":0,"parent":0,"menu_order":0,"comment_status":"closed","ping_status":"closed","template":"elementor_header_footer","meta":{"footnotes":""},"class_list":["post-3","page","type-page","status-publish","hentry"],"yoast_head":"<!-- This site is optimized with the Yoast SEO plugin v24.9 - https:\/\/yoast.com\/wordpress\/plugins\/seo\/ -->\n<title>Pravila privatnosti - M.I. Hr\u0161ak<\/title>\n<meta name=\"robots\" content=\"index, follow, max-snippet:-1, max-image-preview:large, max-video-preview:-1\" \/>\n<link rel=\"canonical\" href=\"https:\/\/mi-hrsak.hr\/cs\/pravila-privatnosti\/\" \/>\n<meta property=\"og:locale\" content=\"cs_CZ\" \/>\n<meta property=\"og:type\" content=\"article\" \/>\n<meta property=\"og:title\" content=\"Pravila privatnosti - M.I. Hr\u0161ak\" \/>\n<meta property=\"og:description\" content=\"PODACI KOJE PRIKUPLJAMOPristup web stranici mi-hrsak.hr je slobodan i ne tra\u017ei se registracija. Kontaktiranjem putem kontakt-obrazaca ili elektroni\u010dkom po\u0161tom ispunjavate svoje podatke. Ti su podaci dostupni isklju\u010divo stranici mi-hrsak.hr kojima su upu\u0107eni u svrhu rje\u0161avanja va\u0161eg upita. Davanje va\u0161ih osobnih podataka je dobrovoljno. Ne obra\u0111ujemo vi\u0161e osobnih podataka no \u0161to je doista potrebno za odgovaranje [&hellip;]\" \/>\n<meta property=\"og:url\" content=\"https:\/\/mi-hrsak.hr\/cs\/pravila-privatnosti\/\" \/>\n<meta property=\"og:site_name\" content=\"M.I. Hr\u0161ak\" \/>\n<meta property=\"article:modified_time\" content=\"2025-04-18T16:47:20+00:00\" \/>\n<meta name=\"twitter:card\" content=\"summary_large_image\" \/>\n<meta name=\"twitter:label1\" content=\"Odhadovan\u00e1 doba \u010dten\u00ed\" \/>\n\t<meta name=\"twitter:data1\" content=\"3 minuty\" \/>\n<script type=\"application\/ld+json\" class=\"yoast-schema-graph\">{\"@context\":\"https:\/\/schema.org\",\"@graph\":[{\"@type\":\"WebPage\",\"@id\":\"https:\/\/mi-hrsak.hr\/pravila-privatnosti\/\",\"url\":\"https:\/\/mi-hrsak.hr\/pravila-privatnosti\/\",\"name\":\"Pravila privatnosti - M.I. Hr\u0161ak\",\"isPartOf\":{\"@id\":\"https:\/\/mi-hrsak.hr\/#website\"},\"datePublished\":\"2025-03-20T14:42:24+00:00\",\"dateModified\":\"2025-04-18T16:47:20+00:00\",\"breadcrumb\":{\"@id\":\"https:\/\/mi-hrsak.hr\/pravila-privatnosti\/#breadcrumb\"},\"inLanguage\":\"cs\",\"potentialAction\":[{\"@type\":\"ReadAction\",\"target\":[\"https:\/\/mi-hrsak.hr\/pravila-privatnosti\/\"]}]},{\"@type\":\"BreadcrumbList\",\"@id\":\"https:\/\/mi-hrsak.hr\/pravila-privatnosti\/#breadcrumb\",\"itemListElement\":[{\"@type\":\"ListItem\",\"position\":1,\"name\":\"Po\u010detna stranica\",\"item\":\"https:\/\/mi-hrsak.hr\/\"},{\"@type\":\"ListItem\",\"position\":2,\"name\":\"Pravila privatnosti\"}]},{\"@type\":\"WebSite\",\"@id\":\"https:\/\/mi-hrsak.hr\/#website\",\"url\":\"https:\/\/mi-hrsak.hr\/\",\"name\":\"M.I. Hr\u0161ak\",\"description\":\"\",\"publisher\":{\"@id\":\"https:\/\/mi-hrsak.hr\/#organization\"},\"potentialAction\":[{\"@type\":\"SearchAction\",\"target\":{\"@type\":\"EntryPoint\",\"urlTemplate\":\"https:\/\/mi-hrsak.hr\/?s={search_term_string}\"},\"query-input\":{\"@type\":\"PropertyValueSpecification\",\"valueRequired\":true,\"valueName\":\"search_term_string\"}}],\"inLanguage\":\"cs\"},{\"@type\":\"Organization\",\"@id\":\"https:\/\/mi-hrsak.hr\/#organization\",\"name\":\"M.I. Hr\u0161ak\",\"url\":\"https:\/\/mi-hrsak.hr\/\",\"logo\":{\"@type\":\"ImageObject\",\"inLanguage\":\"cs\",\"@id\":\"https:\/\/mi-hrsak.hr\/#\/schema\/logo\/image\/\",\"url\":\"https:\/\/mi-hrsak.hr\/wp-content\/uploads\/2025\/03\/M.I.-Hrsak-logo.png\",\"contentUrl\":\"https:\/\/mi-hrsak.hr\/wp-content\/uploads\/2025\/03\/M.I.-Hrsak-logo.png\",\"width\":3444,\"height\":879,\"caption\":\"M.I. Hr\u0161ak\"},\"image\":{\"@id\":\"https:\/\/mi-hrsak.hr\/#\/schema\/logo\/image\/\"}}]}<\/script>\n<!-- \/ Yoast SEO plugin. -->","yoast_head_json":{"title":"Pravila privatnosti - M.I. Hr\u0161ak","robots":{"index":"index","follow":"follow","max-snippet":"max-snippet:-1","max-image-preview":"max-image-preview:large","max-video-preview":"max-video-preview:-1"},"canonical":"https:\/\/mi-hrsak.hr\/cs\/pravila-privatnosti\/","og_locale":"cs_CZ","og_type":"article","og_title":"Pravila privatnosti - M.I. Hr\u0161ak","og_description":"PODACI KOJE PRIKUPLJAMOPristup web stranici mi-hrsak.hr je slobodan i ne tra\u017ei se registracija. Kontaktiranjem putem kontakt-obrazaca ili elektroni\u010dkom po\u0161tom ispunjavate svoje podatke. Ti su podaci dostupni isklju\u010divo stranici mi-hrsak.hr kojima su upu\u0107eni u svrhu rje\u0161avanja va\u0161eg upita. Davanje va\u0161ih osobnih podataka je dobrovoljno. Ne obra\u0111ujemo vi\u0161e osobnih podataka no \u0161to je doista potrebno za odgovaranje [&hellip;]","og_url":"https:\/\/mi-hrsak.hr\/cs\/pravila-privatnosti\/","og_site_name":"M.I. Hr\u0161ak","article_modified_time":"2025-04-18T16:47:20+00:00","twitter_card":"summary_large_image","twitter_misc":{"Odhadovan\u00e1 doba \u010dten\u00ed":"3 minuty"},"schema":{"@context":"https:\/\/schema.org","@graph":[{"@type":"WebPage","@id":"https:\/\/mi-hrsak.hr\/pravila-privatnosti\/","url":"https:\/\/mi-hrsak.hr\/pravila-privatnosti\/","name":"Pravila privatnosti - M.I. Hr\u0161ak","isPartOf":{"@id":"https:\/\/mi-hrsak.hr\/#website"},"datePublished":"2025-03-20T14:42:24+00:00","dateModified":"2025-04-18T16:47:20+00:00","breadcrumb":{"@id":"https:\/\/mi-hrsak.hr\/pravila-privatnosti\/#breadcrumb"},"inLanguage":"cs","potentialAction":[{"@type":"ReadAction","target":["https:\/\/mi-hrsak.hr\/pravila-privatnosti\/"]}]},{"@type":"BreadcrumbList","@id":"https:\/\/mi-hrsak.hr\/pravila-privatnosti\/#breadcrumb","itemListElement":[{"@type":"ListItem","position":1,"name":"Po\u010detna stranica","item":"https:\/\/mi-hrsak.hr\/"},{"@type":"ListItem","position":2,"name":"Pravila privatnosti"}]},{"@type":"WebSite","@id":"https:\/\/mi-hrsak.hr\/#website","url":"https:\/\/mi-hrsak.hr\/","name":"M.I. Hr\u0161ak","description":"","publisher":{"@id":"https:\/\/mi-hrsak.hr\/#organization"},"potentialAction":[{"@type":"SearchAction","target":{"@type":"EntryPoint","urlTemplate":"https:\/\/mi-hrsak.hr\/?s={search_term_string}"},"query-input":{"@type":"PropertyValueSpecification","valueRequired":true,"valueName":"search_term_string"}}],"inLanguage":"cs"},{"@type":"Organization","@id":"https:\/\/mi-hrsak.hr\/#organization","name":"M.I. Hr\u0161ak","url":"https:\/\/mi-hrsak.hr\/","logo":{"@type":"ImageObject","inLanguage":"cs","@id":"https:\/\/mi-hrsak.hr\/#\/schema\/logo\/image\/","url":"https:\/\/mi-hrsak.hr\/wp-content\/uploads\/2025\/03\/M.I.-Hrsak-logo.png","contentUrl":"https:\/\/mi-hrsak.hr\/wp-content\/uploads\/2025\/03\/M.I.-Hrsak-logo.png","width":3444,"height":879,"caption":"M.I. Hr\u0161ak"},"image":{"@id":"https:\/\/mi-hrsak.hr\/#\/schema\/logo\/image\/"}}]}},"jetpack_sharing_enabled":true,"_links":{"self":[{"href":"https:\/\/mi-hrsak.hr\/cs\/wp-json\/wp\/v2\/pages\/3","targetHints":{"allow":["GET"]}}],"collection":[{"href":"https:\/\/mi-hrsak.hr\/cs\/wp-json\/wp\/v2\/pages"}],"about":[{"href":"https:\/\/mi-hrsak.hr\/cs\/wp-json\/wp\/v2\/types\/page"}],"author":[{"embeddable":true,"href":"https:\/\/mi-hrsak.hr\/cs\/wp-json\/wp\/v2\/users\/1"}],"replies":[{"embeddable":true,"href":"https:\/\/mi-hrsak.hr\/cs\/wp-json\/wp\/v2\/comments?post=3"}],"version-history":[{"count":5,"href":"https:\/\/mi-hrsak.hr\/cs\/wp-json\/wp\/v2\/pages\/3\/revisions"}],"predecessor-version":[{"id":1080,"href":"https:\/\/mi-hrsak.hr\/cs\/wp-json\/wp\/v2\/pages\/3\/revisions\/1080"}],"wp:attachment":[{"href":"https:\/\/mi-hrsak.hr\/cs\/wp-json\/wp\/v2\/media?parent=3"}],"curies":[{"name":"wp","href":"https:\/\/api.w.org\/{rel}","templated":true}]}}